{"id":228345,"date":"2025-03-22T16:05:35","date_gmt":"2025-03-22T16:05:35","guid":{"rendered":"https:\/\/aromasentia.com\/product\/kilim-rug-125x80-cm-charcoal\/"},"modified":"2025-12-30T19:56:55","modified_gmt":"2025-12-30T19:56:55","slug":"kelimteppich-125x80-cm-anthrazit","status":"publish","type":"product","link":"https:\/\/aromasentia.com\/de\/kelimteppich-125x80-cm-anthrazit\/","title":{"rendered":"Kelimteppich 125&#215;80 cm &#8211; Anthrazit"},"content":{"rendered":"<p>Diese <strong>Aroma Sentia<\/strong> <strong>Kelim-Teppiche &#8211; <\/strong><strong>Kelim-Teppich 125 x 80 cm &#8211; Anthrazit<\/strong> <strong>sind mit ihrem stufenartigen diagonalen Muster sehr stilvoll und ein Blickfang. Sie bringen Farbe in jeden Raum.<\/p>\n<p>Verleihen Sie Ihren Kunden ein orientalisches Flair zu Hause. Ein Kelim ist ein orientalischer, flach gewebter Teppich. Er wird seit der Antike hergestellt.<\/p>\n<p>Diese kunstvolle, flach gewebte Teppichoptik im Boh\u00e8me-Stil ist ber\u00fchmt, weil die Wolle nicht \u00fcber die gesamte Breite des Teppichs verl\u00e4uft, sondern sich beim Farbwechsel dreht. Das bedeutet, <strong>jeder Teppich hat ein einzigartiges Aussehen<\/strong>. Tribal-inspiriertes Design. Direkt aus der T\u00fcrkei importiert.<\/p>\n<p><span style=\"color: rgb(141, 186, 216);\"><strong>F\u00fcgen Sie diese einzigartige und modische Wohndekoration zu Ihrem E-Shop-Produktportfolio hinzu. Ihre Kunden werden es lieben.<\/strong><\/span><\/p>\n","protected":false},"excerpt":{"rendered":"<p>Diese Aroma Sentia Kelim-Teppiche &#8211; Kelim-Teppich 125 x 80 cm &#8211; Anthrazit sind mit ihrem stufenartigen diagonalen Muster sehr stilvoll und ein Blickfang. Sie bringen Farbe in jeden Raum. Verleihen Sie Ihren Kunden ein orientalisches Flair zu Hause. Ein Kelim ist ein orientalischer, flach gewebter Teppich. Er wird seit der Antike hergestellt. Diese kunstvolle, flach [&hellip;]<\/p>\n","protected":false},"featured_media":369702,"comment_status":"closed","ping_status":"open","template":"","meta":{"_angie_page":false},"product_brand":[],"product_cat":[14451,16871,16872],"product_tag":[],"class_list":{"0":"post-228345","1":"product","2":"type-product","3":"status-publish","4":"has-post-thumbnail","6":"product_cat-haus-und-gartendeko","7":"product_cat-teppiche","8":"product_cat-textilien","9":"pa_collection-kilim-rug-de","10":"pa_made-in-tuerkei","12":"first","13":"instock","14":"purchasable","15":"product-type-simple"},"supplier_id":null,"supplier_sku":"KRug-02","barcode":null,"atum_controlled":true,"out_stock_date":null,"out_stock_threshold":null,"inheritable":false,"inbound_stock":null,"stock_on_hold":0,"sold_today":0,"sales_last_days":0,"reserved_stock":null,"customer_returns":null,"warehouse_damage":null,"lost_in_post":null,"other_logs":null,"out_stock_days":0,"lost_sales":0,"has_location":null,"update_date":"2026-04-27T07:10:28","atum_locations":[],"atum_stock_status":"instock","restock_status":false,"low_stock_amount":"","sales_update_date":"2026-01-30T01:24:57","calc_backorders":null,"_links":{"self":[{"href":"https:\/\/aromasentia.com\/de\/wp-json\/wp\/v2\/product\/228345","targetHints":{"allow":["GET"]}}],"collection":[{"href":"https:\/\/aromasentia.com\/de\/wp-json\/wp\/v2\/product"}],"about":[{"href":"https:\/\/aromasentia.com\/de\/wp-json\/wp\/v2\/types\/product"}],"replies":[{"embeddable":true,"href":"https:\/\/aromasentia.com\/de\/wp-json\/wp\/v2\/comments?post=228345"}],"version-history":[{"count":0,"href":"https:\/\/aromasentia.com\/de\/wp-json\/wp\/v2\/product\/228345\/revisions"}],"wp:featuredmedia":[{"embeddable":true,"href":"https:\/\/aromasentia.com\/de\/wp-json\/wp\/v2\/media\/369702"}],"wp:attachment":[{"href":"https:\/\/aromasentia.com\/de\/wp-json\/wp\/v2\/media?parent=228345"}],"wp:term":[{"taxonomy":"product_brand","embeddable":true,"href":"https:\/\/aromasentia.com\/de\/wp-json\/wp\/v2\/product_brand?post=228345"},{"taxonomy":"product_cat","embeddable":true,"href":"https:\/\/aromasentia.com\/de\/wp-json\/wp\/v2\/product_cat?post=228345"},{"taxonomy":"product_tag","embeddable":true,"href":"https:\/\/aromasentia.com\/de\/wp-json\/wp\/v2\/product_tag?post=228345"}],"curies":[{"name":"wp","href":"https:\/\/api.w.org\/{rel}","templated":true}]}}