{"id":228333,"date":"2025-03-22T16:05:35","date_gmt":"2025-03-22T16:05:35","guid":{"rendered":"https:\/\/aromasentia.com\/product\/kilim-cushion-cover-charcoal\/"},"modified":"2025-12-30T19:56:55","modified_gmt":"2025-12-30T19:56:55","slug":"kilim-cushion-cover-charcoal","status":"publish","type":"product","link":"https:\/\/aromasentia.com\/de\/kilim-cushion-cover-charcoal\/","title":{"rendered":"Kilim Cushion Cover &#8211; Charcoal"},"content":{"rendered":"<p>Verleihen Sie dem Kilim-Kissenbezug &#8211; Charcoal eine raffinierte Textur. Dieser auff\u00e4llige Kissenbezug nutzt die traditionelle Kelim-Weberei und zeigt fesselnde geometrische Designs oder ethnische Muster in einem tiefen Anthrazitgrau, vielleicht mit kontrastierenden Akzenten. Die reiche Textur und der kr\u00e4ftige, neutrale Farbton bringen einen Hauch von moderner Boh\u00e8me oder rustikaler Eleganz in Ihre Einrichtung. Ein langlebiges und stilvolles St\u00fcck, das jedem Raum Tiefe, Kunstfertigkeit und ein Gef\u00fchl von weitgereister Raffinesse verleiht.<\/p>\n","protected":false},"excerpt":{"rendered":"<p>Verleihen Sie dem Kilim-Kissenbezug &#8211; Charcoal eine raffinierte Textur. Dieser auff\u00e4llige Kissenbezug nutzt die traditionelle Kelim-Weberei und zeigt fesselnde geometrische Designs oder ethnische Muster in einem tiefen Anthrazitgrau, vielleicht mit kontrastierenden Akzenten. Die reiche Textur und der kr\u00e4ftige, neutrale Farbton bringen einen Hauch von moderner Boh\u00e8me oder rustikaler Eleganz in Ihre Einrichtung. Ein langlebiges und [&hellip;]<\/p>\n","protected":false},"featured_media":369627,"comment_status":"closed","ping_status":"open","template":"","meta":{"_angie_page":false},"product_brand":[],"product_cat":[14451,17813,16872],"product_tag":[],"class_list":{"0":"post-228333","1":"product","2":"type-product","3":"status-publish","4":"has-post-thumbnail","6":"product_cat-haus-und-gartendeko","7":"product_cat-kissenbezuge","8":"product_cat-textilien","9":"pa_made-in-tuerkei","11":"first","12":"instock","13":"purchasable","14":"product-type-simple"},"supplier_id":null,"supplier_sku":"KCush-02DS","barcode":null,"atum_controlled":true,"out_stock_date":null,"out_stock_threshold":null,"inheritable":false,"inbound_stock":null,"stock_on_hold":0,"sold_today":0,"sales_last_days":0,"reserved_stock":null,"customer_returns":null,"warehouse_damage":null,"lost_in_post":null,"other_logs":null,"out_stock_days":0,"lost_sales":0,"has_location":null,"update_date":"2026-04-27T07:10:19","atum_locations":[],"atum_stock_status":"instock","restock_status":false,"low_stock_amount":"","sales_update_date":"2026-01-30T01:25:48","calc_backorders":null,"_links":{"self":[{"href":"https:\/\/aromasentia.com\/de\/wp-json\/wp\/v2\/product\/228333","targetHints":{"allow":["GET"]}}],"collection":[{"href":"https:\/\/aromasentia.com\/de\/wp-json\/wp\/v2\/product"}],"about":[{"href":"https:\/\/aromasentia.com\/de\/wp-json\/wp\/v2\/types\/product"}],"replies":[{"embeddable":true,"href":"https:\/\/aromasentia.com\/de\/wp-json\/wp\/v2\/comments?post=228333"}],"version-history":[{"count":0,"href":"https:\/\/aromasentia.com\/de\/wp-json\/wp\/v2\/product\/228333\/revisions"}],"wp:featuredmedia":[{"embeddable":true,"href":"https:\/\/aromasentia.com\/de\/wp-json\/wp\/v2\/media\/369627"}],"wp:attachment":[{"href":"https:\/\/aromasentia.com\/de\/wp-json\/wp\/v2\/media?parent=228333"}],"wp:term":[{"taxonomy":"product_brand","embeddable":true,"href":"https:\/\/aromasentia.com\/de\/wp-json\/wp\/v2\/product_brand?post=228333"},{"taxonomy":"product_cat","embeddable":true,"href":"https:\/\/aromasentia.com\/de\/wp-json\/wp\/v2\/product_cat?post=228333"},{"taxonomy":"product_tag","embeddable":true,"href":"https:\/\/aromasentia.com\/de\/wp-json\/wp\/v2\/product_tag?post=228333"}],"curies":[{"name":"wp","href":"https:\/\/api.w.org\/{rel}","templated":true}]}}