{"id":228325,"date":"2025-03-22T16:05:35","date_gmt":"2025-03-22T16:05:35","guid":{"rendered":"https:\/\/aromasentia.com\/product\/round-jute-and-recycle-denim-rug-150-cm\/"},"modified":"2025-12-30T19:56:55","modified_gmt":"2025-12-30T19:56:55","slug":"runder-teppich-aus-jute-und-recycling-denim-150-cm","status":"publish","type":"product","link":"https:\/\/aromasentia.com\/de\/runder-teppich-aus-jute-und-recycling-denim-150-cm\/","title":{"rendered":"Runder Teppich aus Jute und Recycling Denim &#8211; 150 cm"},"content":{"rendered":"<p>Diese handgefertigten Teppiche aus Indien sind wundersch\u00f6n, f\u00fchlen sich weich an und sind strapazierf\u00e4hig.&nbsp;<\/p>\n<p>Hergestellt aus nachhaltiger Jute und recyceltem Baumwoll-Sari-Material oder recycelten Denim-Verschnitten.<\/p>\n<p>Komplett mit AW-Artisan-Handetikett als Nachweis f\u00fcr den fairen Handel dieses Produkts.<\/p>\n<p>Runde Teppiche liegen im Trend, also schlie\u00dfen Sie sich dem Kreis an und bestellen Sie noch heute.&nbsp;<\/p>\n","protected":false},"excerpt":{"rendered":"<p>Diese handgefertigten Teppiche aus Indien sind wundersch\u00f6n, f\u00fchlen sich weich an und sind strapazierf\u00e4hig.&nbsp; Hergestellt aus nachhaltiger Jute und recyceltem Baumwoll-Sari-Material oder recycelten Denim-Verschnitten. Komplett mit AW-Artisan-Handetikett als Nachweis f\u00fcr den fairen Handel dieses Produkts. Runde Teppiche liegen im Trend, also schlie\u00dfen Sie sich dem Kreis an und bestellen Sie noch heute.&nbsp;<\/p>\n","protected":false},"featured_media":369545,"comment_status":"closed","ping_status":"open","template":"","meta":{"_angie_page":false},"product_brand":[],"product_cat":[14451,16871,16872],"product_tag":[],"class_list":{"0":"post-228325","1":"product","2":"type-product","3":"status-publish","4":"has-post-thumbnail","6":"product_cat-haus-und-gartendeko","7":"product_cat-teppiche","8":"product_cat-textilien","9":"pa_collection-round-jute-and-recycled-cotton-rugs-de","10":"pa_made-in-indien","12":"first","13":"instock","14":"purchasable","15":"product-type-simple"},"supplier_id":null,"supplier_sku":"JRug-06","barcode":null,"atum_controlled":true,"out_stock_date":null,"out_stock_threshold":null,"inheritable":false,"inbound_stock":null,"stock_on_hold":0,"sold_today":0,"sales_last_days":0,"reserved_stock":null,"customer_returns":null,"warehouse_damage":null,"lost_in_post":null,"other_logs":null,"out_stock_days":0,"lost_sales":0,"has_location":null,"update_date":"2026-04-27T07:10:13","atum_locations":[],"atum_stock_status":"instock","restock_status":false,"low_stock_amount":"","sales_update_date":"2026-01-20T05:13:51","calc_backorders":null,"_links":{"self":[{"href":"https:\/\/aromasentia.com\/de\/wp-json\/wp\/v2\/product\/228325","targetHints":{"allow":["GET"]}}],"collection":[{"href":"https:\/\/aromasentia.com\/de\/wp-json\/wp\/v2\/product"}],"about":[{"href":"https:\/\/aromasentia.com\/de\/wp-json\/wp\/v2\/types\/product"}],"replies":[{"embeddable":true,"href":"https:\/\/aromasentia.com\/de\/wp-json\/wp\/v2\/comments?post=228325"}],"version-history":[{"count":0,"href":"https:\/\/aromasentia.com\/de\/wp-json\/wp\/v2\/product\/228325\/revisions"}],"wp:featuredmedia":[{"embeddable":true,"href":"https:\/\/aromasentia.com\/de\/wp-json\/wp\/v2\/media\/369545"}],"wp:attachment":[{"href":"https:\/\/aromasentia.com\/de\/wp-json\/wp\/v2\/media?parent=228325"}],"wp:term":[{"taxonomy":"product_brand","embeddable":true,"href":"https:\/\/aromasentia.com\/de\/wp-json\/wp\/v2\/product_brand?post=228325"},{"taxonomy":"product_cat","embeddable":true,"href":"https:\/\/aromasentia.com\/de\/wp-json\/wp\/v2\/product_cat?post=228325"},{"taxonomy":"product_tag","embeddable":true,"href":"https:\/\/aromasentia.com\/de\/wp-json\/wp\/v2\/product_tag?post=228325"}],"curies":[{"name":"wp","href":"https:\/\/api.w.org\/{rel}","templated":true}]}}