{"id":228269,"date":"2025-03-22T16:05:35","date_gmt":"2025-03-22T16:05:35","guid":{"rendered":"https:\/\/aromasentia.com\/product\/molten-glass-on-xlarge-double-stand-70cm\/"},"modified":"2025-12-30T19:56:39","modified_gmt":"2025-12-30T19:56:39","slug":"vidrio-molton-en-soporte-doble-extragrande-70-cm","status":"publish","type":"product","link":"https:\/\/aromasentia.com\/de\/vidrio-molton-en-soporte-doble-extragrande-70-cm\/","title":{"rendered":"Vidrio Molton en soporte doble extragrande &#8211; 70 cm"},"content":{"rendered":"<p>AW handgefertigtes geschmolzenes Glas auf Holz ist wahrscheinlich der gr\u00f6\u00dfte Trend aus Bali seit Jahren, in Holland bereits ein riesiger Trend. Alles, was mit Zimmerpflanzen und Nat\u00fcrlichkeit zu tun hat, liegt voll im Trend, und dieses sch\u00f6ne und nat\u00fcrliche Produkt liegt genau richtig.&nbsp;<\/p>\n<p>Dieses atemberaubende <strong>geschmolzene Glas auf einem XLarge-Doppelst\u00e4nder \u2013 70 cm<\/strong> wurde auf Bali von Hand aus recyceltem Glas und balinesischem Gamal-Holz gefertigt und vereint das Beste aus zwei Welten: nat\u00fcrlich und k\u00fcnstlich; erdig und schick; praktisch und spirituell. Das Glas ist mundgeblasen und wird, noch hei\u00df, \u00fcber ein St\u00fcck Gamal-Wurzel gelegt, wodurch das Glas aush\u00e4rtet und die Form des Holzes annimmt, um eine perfekte Passform zu gew\u00e4hrleisten.&nbsp;<\/p>\n<p>Es wird aus einem Naturprodukt mit Handwerkzeugen auf traditionelle balinesische Weise gefertigt. Jeder Artikel ist ein Unikat, da er aus nat\u00fcrlichem, nachhaltigem Gamal-Holz hergestellt wird und das recycelte Glas passend geformt ist, was seine Authentizit\u00e4t unterstreicht. Ihre Kunden werden es lieben.<\/p>\n<p>Holen Sie sich die Natur ins Haus mit diesen wundersch\u00f6nen (und erschwinglichen) Naturkunstwerken, die Ihre Kunden unbedingt besitzen wollen.<\/p>\n<p><strong>Bitte beachten: Da dieses Produkt handgefertigt ist, kann es kleine Unvollkommenheiten im Glas geben, wie z. B. kleine Blasen und leichte Kratzer. Gr\u00f6\u00dfen und Designs k\u00f6nnen leicht variieren.<\/strong><\/p>\n<p><span style=\"color: rgb(141, 186, 216);\"><strong>Erstellen Sie eine sch\u00f6ne nat\u00fcrliche Pr\u00e4sentation und steigern Sie Ihren Umsatz. F\u00fcgen Sie sie Ihrem Portfolio hinzu und bestellen Sie noch heute.<\/strong><\/span><\/p>\n","protected":false},"excerpt":{"rendered":"<p>AW handgefertigtes geschmolzenes Glas auf Holz ist wahrscheinlich der gr\u00f6\u00dfte Trend aus Bali seit Jahren, in Holland bereits ein riesiger Trend. Alles, was mit Zimmerpflanzen und Nat\u00fcrlichkeit zu tun hat, liegt voll im Trend, und dieses sch\u00f6ne und nat\u00fcrliche Produkt liegt genau richtig.&nbsp; Dieses atemberaubende geschmolzene Glas auf einem XLarge-Doppelst\u00e4nder \u2013 70 cm wurde auf [&hellip;]<\/p>\n","protected":false},"featured_media":372007,"comment_status":"closed","ping_status":"open","template":"","meta":{"_angie_page":false},"product_brand":[],"product_cat":[17577,14451],"product_tag":[],"class_list":{"0":"post-228269","1":"product","2":"type-product","3":"status-publish","4":"has-post-thumbnail","6":"product_cat-glasdekor","7":"product_cat-haus-und-gartendeko","8":"pa_collection-molten-glass-on-wood-de","9":"pa_made-in-indonesien","11":"first","12":"instock","13":"purchasable","14":"product-type-simple"},"supplier_id":null,"supplier_sku":"MGW-11","barcode":null,"atum_controlled":true,"out_stock_date":null,"out_stock_threshold":null,"inheritable":false,"inbound_stock":null,"stock_on_hold":0,"sold_today":0,"sales_last_days":0,"reserved_stock":null,"customer_returns":null,"warehouse_damage":null,"lost_in_post":null,"other_logs":null,"out_stock_days":0,"lost_sales":0,"has_location":null,"update_date":"2026-05-08T05:13:10","atum_locations":[],"atum_stock_status":"instock","restock_status":false,"low_stock_amount":"","sales_update_date":"2025-09-05T00:29:27","calc_backorders":null,"_links":{"self":[{"href":"https:\/\/aromasentia.com\/de\/wp-json\/wp\/v2\/product\/228269","targetHints":{"allow":["GET"]}}],"collection":[{"href":"https:\/\/aromasentia.com\/de\/wp-json\/wp\/v2\/product"}],"about":[{"href":"https:\/\/aromasentia.com\/de\/wp-json\/wp\/v2\/types\/product"}],"replies":[{"embeddable":true,"href":"https:\/\/aromasentia.com\/de\/wp-json\/wp\/v2\/comments?post=228269"}],"version-history":[{"count":0,"href":"https:\/\/aromasentia.com\/de\/wp-json\/wp\/v2\/product\/228269\/revisions"}],"wp:featuredmedia":[{"embeddable":true,"href":"https:\/\/aromasentia.com\/de\/wp-json\/wp\/v2\/media\/372007"}],"wp:attachment":[{"href":"https:\/\/aromasentia.com\/de\/wp-json\/wp\/v2\/media?parent=228269"}],"wp:term":[{"taxonomy":"product_brand","embeddable":true,"href":"https:\/\/aromasentia.com\/de\/wp-json\/wp\/v2\/product_brand?post=228269"},{"taxonomy":"product_cat","embeddable":true,"href":"https:\/\/aromasentia.com\/de\/wp-json\/wp\/v2\/product_cat?post=228269"},{"taxonomy":"product_tag","embeddable":true,"href":"https:\/\/aromasentia.com\/de\/wp-json\/wp\/v2\/product_tag?post=228269"}],"curies":[{"name":"wp","href":"https:\/\/api.w.org\/{rel}","templated":true}]}}