{"id":228237,"date":"2025-03-22T16:05:35","date_gmt":"2025-03-22T16:05:35","guid":{"rendered":"https:\/\/aromasentia.com\/product\/molten-glass-on-whitewash-wood-medium-bowl-2\/"},"modified":"2025-12-30T19:56:39","modified_gmt":"2025-12-30T19:56:39","slug":"geschmolzenes-glas-auf-gebleichtem-holz-mittlere-schale","status":"publish","type":"product","link":"https:\/\/aromasentia.com\/de\/geschmolzenes-glas-auf-gebleichtem-holz-mittlere-schale\/","title":{"rendered":"Geschmolzenes Glas auf gebleichtem Holz \u2013 mittlere Schale"},"content":{"rendered":"<p><span style=\"color: rgb(75, 80, 88);\">Auf Bali von Hand aus recyceltem Glas und balinesischem Gamal-Holz gefertigt. Diese atemberaubende <strong>Aroma Sentia<\/strong> <strong>geschmolzenes Glas auf wei\u00dfgewaschenem Holz &#8211; mittelgro\u00dfe Schale<\/strong> vereint das Beste aus zwei Welten: nat\u00fcrlich und k\u00fcnstlich, erdig und schick, praktisch und spirituell. Das Glas ist mundgeblasen und wird noch hei\u00df \u00fcber ein St\u00fcck Gamal-Wurzel gelegt, wodurch das Glas aush\u00e4rtet und die Form des Holzes annimmt, wodurch eine perfekte Passform gew\u00e4hrleistet wird.<\/span><\/p>\n<p><span style=\"color: rgb(75, 80, 88);\">Sie werden aus einem Naturprodukt mit Handwerkzeugen auf traditionelle balinesische Weise gefertigt. Jeder Artikel ist ein Unikat, da er aus nat\u00fcrlichem, nachhaltigem Gamal-Holz hergestellt wird und das recycelte Glas passend geformt wird, was seine Authentizit\u00e4t unterstreicht. Ihre Kunden werden es lieben. Holen Sie sich die Natur ins Haus mit diesen wundersch\u00f6nen (und erschwinglichen) Naturkunstwerken, die Ihre Kunden unbedingt besitzen m\u00f6chten.&nbsp;<\/span><\/p>\n<p><strong><span style=\"color: rgb(75, 80, 88);\">Bitte beachten Sie: Da dieses Produkt handgefertigt ist, k\u00f6nnen kleine Unvollkommenheiten im Glas auftreten, wie z. B. kleine Blasen und leichte Kratzer. Meistens einzeln sicher verpackt.&nbsp;<\/span><\/strong><\/p>\n<p><strong><span style=\"color: rgb(75, 80, 88);\"><span style=\"color: rgb(141, 186, 216);\"><strong>Ihre Kunden werden dieses Produkt lieben. Bestellen Sie noch heute?<\/strong><\/span><\/span><\/strong><\/p>\n","protected":false},"excerpt":{"rendered":"<p>Auf Bali von Hand aus recyceltem Glas und balinesischem Gamal-Holz gefertigt. Diese atemberaubende Aroma Sentia geschmolzenes Glas auf wei\u00dfgewaschenem Holz &#8211; mittelgro\u00dfe Schale vereint das Beste aus zwei Welten: nat\u00fcrlich und k\u00fcnstlich, erdig und schick, praktisch und spirituell. Das Glas ist mundgeblasen und wird noch hei\u00df \u00fcber ein St\u00fcck Gamal-Wurzel gelegt, wodurch das Glas aush\u00e4rtet [&hellip;]<\/p>\n","protected":false},"featured_media":371615,"comment_status":"closed","ping_status":"open","template":"","meta":{"_angie_page":false},"product_brand":[],"product_cat":[17577,14451],"product_tag":[],"class_list":{"0":"post-228237","1":"product","2":"type-product","3":"status-publish","4":"has-post-thumbnail","6":"product_cat-glasdekor","7":"product_cat-haus-und-gartendeko","8":"pa_collection-molten-glass-on-wood-de","9":"pa_made-in-indonesien","11":"first","12":"instock","13":"purchasable","14":"product-type-simple"},"supplier_id":null,"supplier_sku":"MGW-14","barcode":null,"atum_controlled":true,"out_stock_date":null,"out_stock_threshold":null,"inheritable":false,"inbound_stock":null,"stock_on_hold":0,"sold_today":0,"sales_last_days":0,"reserved_stock":null,"customer_returns":null,"warehouse_damage":null,"lost_in_post":null,"other_logs":null,"out_stock_days":0,"lost_sales":0,"has_location":null,"update_date":"2026-04-27T07:12:41","atum_locations":[],"atum_stock_status":"instock","restock_status":false,"low_stock_amount":"","sales_update_date":"2025-09-05T00:29:26","calc_backorders":null,"_links":{"self":[{"href":"https:\/\/aromasentia.com\/de\/wp-json\/wp\/v2\/product\/228237","targetHints":{"allow":["GET"]}}],"collection":[{"href":"https:\/\/aromasentia.com\/de\/wp-json\/wp\/v2\/product"}],"about":[{"href":"https:\/\/aromasentia.com\/de\/wp-json\/wp\/v2\/types\/product"}],"replies":[{"embeddable":true,"href":"https:\/\/aromasentia.com\/de\/wp-json\/wp\/v2\/comments?post=228237"}],"version-history":[{"count":0,"href":"https:\/\/aromasentia.com\/de\/wp-json\/wp\/v2\/product\/228237\/revisions"}],"wp:featuredmedia":[{"embeddable":true,"href":"https:\/\/aromasentia.com\/de\/wp-json\/wp\/v2\/media\/371615"}],"wp:attachment":[{"href":"https:\/\/aromasentia.com\/de\/wp-json\/wp\/v2\/media?parent=228237"}],"wp:term":[{"taxonomy":"product_brand","embeddable":true,"href":"https:\/\/aromasentia.com\/de\/wp-json\/wp\/v2\/product_brand?post=228237"},{"taxonomy":"product_cat","embeddable":true,"href":"https:\/\/aromasentia.com\/de\/wp-json\/wp\/v2\/product_cat?post=228237"},{"taxonomy":"product_tag","embeddable":true,"href":"https:\/\/aromasentia.com\/de\/wp-json\/wp\/v2\/product_tag?post=228237"}],"curies":[{"name":"wp","href":"https:\/\/api.w.org\/{rel}","templated":true}]}}