{"id":228225,"date":"2025-03-22T16:05:46","date_gmt":"2025-03-22T16:05:46","guid":{"rendered":"https:\/\/aromasentia.com\/product\/set-4-pampus-long-broom-natural-colours\/"},"modified":"2025-12-30T19:56:31","modified_gmt":"2025-12-30T19:56:31","slug":"set-4-pampus-long-broom-natural-colours","status":"publish","type":"product","link":"https:\/\/aromasentia.com\/de\/set-4-pampus-long-broom-natural-colours\/","title":{"rendered":"Set 4 &#8211; Pampus Long Broom &#8211; Natural colours"},"content":{"rendered":"<p>Erh\u00f6hen Sie Ihr Heimdekor mit diesen atemberaubenden und rustikalen <strong>Gro\u00dfhandels-Pampasbesen<\/strong>, die aus <strong>umweltfreundlichen Materialien<\/strong> hergestellt werden. Diese trendigen Besen sind sicher ein Hit in Ihrem Gesch\u00e4ft.<\/p>\n<p>Verbessern Sie den Charme Ihres Wohnzimmers oder Flurs, indem Sie Ihre W\u00e4nde mit diesen einzigartigen St\u00fccken schm\u00fccken.<\/p>\n<p>Bitte beachten Sie, dass die Besenstiele und Borsten aufgrund der Verwendung nat\u00fcrlicher Materialien leichte Abweichungen von der Abbildung aufweisen k\u00f6nnen.<\/p>\n<p><strong>Lassen Sie sich diese fantastischen Dekoartikel nicht entgehen. Bestellen Sie jetzt, um sie in Ihrem Gesch\u00e4ft vorr\u00e4tig zu haben.<\/strong><\/p>\n<p>Ungef\u00e4hre Ma\u00dfe:<\/p>\n<p>Gr\u00f6\u00dfe: 55 x 14 cm <\/p>\n<p>Aufgrund der manuellen Produktion und der Verwendung von Naturmaterialien k\u00f6nnen die Ma\u00dfe variieren.<\/p>\n","protected":false},"excerpt":{"rendered":"<p>Erh\u00f6hen Sie Ihr Heimdekor mit diesen atemberaubenden und rustikalen Gro\u00dfhandels-Pampasbesen, die aus umweltfreundlichen Materialien hergestellt werden. Diese trendigen Besen sind sicher ein Hit in Ihrem Gesch\u00e4ft. Verbessern Sie den Charme Ihres Wohnzimmers oder Flurs, indem Sie Ihre W\u00e4nde mit diesen einzigartigen St\u00fccken schm\u00fccken. Bitte beachten Sie, dass die Besenstiele und Borsten aufgrund der Verwendung nat\u00fcrlicher [&hellip;]<\/p>\n","protected":false},"featured_media":374775,"comment_status":"closed","ping_status":"open","template":"","meta":{"_angie_page":false},"product_brand":[],"product_cat":[16895,14451],"product_tag":[],"class_list":{"0":"post-228225","1":"product","2":"type-product","3":"status-publish","4":"has-post-thumbnail","6":"product_cat-dekoration","7":"product_cat-haus-und-gartendeko","8":"pa_collection-natural-pampus-broom-de","9":"pa_made-in-indonesien","11":"first","12":"instock","13":"purchasable","14":"product-type-simple"},"supplier_id":null,"supplier_sku":"NPB-02","barcode":null,"atum_controlled":true,"out_stock_date":null,"out_stock_threshold":null,"inheritable":false,"inbound_stock":null,"stock_on_hold":0,"sold_today":0,"sales_last_days":0,"reserved_stock":null,"customer_returns":null,"warehouse_damage":null,"lost_in_post":null,"other_logs":null,"out_stock_days":0,"lost_sales":0,"has_location":null,"update_date":"2026-04-27T07:15:31","atum_locations":[],"atum_stock_status":"instock","restock_status":false,"low_stock_amount":"","sales_update_date":"2026-01-30T01:24:30","calc_backorders":null,"_links":{"self":[{"href":"https:\/\/aromasentia.com\/de\/wp-json\/wp\/v2\/product\/228225","targetHints":{"allow":["GET"]}}],"collection":[{"href":"https:\/\/aromasentia.com\/de\/wp-json\/wp\/v2\/product"}],"about":[{"href":"https:\/\/aromasentia.com\/de\/wp-json\/wp\/v2\/types\/product"}],"replies":[{"embeddable":true,"href":"https:\/\/aromasentia.com\/de\/wp-json\/wp\/v2\/comments?post=228225"}],"version-history":[{"count":0,"href":"https:\/\/aromasentia.com\/de\/wp-json\/wp\/v2\/product\/228225\/revisions"}],"wp:featuredmedia":[{"embeddable":true,"href":"https:\/\/aromasentia.com\/de\/wp-json\/wp\/v2\/media\/374775"}],"wp:attachment":[{"href":"https:\/\/aromasentia.com\/de\/wp-json\/wp\/v2\/media?parent=228225"}],"wp:term":[{"taxonomy":"product_brand","embeddable":true,"href":"https:\/\/aromasentia.com\/de\/wp-json\/wp\/v2\/product_brand?post=228225"},{"taxonomy":"product_cat","embeddable":true,"href":"https:\/\/aromasentia.com\/de\/wp-json\/wp\/v2\/product_cat?post=228225"},{"taxonomy":"product_tag","embeddable":true,"href":"https:\/\/aromasentia.com\/de\/wp-json\/wp\/v2\/product_tag?post=228225"}],"curies":[{"name":"wp","href":"https:\/\/api.w.org\/{rel}","templated":true}]}}