{"id":228217,"date":"2025-03-22T16:05:46","date_gmt":"2025-03-22T16:05:46","guid":{"rendered":"https:\/\/aromasentia.com\/product\/set-4-pampas-fan-broom-natural-mixed-sizes\/"},"modified":"2025-12-30T19:56:31","modified_gmt":"2025-12-30T19:56:31","slug":"set-4-pampas-fan-broom-natural-mixed-sizes","status":"publish","type":"product","link":"https:\/\/aromasentia.com\/de\/set-4-pampas-fan-broom-natural-mixed-sizes\/","title":{"rendered":"Set 4 &#8211; Pampas Fan Broom &#8211; Natural mixed sizes"},"content":{"rendered":"<p>Diese <strong>Gro\u00dfhandels-Pampusbesen<\/strong> sind mit ihrem <strong>sch\u00f6nen und rustikalen Design eine gro\u00dfartige Erg\u00e4nzung f\u00fcr jedes Zuhause.Hergestellt aus umweltfreundlichen Materialien,<\/p>\n<p>einschlie\u00dflich exotischem Pampasgras, <strong>sind diese Besen im Trend und leicht zu verkaufen.<\/strong><\/p>\n<p>Sie k\u00f6nnen Ihr Wohnzimmer oder Ihren Flur mit ihrem einzigartigen Charme aufwerten, indem Sie sie an die Wand h\u00e4ngen.<\/p>\n<p>Bitte beachten Sie, dass aufgrund der verwendeten Naturmaterialien der Besenstiel oder die Borsten leicht von der Abbildung abweichen k\u00f6nnen.<\/p>\n<p><strong>Bestellen Sie jetzt, um diese erstaunlichen Home D&eacute;cor&nbsp;-Produkte in Ihr Gesch\u00e4ft aufzunehmen.<\/strong><\/p>\n<p><strong><em>Ungef\u00e4hr. Abmessungen (gr\u00f6\u00dfte zuerst):<\/em><\/strong><\/p>\n<p><em>38x18cm, 34x15cm, 30x18cm, 28x15cm<\/em><\/p>\n<p><em>Aufgrund der manuellen Produktion und der Verwendung von nat\u00fcrlichen Materialien k\u00f6nnen die Abmessungen variieren.<\/em><\/p>\n","protected":false},"excerpt":{"rendered":"<p>Diese Gro\u00dfhandels-Pampusbesen sind mit ihrem sch\u00f6nen und rustikalen Design eine gro\u00dfartige Erg\u00e4nzung f\u00fcr jedes Zuhause.Hergestellt aus umweltfreundlichen Materialien, einschlie\u00dflich exotischem Pampasgras, sind diese Besen im Trend und leicht zu verkaufen. Sie k\u00f6nnen Ihr Wohnzimmer oder Ihren Flur mit ihrem einzigartigen Charme aufwerten, indem Sie sie an die Wand h\u00e4ngen. Bitte beachten Sie, dass aufgrund der [&hellip;]<\/p>\n","protected":false},"featured_media":374733,"comment_status":"closed","ping_status":"open","template":"","meta":{"_angie_page":false},"product_brand":[],"product_cat":[16895,14451],"product_tag":[],"class_list":{"0":"post-228217","1":"product","2":"type-product","3":"status-publish","4":"has-post-thumbnail","6":"product_cat-dekoration","7":"product_cat-haus-und-gartendeko","8":"pa_collection-natural-pampus-broom-de","9":"pa_made-in-indonesien","11":"first","12":"instock","13":"purchasable","14":"product-type-simple"},"supplier_id":null,"supplier_sku":"NPB-05","barcode":null,"atum_controlled":true,"out_stock_date":null,"out_stock_threshold":null,"inheritable":false,"inbound_stock":null,"stock_on_hold":0,"sold_today":0,"sales_last_days":0,"reserved_stock":null,"customer_returns":null,"warehouse_damage":null,"lost_in_post":null,"other_logs":null,"out_stock_days":0,"lost_sales":0,"has_location":null,"update_date":"2026-05-02T03:18:25","atum_locations":[],"atum_stock_status":"instock","restock_status":false,"low_stock_amount":"","sales_update_date":"2026-01-30T01:24:26","calc_backorders":null,"_links":{"self":[{"href":"https:\/\/aromasentia.com\/de\/wp-json\/wp\/v2\/product\/228217","targetHints":{"allow":["GET"]}}],"collection":[{"href":"https:\/\/aromasentia.com\/de\/wp-json\/wp\/v2\/product"}],"about":[{"href":"https:\/\/aromasentia.com\/de\/wp-json\/wp\/v2\/types\/product"}],"replies":[{"embeddable":true,"href":"https:\/\/aromasentia.com\/de\/wp-json\/wp\/v2\/comments?post=228217"}],"version-history":[{"count":0,"href":"https:\/\/aromasentia.com\/de\/wp-json\/wp\/v2\/product\/228217\/revisions"}],"wp:featuredmedia":[{"embeddable":true,"href":"https:\/\/aromasentia.com\/de\/wp-json\/wp\/v2\/media\/374733"}],"wp:attachment":[{"href":"https:\/\/aromasentia.com\/de\/wp-json\/wp\/v2\/media?parent=228217"}],"wp:term":[{"taxonomy":"product_brand","embeddable":true,"href":"https:\/\/aromasentia.com\/de\/wp-json\/wp\/v2\/product_brand?post=228217"},{"taxonomy":"product_cat","embeddable":true,"href":"https:\/\/aromasentia.com\/de\/wp-json\/wp\/v2\/product_cat?post=228217"},{"taxonomy":"product_tag","embeddable":true,"href":"https:\/\/aromasentia.com\/de\/wp-json\/wp\/v2\/product_tag?post=228217"}],"curies":[{"name":"wp","href":"https:\/\/api.w.org\/{rel}","templated":true}]}}