{"id":228213,"date":"2025-03-22T16:05:46","date_gmt":"2025-03-22T16:05:46","guid":{"rendered":"https:\/\/aromasentia.com\/product\/set-4-pampas-broom-natural\/"},"modified":"2025-12-30T19:56:31","modified_gmt":"2025-12-30T19:56:31","slug":"set-4-pampas-ginster-natur","status":"publish","type":"product","link":"https:\/\/aromasentia.com\/de\/set-4-pampas-ginster-natur\/","title":{"rendered":"Set 4 &#8211; Pampas-Ginster &#8211; Natur"},"content":{"rendered":"<p>Diese sch\u00f6nen <strong>Gro\u00dfhandel Natural &nbsp;Pampas Besen<\/strong> sind gro\u00dfartig als dekorative St\u00fccke in Ihrem Haus h\u00e4ngen. Sie k\u00f6nnen das rustikale Design verst\u00e4rken, indem Sie sie an die Wand im Wohnzimmer oder im Flur h\u00e4ngen. <\/p>\n<p>Umweltfreundliche Materialien liegen voll im Trend, besonders Produkte aus exotischem Pampasgras sind modisch und leicht zu verkaufen.<\/p>\n<p>Diese B\u00fcrste ist handgefertigt aus getrocknetem Pampas. Sie ist nicht nur n\u00fctzlich als B\u00fcrste, sondern auch dekorativ, perfekt f\u00fcr die Verwendung als Wandkunst oder zur Versch\u00f6nerung jedes Raumes in der Wohnung. &nbsp;Hergestellt aus vollst\u00e4ndig nachhaltigem Anbau in Zentral-Java.<\/p>\n<p><em>Bitte beachten Sie: Aufgrund der nat\u00fcrlichen Materialien k\u00f6nnen der Besenstiel oder die Borsten l\u00e4nger oder k\u00fcrzer sein als auf dem Bild.&nbsp;<\/em><\/p>\n<p>Gr\u00f6\u00dfe: 60 x 9 cm<\/p>\n<p><strong>Bestellen Sie jetzt und verkaufen Sie dieses erstaunliche Heimdekor.<\/strong><\/p>\n","protected":false},"excerpt":{"rendered":"<p>Diese sch\u00f6nen Gro\u00dfhandel Natural &nbsp;Pampas Besen sind gro\u00dfartig als dekorative St\u00fccke in Ihrem Haus h\u00e4ngen. Sie k\u00f6nnen das rustikale Design verst\u00e4rken, indem Sie sie an die Wand im Wohnzimmer oder im Flur h\u00e4ngen. Umweltfreundliche Materialien liegen voll im Trend, besonders Produkte aus exotischem Pampasgras sind modisch und leicht zu verkaufen. Diese B\u00fcrste ist handgefertigt aus [&hellip;]<\/p>\n","protected":false},"featured_media":374700,"comment_status":"closed","ping_status":"open","template":"","meta":{"_angie_page":false},"product_brand":[],"product_cat":[16895,14451],"product_tag":[],"class_list":{"0":"post-228213","1":"product","2":"type-product","3":"status-publish","4":"has-post-thumbnail","6":"product_cat-dekoration","7":"product_cat-haus-und-gartendeko","8":"pa_collection-natural-pampus-broom-de","9":"pa_made-in-indonesien","11":"first","12":"instock","13":"purchasable","14":"product-type-simple"},"supplier_id":null,"supplier_sku":"NPB-03","barcode":null,"atum_controlled":true,"out_stock_date":null,"out_stock_threshold":null,"inheritable":false,"inbound_stock":null,"stock_on_hold":0,"sold_today":0,"sales_last_days":0,"reserved_stock":null,"customer_returns":null,"warehouse_damage":null,"lost_in_post":null,"other_logs":null,"out_stock_days":0,"lost_sales":0,"has_location":null,"update_date":"2026-04-27T07:15:31","atum_locations":[],"atum_stock_status":"instock","restock_status":false,"low_stock_amount":"","sales_update_date":"2026-01-30T01:24:50","calc_backorders":null,"_links":{"self":[{"href":"https:\/\/aromasentia.com\/de\/wp-json\/wp\/v2\/product\/228213","targetHints":{"allow":["GET"]}}],"collection":[{"href":"https:\/\/aromasentia.com\/de\/wp-json\/wp\/v2\/product"}],"about":[{"href":"https:\/\/aromasentia.com\/de\/wp-json\/wp\/v2\/types\/product"}],"replies":[{"embeddable":true,"href":"https:\/\/aromasentia.com\/de\/wp-json\/wp\/v2\/comments?post=228213"}],"version-history":[{"count":0,"href":"https:\/\/aromasentia.com\/de\/wp-json\/wp\/v2\/product\/228213\/revisions"}],"wp:featuredmedia":[{"embeddable":true,"href":"https:\/\/aromasentia.com\/de\/wp-json\/wp\/v2\/media\/374700"}],"wp:attachment":[{"href":"https:\/\/aromasentia.com\/de\/wp-json\/wp\/v2\/media?parent=228213"}],"wp:term":[{"taxonomy":"product_brand","embeddable":true,"href":"https:\/\/aromasentia.com\/de\/wp-json\/wp\/v2\/product_brand?post=228213"},{"taxonomy":"product_cat","embeddable":true,"href":"https:\/\/aromasentia.com\/de\/wp-json\/wp\/v2\/product_cat?post=228213"},{"taxonomy":"product_tag","embeddable":true,"href":"https:\/\/aromasentia.com\/de\/wp-json\/wp\/v2\/product_tag?post=228213"}],"curies":[{"name":"wp","href":"https:\/\/api.w.org\/{rel}","templated":true}]}}