{"id":228137,"date":"2025-03-22T16:05:46","date_gmt":"2025-03-22T16:05:46","guid":{"rendered":"https:\/\/aromasentia.com\/product\/small-natural-banana-leaf-lamp-shade-h25xd20cm\/"},"modified":"2025-12-30T19:56:16","modified_gmt":"2025-12-30T19:56:16","slug":"kleiner-lampenschirm-aus-natuerlichem-bananenblatt-h25xt20cm","status":"publish","type":"product","link":"https:\/\/aromasentia.com\/de\/kleiner-lampenschirm-aus-natuerlichem-bananenblatt-h25xt20cm\/","title":{"rendered":"Kleiner Lampenschirm aus nat\u00fcrlichem Bananenblatt &#8211; H:25xT:20cm"},"content":{"rendered":"<p>Verleihen Sie Ihrer Lampe einen Hauch von kompaktem, nat\u00fcrlichem Charme mit diesem kleinen Lampenschirm aus nat\u00fcrlichem Bananenblatt. Mit den Ma\u00dfen H:25cm x T:20cm ist dieser wundersch\u00f6ne handgewebte Lampenschirm aus nat\u00fcrlichem Bananenblatt perfekt f\u00fcr kleinere Lampen geeignet. Er verbreitet warmes Licht und schafft eine gem\u00fctliche Atmosph\u00e4re, w\u00e4hrend er die organische Textur und die rustikale Eleganz des Materials zur Geltung bringt. Ein umweltfreundlicher und handwerklicher Akzent, der einen Hauch von tropischer Gelassenheit und nat\u00fcrlicher Sch\u00f6nheit in jeden kleinen Raum oder jede Leseecke bringt.<\/p>\n","protected":false},"excerpt":{"rendered":"<p>Verleihen Sie Ihrer Lampe einen Hauch von kompaktem, nat\u00fcrlichem Charme mit diesem kleinen Lampenschirm aus nat\u00fcrlichem Bananenblatt. Mit den Ma\u00dfen H:25cm x T:20cm ist dieser wundersch\u00f6ne handgewebte Lampenschirm aus nat\u00fcrlichem Bananenblatt perfekt f\u00fcr kleinere Lampen geeignet. Er verbreitet warmes Licht und schafft eine gem\u00fctliche Atmosph\u00e4re, w\u00e4hrend er die organische Textur und die rustikale Eleganz des [&hellip;]<\/p>\n","protected":false},"featured_media":374225,"comment_status":"closed","ping_status":"open","template":"","meta":[],"product_brand":[],"product_cat":[14451,17245],"product_tag":[],"class_list":{"0":"post-228137","1":"product","2":"type-product","3":"status-publish","4":"has-post-thumbnail","6":"product_cat-haus-und-gartendeko","7":"product_cat-lampen-und-laternen","8":"pa_collection-natural-banana-leaf-hitam-raffia-lamp-shades-de","9":"pa_made-in-indonesien","11":"first","12":"outofstock","13":"purchasable","14":"product-type-simple"},"supplier_id":null,"supplier_sku":"NLAS-01S","barcode":null,"atum_controlled":true,"out_stock_date":"2025-10-09 12:14:32","out_stock_threshold":null,"inheritable":false,"inbound_stock":null,"stock_on_hold":0,"sold_today":0,"sales_last_days":0,"reserved_stock":null,"customer_returns":null,"warehouse_damage":null,"lost_in_post":null,"other_logs":null,"out_stock_days":112,"lost_sales":0,"has_location":null,"update_date":"2026-01-30T01:25:06","atum_locations":[],"atum_stock_status":"outofstock","restock_status":false,"low_stock_amount":"","sales_update_date":"2026-01-30T01:25:06","calc_backorders":null,"_links":{"self":[{"href":"https:\/\/aromasentia.com\/de\/wp-json\/wp\/v2\/product\/228137","targetHints":{"allow":["GET"]}}],"collection":[{"href":"https:\/\/aromasentia.com\/de\/wp-json\/wp\/v2\/product"}],"about":[{"href":"https:\/\/aromasentia.com\/de\/wp-json\/wp\/v2\/types\/product"}],"replies":[{"embeddable":true,"href":"https:\/\/aromasentia.com\/de\/wp-json\/wp\/v2\/comments?post=228137"}],"version-history":[{"count":0,"href":"https:\/\/aromasentia.com\/de\/wp-json\/wp\/v2\/product\/228137\/revisions"}],"wp:featuredmedia":[{"embeddable":true,"href":"https:\/\/aromasentia.com\/de\/wp-json\/wp\/v2\/media\/374225"}],"wp:attachment":[{"href":"https:\/\/aromasentia.com\/de\/wp-json\/wp\/v2\/media?parent=228137"}],"wp:term":[{"taxonomy":"product_brand","embeddable":true,"href":"https:\/\/aromasentia.com\/de\/wp-json\/wp\/v2\/product_brand?post=228137"},{"taxonomy":"product_cat","embeddable":true,"href":"https:\/\/aromasentia.com\/de\/wp-json\/wp\/v2\/product_cat?post=228137"},{"taxonomy":"product_tag","embeddable":true,"href":"https:\/\/aromasentia.com\/de\/wp-json\/wp\/v2\/product_tag?post=228137"}],"curies":[{"name":"wp","href":"https:\/\/api.w.org\/{rel}","templated":true}]}}