{"id":228129,"date":"2025-03-22T16:05:46","date_gmt":"2025-03-22T16:05:46","guid":{"rendered":"https:\/\/aromasentia.com\/product\/natural-banana-leaf-hitam-raffia-lamp-shades-set-of-3\/"},"modified":"2025-12-30T19:56:16","modified_gmt":"2025-12-30T19:56:16","slug":"lampenschirme-aus-natuerlichem-bananenblatt-und-hitam-raffia-3er-set","status":"publish","type":"product","link":"https:\/\/aromasentia.com\/de\/lampenschirme-aus-natuerlichem-bananenblatt-und-hitam-raffia-3er-set\/","title":{"rendered":"Lampenschirme aus nat\u00fcrlichem Bananenblatt und Hitam-Raffia &#8211; 3er-Set"},"content":{"rendered":"<p>Drei Lampenschirme aus Bananenbl\u00e4ttern, handgefertigt aus nachhaltigen Materialien in Indonesien. Die Banane hat viele Verwendungszwecke, der Stamm ist n\u00fctzlich und enth\u00e4lt Fasern, die, wenn sie extrahiert werden, zur Herstellung verschiedener Produkte wie K\u00f6rbe, Matten oder Lampenschirme verwendet werden k\u00f6nnen. Die Faser ist wie ein Seil und kann gewebt, geformt oder gerollt werden. Die Lampenschirme von Ancient Wisdom sind f\u00fcr Lampen und Deckenleuchten geeignet. Sie verleihen der Inneneinrichtung Ihrer Kunden Textur und Interesse. Bringen Sie die Natur ins Haus mit diesen absolut sch\u00f6nen (und erschwinglichen) nat\u00fcrlichen Kunstwerken, die Ihre Kunden wirklich besitzen wollen. Vielleicht gef\u00e4llt Ihnen auch <a href=\"https:\/\/aromasentia.com\/ncl\"><strong>Natural Coconut Lamp<\/strong><\/a><\/p>\n<p>Bitte beachten Sie, dass dieses Produkt aus nat\u00fcrlichen Materialien hergestellt wird und die genaue Farbe und Ausf\u00fchrung daher variieren kann.&nbsp;<\/p>\n<p><em>Hinweis: Gl\u00fchbirne und Fassung sind nicht im Lieferumfang enthalten<\/em><\/p>\n<p><strong>Nat\u00fcrlich beleuchten Sie Ihren Umsatz heute. Decken Sie sich jetzt ein.<\/strong><\/p>\n","protected":false},"excerpt":{"rendered":"<p>Drei Lampenschirme aus Bananenbl\u00e4ttern, handgefertigt aus nachhaltigen Materialien in Indonesien. Die Banane hat viele Verwendungszwecke, der Stamm ist n\u00fctzlich und enth\u00e4lt Fasern, die, wenn sie extrahiert werden, zur Herstellung verschiedener Produkte wie K\u00f6rbe, Matten oder Lampenschirme verwendet werden k\u00f6nnen. Die Faser ist wie ein Seil und kann gewebt, geformt oder gerollt werden. Die Lampenschirme von [&hellip;]<\/p>\n","protected":false},"featured_media":374199,"comment_status":"closed","ping_status":"open","template":"","meta":{"_angie_page":false},"product_brand":[],"product_cat":[14451,17245],"product_tag":[],"class_list":{"0":"post-228129","1":"product","2":"type-product","3":"status-publish","4":"has-post-thumbnail","6":"product_cat-haus-und-gartendeko","7":"product_cat-lampen-und-laternen","8":"pa_collection-natural-banana-leaf-hitam-raffia-lamp-shades-de","9":"pa_made-in-indonesien","11":"first","12":"instock","13":"purchasable","14":"product-type-simple"},"supplier_id":null,"supplier_sku":"NLAS-02","barcode":null,"atum_controlled":true,"out_stock_date":null,"out_stock_threshold":null,"inheritable":false,"inbound_stock":null,"stock_on_hold":0,"sold_today":0,"sales_last_days":0,"reserved_stock":null,"customer_returns":null,"warehouse_damage":null,"lost_in_post":null,"other_logs":null,"out_stock_days":0,"lost_sales":0,"has_location":null,"update_date":"2026-04-27T07:15:06","atum_locations":[],"atum_stock_status":"instock","restock_status":false,"low_stock_amount":"","sales_update_date":"2025-09-04T00:29:08","calc_backorders":null,"_links":{"self":[{"href":"https:\/\/aromasentia.com\/de\/wp-json\/wp\/v2\/product\/228129","targetHints":{"allow":["GET"]}}],"collection":[{"href":"https:\/\/aromasentia.com\/de\/wp-json\/wp\/v2\/product"}],"about":[{"href":"https:\/\/aromasentia.com\/de\/wp-json\/wp\/v2\/types\/product"}],"replies":[{"embeddable":true,"href":"https:\/\/aromasentia.com\/de\/wp-json\/wp\/v2\/comments?post=228129"}],"version-history":[{"count":0,"href":"https:\/\/aromasentia.com\/de\/wp-json\/wp\/v2\/product\/228129\/revisions"}],"wp:featuredmedia":[{"embeddable":true,"href":"https:\/\/aromasentia.com\/de\/wp-json\/wp\/v2\/media\/374199"}],"wp:attachment":[{"href":"https:\/\/aromasentia.com\/de\/wp-json\/wp\/v2\/media?parent=228129"}],"wp:term":[{"taxonomy":"product_brand","embeddable":true,"href":"https:\/\/aromasentia.com\/de\/wp-json\/wp\/v2\/product_brand?post=228129"},{"taxonomy":"product_cat","embeddable":true,"href":"https:\/\/aromasentia.com\/de\/wp-json\/wp\/v2\/product_cat?post=228129"},{"taxonomy":"product_tag","embeddable":true,"href":"https:\/\/aromasentia.com\/de\/wp-json\/wp\/v2\/product_tag?post=228129"}],"curies":[{"name":"wp","href":"https:\/\/api.w.org\/{rel}","templated":true}]}}