{"id":228105,"date":"2025-03-22T16:05:46","date_gmt":"2025-03-22T16:05:46","guid":{"rendered":"https:\/\/aromasentia.com\/product\/natural-coconut-lamp-whitewash-wrapover\/"},"modified":"2025-12-30T19:56:08","modified_gmt":"2025-12-30T19:56:08","slug":"natuerliche-kokosnusslampe-weiss-gewaschen","status":"publish","type":"product","link":"https:\/\/aromasentia.com\/de\/natuerliche-kokosnusslampe-weiss-gewaschen\/","title":{"rendered":"Nat\u00fcrliche Kokosnusslampe &#8211; Wei\u00df Gewaschen"},"content":{"rendered":"<p>Diese Lampe ist so nat\u00fcrlich wie nur m\u00f6glich. Hergestellt aus einem echten Kokosnussblatt, einer speziellen Art, die sich durch Erhitzen formen und biegen l\u00e4sst. Der Schirm besteht aus einem geformten Wattebausch. Jedes St\u00fcck ist ein Naturprodukt und somit ein Unikat \u2013 die Formen variieren leicht. Ihre Kunden werden die Lampe lieben, die ihnen am besten gef\u00e4llt. Schlicht, nat\u00fcrlich und erschwinglich. Lieferung mit EU-Leuchtmittel, jedoch ohne Gl\u00fchbirne. Hergestellt von einem Familienunternehmen auf Bali.<\/p>\n","protected":false},"excerpt":{"rendered":"<p>Diese Lampe ist so nat\u00fcrlich wie nur m\u00f6glich. Hergestellt aus einem echten Kokosnussblatt, einer speziellen Art, die sich durch Erhitzen formen und biegen l\u00e4sst. Der Schirm besteht aus einem geformten Wattebausch. Jedes St\u00fcck ist ein Naturprodukt und somit ein Unikat \u2013 die Formen variieren leicht. Ihre Kunden werden die Lampe lieben, die ihnen am besten [&hellip;]<\/p>\n","protected":false},"featured_media":374001,"comment_status":"closed","ping_status":"open","template":"","meta":{"_angie_page":false},"product_brand":[],"product_cat":[14451,17245],"product_tag":[],"class_list":{"0":"post-228105","1":"product","2":"type-product","3":"status-publish","4":"has-post-thumbnail","6":"product_cat-haus-und-gartendeko","7":"product_cat-lampen-und-laternen","8":"pa_collection-natural-coconut-leaf-lamps-de","9":"pa_made-in-indonesien","11":"first","12":"instock","13":"purchasable","14":"product-type-simple"},"supplier_id":null,"supplier_sku":"NCL-03","barcode":null,"atum_controlled":true,"out_stock_date":null,"out_stock_threshold":null,"inheritable":false,"inbound_stock":null,"stock_on_hold":0,"sold_today":0,"sales_last_days":0,"reserved_stock":null,"customer_returns":null,"warehouse_damage":null,"lost_in_post":null,"other_logs":null,"out_stock_days":0,"lost_sales":0,"has_location":null,"update_date":"2026-04-27T07:14:58","atum_locations":[],"atum_stock_status":"instock","restock_status":false,"low_stock_amount":"","sales_update_date":"2025-09-04T00:29:07","calc_backorders":null,"_links":{"self":[{"href":"https:\/\/aromasentia.com\/de\/wp-json\/wp\/v2\/product\/228105","targetHints":{"allow":["GET"]}}],"collection":[{"href":"https:\/\/aromasentia.com\/de\/wp-json\/wp\/v2\/product"}],"about":[{"href":"https:\/\/aromasentia.com\/de\/wp-json\/wp\/v2\/types\/product"}],"replies":[{"embeddable":true,"href":"https:\/\/aromasentia.com\/de\/wp-json\/wp\/v2\/comments?post=228105"}],"version-history":[{"count":0,"href":"https:\/\/aromasentia.com\/de\/wp-json\/wp\/v2\/product\/228105\/revisions"}],"wp:featuredmedia":[{"embeddable":true,"href":"https:\/\/aromasentia.com\/de\/wp-json\/wp\/v2\/media\/374001"}],"wp:attachment":[{"href":"https:\/\/aromasentia.com\/de\/wp-json\/wp\/v2\/media?parent=228105"}],"wp:term":[{"taxonomy":"product_brand","embeddable":true,"href":"https:\/\/aromasentia.com\/de\/wp-json\/wp\/v2\/product_brand?post=228105"},{"taxonomy":"product_cat","embeddable":true,"href":"https:\/\/aromasentia.com\/de\/wp-json\/wp\/v2\/product_cat?post=228105"},{"taxonomy":"product_tag","embeddable":true,"href":"https:\/\/aromasentia.com\/de\/wp-json\/wp\/v2\/product_tag?post=228105"}],"curies":[{"name":"wp","href":"https:\/\/api.w.org\/{rel}","templated":true}]}}