{"id":228085,"date":"2025-03-22T16:05:46","date_gmt":"2025-03-22T16:05:46","guid":{"rendered":"https:\/\/aromasentia.com\/product\/banana-leaf-seagrass-square-basket-set-of-3\/"},"modified":"2025-12-30T19:56:08","modified_gmt":"2025-12-30T19:56:08","slug":"quadratischer-korb-aus-bananenblaettern-und-seegras-3er-set","status":"publish","type":"product","link":"https:\/\/aromasentia.com\/de\/quadratischer-korb-aus-bananenblaettern-und-seegras-3er-set\/","title":{"rendered":"Quadratischer Korb aus Bananenbl\u00e4ttern und Seegras &#8211; 3er-Set"},"content":{"rendered":"<p>Kennzeichnend f\u00fcr diese K\u00f6rbe ist ihre nat\u00fcrliche Textur, die aus Seegras und Bananenbl\u00e4ttern besteht. Diese K\u00f6rbe eignen sich perfekt f\u00fcr die Pr\u00e4sentation Ihrer Produkte. Die in Indonesien handgeflochtenen, multifunktionalen K\u00f6rbe sind eine stilvolle Aufbewahrungsl\u00f6sung, die sich nahtlos in jedes Zuhause, B\u00fcro oder sogar Yogastudio einf\u00fcgt und eine nat\u00fcrliche Art der Pr\u00e4sentation bietet. Geflochten aus Bananenfasern und Raffia, durchl\u00e4uft jeder Korb einen detaillierten Prozess, vom Anbau bis zur Ernte.<\/p>\n<p>Wie Sie wissen, ist alles, was mit Zimmerpflanzen zu tun hat und nat\u00fcrlich ist, ein gro\u00dfer Trend, und dieses sch\u00f6ne und nat\u00fcrliche Produkt ist genau auf dem Punkt.<\/p>\n<p>Diese sch\u00f6nen K\u00f6rbe bringen das Beste aus zwei Welten zusammen: nat\u00fcrlich und k\u00fcnstlich; erdig und schick und praktisch. Vielleicht gefallen Ihnen auch <a href=\"https:\/\/aromasentia.com\/nva\"><strong>Seagrass Vase &amp; Bins Sets<\/strong><\/a> oder Sie k\u00f6nnen sie mit <a href=\"https:\/\/aromasentia.com\/wholesale_seagrass_rugs\"><strong>Seagrass Rugs<\/strong><\/a><\/p>\n<p>Mit dem Kauf eines dieser K\u00f6rbe unterst\u00fctzen Sie die Hersteller und helfen, eine alte Handwerkstradition in Java zu erhalten.<\/p>\n<p>&#8211; Ethisch &#8211; Verkauft im Zweier- oder Dreierset &#8211; Handgefertigt in Java &#8211; Umweltfreundlich<\/p>\n<p>Die K\u00f6rbe sind eine sch\u00f6ne nat\u00fcrliche Dekoration. Bestellen Sie noch heute.<\/p>\n<p>Abmessungen:&nbsp;<\/p>\n<p>L\u00e4nge: L:25m T:18cm &nbsp;H:9cm &nbsp;Gewicht: 260g<\/p>\n<p>Mittel: L:22cm D:15cm H:7cm &nbsp;Gewicht: 213g<\/p>\n<p>Small: L:19cm T:9cm H:6.5 cm &nbsp;Gewicht: 80g<\/p>\n<p>><\/p>\n","protected":false},"excerpt":{"rendered":"<p>Kennzeichnend f\u00fcr diese K\u00f6rbe ist ihre nat\u00fcrliche Textur, die aus Seegras und Bananenbl\u00e4ttern besteht. Diese K\u00f6rbe eignen sich perfekt f\u00fcr die Pr\u00e4sentation Ihrer Produkte. Die in Indonesien handgeflochtenen, multifunktionalen K\u00f6rbe sind eine stilvolle Aufbewahrungsl\u00f6sung, die sich nahtlos in jedes Zuhause, B\u00fcro oder sogar Yogastudio einf\u00fcgt und eine nat\u00fcrliche Art der Pr\u00e4sentation bietet. Geflochten aus Bananenfasern [&hellip;]<\/p>\n","protected":false},"featured_media":373780,"comment_status":"closed","ping_status":"open","template":"","meta":[],"product_brand":[],"product_cat":[14451,17315],"product_tag":[],"class_list":{"0":"post-228085","1":"product","2":"type-product","3":"status-publish","4":"has-post-thumbnail","6":"product_cat-haus-und-gartendeko","7":"product_cat-korbe","8":"pa_collection-banana-leaf-seagrass-square-basket-de","9":"pa_made-in-indonesien","11":"first","12":"instock","13":"purchasable","14":"product-type-simple"},"supplier_id":null,"supplier_sku":"NBA-04","barcode":null,"atum_controlled":true,"out_stock_date":null,"out_stock_threshold":null,"inheritable":false,"inbound_stock":null,"stock_on_hold":0,"sold_today":0,"sales_last_days":0,"reserved_stock":null,"customer_returns":null,"warehouse_damage":null,"lost_in_post":null,"other_logs":null,"out_stock_days":0,"lost_sales":0,"has_location":null,"update_date":"2026-01-30T01:25:31","atum_locations":[],"atum_stock_status":"instock","restock_status":false,"low_stock_amount":"","sales_update_date":"2026-01-30T01:25:31","calc_backorders":null,"_links":{"self":[{"href":"https:\/\/aromasentia.com\/de\/wp-json\/wp\/v2\/product\/228085","targetHints":{"allow":["GET"]}}],"collection":[{"href":"https:\/\/aromasentia.com\/de\/wp-json\/wp\/v2\/product"}],"about":[{"href":"https:\/\/aromasentia.com\/de\/wp-json\/wp\/v2\/types\/product"}],"replies":[{"embeddable":true,"href":"https:\/\/aromasentia.com\/de\/wp-json\/wp\/v2\/comments?post=228085"}],"version-history":[{"count":0,"href":"https:\/\/aromasentia.com\/de\/wp-json\/wp\/v2\/product\/228085\/revisions"}],"wp:featuredmedia":[{"embeddable":true,"href":"https:\/\/aromasentia.com\/de\/wp-json\/wp\/v2\/media\/373780"}],"wp:attachment":[{"href":"https:\/\/aromasentia.com\/de\/wp-json\/wp\/v2\/media?parent=228085"}],"wp:term":[{"taxonomy":"product_brand","embeddable":true,"href":"https:\/\/aromasentia.com\/de\/wp-json\/wp\/v2\/product_brand?post=228085"},{"taxonomy":"product_cat","embeddable":true,"href":"https:\/\/aromasentia.com\/de\/wp-json\/wp\/v2\/product_cat?post=228085"},{"taxonomy":"product_tag","embeddable":true,"href":"https:\/\/aromasentia.com\/de\/wp-json\/wp\/v2\/product_tag?post=228085"}],"curies":[{"name":"wp","href":"https:\/\/api.w.org\/{rel}","templated":true}]}}