{"id":228073,"date":"2025-03-22T16:05:46","date_gmt":"2025-03-22T16:05:46","guid":{"rendered":"https:\/\/aromasentia.com\/product\/natural-seagrass-basket-set-of-2\/"},"modified":"2025-12-30T19:56:00","modified_gmt":"2025-12-30T19:56:00","slug":"natural-seagrass-basket-set-of-2","status":"publish","type":"product","link":"https:\/\/aromasentia.com\/de\/natural-seagrass-basket-set-of-2\/","title":{"rendered":"Natural Seagrass Basket &#8211; Set of 2"},"content":{"rendered":"<p>Kennzeichnend f\u00fcr diese K\u00f6rbe ist ihre nat\u00fcrliche Textur, die aus Seegras und Bananenbl\u00e4ttern besteht. Diese K\u00f6rbe sind perfekt f\u00fcr die Pr\u00e4sentation Ihrer Produkte; diese sind multifunktionale K\u00f6rbe handgeflochten in Indonesien, sie k\u00f6nnen eine stilvolle Aufbewahrungsl\u00f6sung sein, die sich nahtlos in jedes Haus, B\u00fcro oder sogar Yoga-Studio einf\u00fcgt, indem sie eine nat\u00fcrliche Art der Pr\u00e4sentation bietet.<\/p>\n<p>Wie Sie wissen, ist alles, was mit Zimmerpflanzen zu tun hat und nat\u00fcrlich ist, ein gro\u00dfer Trend, und dieses sch\u00f6ne und nat\u00fcrliche Produkt ist genau auf dem Punkt.<\/p>\n<p>Diese sch\u00f6nen K\u00f6rbe bringen das Beste aus zwei Welten zusammen: nat\u00fcrlich und k\u00fcnstlich; erdig und schick und praktisch. Vielleicht gefallen Ihnen auch <a href=\"https:\/\/aromasentia.com\/nva\"><strong>Seagrass Vase &amp; Bins Sets<\/strong><\/a> oder Sie k\u00f6nnen sie mit <a href=\"https:\/\/aromasentia.com\/wholesale_seagrass_rugs\"><strong>Seagrass Rugs<\/strong><\/a><\/p>\n<p>Mit dem Kauf eines dieser K\u00f6rbe unterst\u00fctzen Sie die Hersteller und helfen, eine alte Handwerkstradition in Java zu erhalten.<\/p>\n<p>&#8211; Ethisch &#8211; Verkauft im Zweier- oder Dreierset &#8211; Handgefertigt in Java &#8211; Umweltfreundlich<\/p>\n<p>Die K\u00f6rbe sind eine sch\u00f6ne nat\u00fcrliche Dekoration. Bestellen Sie noch heute.<\/p>\n<p>Abmessungen:&nbsp;<\/p>\n<p>Lage: D:23cm H:9 cm &nbsp;Gewicht: 370g&nbsp;<\/p>\n<p>Medium: D:20cm H:7 cm &nbsp;Gewicht: 290g<\/p>\n<p>><\/p>\n","protected":false},"excerpt":{"rendered":"<p>Kennzeichnend f\u00fcr diese K\u00f6rbe ist ihre nat\u00fcrliche Textur, die aus Seegras und Bananenbl\u00e4ttern besteht. Diese K\u00f6rbe sind perfekt f\u00fcr die Pr\u00e4sentation Ihrer Produkte; diese sind multifunktionale K\u00f6rbe handgeflochten in Indonesien, sie k\u00f6nnen eine stilvolle Aufbewahrungsl\u00f6sung sein, die sich nahtlos in jedes Haus, B\u00fcro oder sogar Yoga-Studio einf\u00fcgt, indem sie eine nat\u00fcrliche Art der Pr\u00e4sentation bietet. [&hellip;]<\/p>\n","protected":false},"featured_media":373665,"comment_status":"closed","ping_status":"open","template":"","meta":[],"product_brand":[],"product_cat":[14451,17315],"product_tag":[],"class_list":{"0":"post-228073","1":"product","2":"type-product","3":"status-publish","4":"has-post-thumbnail","6":"product_cat-haus-und-gartendeko","7":"product_cat-korbe","8":"pa_collection-banana-leaf-seagrass-square-basket-de","9":"pa_made-in-indonesien","11":"first","12":"instock","13":"purchasable","14":"product-type-simple"},"supplier_id":null,"supplier_sku":"NBA-01","barcode":null,"atum_controlled":true,"out_stock_date":null,"out_stock_threshold":null,"inheritable":false,"inbound_stock":null,"stock_on_hold":0,"sold_today":0,"sales_last_days":0,"reserved_stock":null,"customer_returns":null,"warehouse_damage":null,"lost_in_post":null,"other_logs":null,"out_stock_days":0,"lost_sales":0,"has_location":null,"update_date":"2026-01-30T01:25:31","atum_locations":[],"atum_stock_status":"instock","restock_status":false,"low_stock_amount":"","sales_update_date":"2026-01-30T01:25:31","calc_backorders":null,"_links":{"self":[{"href":"https:\/\/aromasentia.com\/de\/wp-json\/wp\/v2\/product\/228073","targetHints":{"allow":["GET"]}}],"collection":[{"href":"https:\/\/aromasentia.com\/de\/wp-json\/wp\/v2\/product"}],"about":[{"href":"https:\/\/aromasentia.com\/de\/wp-json\/wp\/v2\/types\/product"}],"replies":[{"embeddable":true,"href":"https:\/\/aromasentia.com\/de\/wp-json\/wp\/v2\/comments?post=228073"}],"version-history":[{"count":0,"href":"https:\/\/aromasentia.com\/de\/wp-json\/wp\/v2\/product\/228073\/revisions"}],"wp:featuredmedia":[{"embeddable":true,"href":"https:\/\/aromasentia.com\/de\/wp-json\/wp\/v2\/media\/373665"}],"wp:attachment":[{"href":"https:\/\/aromasentia.com\/de\/wp-json\/wp\/v2\/media?parent=228073"}],"wp:term":[{"taxonomy":"product_brand","embeddable":true,"href":"https:\/\/aromasentia.com\/de\/wp-json\/wp\/v2\/product_brand?post=228073"},{"taxonomy":"product_cat","embeddable":true,"href":"https:\/\/aromasentia.com\/de\/wp-json\/wp\/v2\/product_cat?post=228073"},{"taxonomy":"product_tag","embeddable":true,"href":"https:\/\/aromasentia.com\/de\/wp-json\/wp\/v2\/product_tag?post=228073"}],"curies":[{"name":"wp","href":"https:\/\/api.w.org\/{rel}","templated":true}]}}