{"id":227857,"date":"2025-03-22T16:05:46","date_gmt":"2025-03-22T16:05:46","guid":{"rendered":"https:\/\/aromasentia.com\/product\/molten-coloured-glass-on-wood-medium-bowl\/"},"modified":"2025-12-30T19:55:20","modified_gmt":"2025-12-30T19:55:20","slug":"geschmolzenes-farbiges-glas-auf-holz-mittlere-schale","status":"publish","type":"product","link":"https:\/\/aromasentia.com\/de\/geschmolzenes-farbiges-glas-auf-holz-mittlere-schale\/","title":{"rendered":"Geschmolzenes farbiges Glas auf Holz &#8211; Mittlere Schale"},"content":{"rendered":"<p><strong><span style=\"color: rgb(75, 80, 88);\">Geschmolzenes farbiges Glas auf Holz \u2013 Mittlere Schale<\/span><\/strong><span style=\"color: rgb(75, 80, 88);\">&nbsp;<\/span> Dieses atemberaubende Kunstwerk wurde auf Bali von Hand aus <strong>recyceltem Glas<\/strong> und nachhaltigem balinesischem Gamal-Holz gefertigt und vereint das Beste aus zwei Welten: nat\u00fcrlich und k\u00fcnstlich; erdig und schick; praktisch und spirituell.<\/span><\/p>\n<p><span style=\"color: rgb(75, 80, 88);\">Das Glas ist mundgeblasen und wird, solange es noch hei\u00df ist, \u00fcber ein St\u00fcck Gamal-Wurzel gelegt. Anschlie\u00dfend h\u00e4rtet das Glas aus und nimmt die Form des Holzes an, wodurch eine perfekte Passform gew\u00e4hrleistet wird. Es wird aus einem Naturprodukt mit Handwerkzeugen nach traditioneller balinesischer Art gefertigt.&nbsp;<\/span><\/p>\n<p><span style=\"color: rgb(75, 80, 88);\">Geschmolzenes Glas auf Holz bietet eine einzigartige Kulisse f\u00fcr Steine und Luftpflanzen, Schnittblumen, ein Aquarium oder eine Weinkaraffe. Ihre Kunden werden es lieben. Es kann f\u00fcr Zimmerpflanzen, Zen-G\u00e4rten, Goldfischgl\u00e4ser oder schwimmende Kerzen verwendet werden.&nbsp;<\/span><\/p>\n<p><span style=\"color: rgb(75, 80, 88);\"><em>* <strong>Umweltfreundlich<\/strong>, handgefertigt aus 100 % recyceltem Glas *<\/em><\/span><\/p>\n<p><em><span style=\"color: rgb(75, 80, 88);\">* Hergestellt aus Gamal-Holzwurzel und mundgeblasenem Glas *<\/span><\/em><\/p>\n<p><span style=\"color: rgb(75, 80, 88);\"><em>* <strong>Handgefertigt<\/strong> von erfahrenen Glasbl\u00e4sern *<\/em><\/span><\/p>\n","protected":false},"excerpt":{"rendered":"<p>Geschmolzenes farbiges Glas auf Holz \u2013 Mittlere Schale&nbsp; Dieses atemberaubende Kunstwerk wurde auf Bali von Hand aus recyceltem Glas und nachhaltigem balinesischem Gamal-Holz gefertigt und vereint das Beste aus zwei Welten: nat\u00fcrlich und k\u00fcnstlich; erdig und schick; praktisch und spirituell. Das Glas ist mundgeblasen und wird, solange es noch hei\u00df ist, \u00fcber ein St\u00fcck Gamal-Wurzel [&hellip;]<\/p>\n","protected":false},"featured_media":372659,"comment_status":"closed","ping_status":"open","template":"","meta":{"_angie_page":false},"product_brand":[],"product_cat":[17577,14451],"product_tag":[],"class_list":{"0":"post-227857","1":"product","2":"type-product","3":"status-publish","4":"has-post-thumbnail","6":"product_cat-glasdekor","7":"product_cat-haus-und-gartendeko","8":"pa_collection-molten-glass-on-wood-de","9":"pa_made-in-indonesien","11":"first","12":"instock","13":"purchasable","14":"product-type-simple"},"supplier_id":null,"supplier_sku":"MGW-40","barcode":null,"atum_controlled":true,"out_stock_date":null,"out_stock_threshold":null,"inheritable":false,"inbound_stock":null,"stock_on_hold":0,"sold_today":0,"sales_last_days":0,"reserved_stock":null,"customer_returns":null,"warehouse_damage":null,"lost_in_post":null,"other_logs":null,"out_stock_days":0,"lost_sales":0,"has_location":null,"update_date":"2026-04-27T07:12:49","atum_locations":[],"atum_stock_status":"instock","restock_status":false,"low_stock_amount":"","sales_update_date":"2025-09-05T00:29:30","calc_backorders":null,"_links":{"self":[{"href":"https:\/\/aromasentia.com\/de\/wp-json\/wp\/v2\/product\/227857","targetHints":{"allow":["GET"]}}],"collection":[{"href":"https:\/\/aromasentia.com\/de\/wp-json\/wp\/v2\/product"}],"about":[{"href":"https:\/\/aromasentia.com\/de\/wp-json\/wp\/v2\/types\/product"}],"replies":[{"embeddable":true,"href":"https:\/\/aromasentia.com\/de\/wp-json\/wp\/v2\/comments?post=227857"}],"version-history":[{"count":0,"href":"https:\/\/aromasentia.com\/de\/wp-json\/wp\/v2\/product\/227857\/revisions"}],"wp:featuredmedia":[{"embeddable":true,"href":"https:\/\/aromasentia.com\/de\/wp-json\/wp\/v2\/media\/372659"}],"wp:attachment":[{"href":"https:\/\/aromasentia.com\/de\/wp-json\/wp\/v2\/media?parent=227857"}],"wp:term":[{"taxonomy":"product_brand","embeddable":true,"href":"https:\/\/aromasentia.com\/de\/wp-json\/wp\/v2\/product_brand?post=227857"},{"taxonomy":"product_cat","embeddable":true,"href":"https:\/\/aromasentia.com\/de\/wp-json\/wp\/v2\/product_cat?post=227857"},{"taxonomy":"product_tag","embeddable":true,"href":"https:\/\/aromasentia.com\/de\/wp-json\/wp\/v2\/product_tag?post=227857"}],"curies":[{"name":"wp","href":"https:\/\/api.w.org\/{rel}","templated":true}]}}