{"id":227849,"date":"2025-03-22T16:05:46","date_gmt":"2025-03-22T16:05:46","guid":{"rendered":"https:\/\/aromasentia.com\/product\/molten-glass-arfully-misshapen-bowl-on-wood\/"},"modified":"2025-12-30T19:55:20","modified_gmt":"2025-12-30T19:55:20","slug":"kuenstlerisch-entstellte-schale-aus-geblasenem-glas-auf-holz","status":"publish","type":"product","link":"https:\/\/aromasentia.com\/de\/kuenstlerisch-entstellte-schale-aus-geblasenem-glas-auf-holz\/","title":{"rendered":"K\u00fcnstlerisch entstellte Schale aus geblasenem Glas auf Holz"},"content":{"rendered":"<p><span style=\"color: rgb(75, 80, 88);\"><strong>Kunstvoll verformte Schale aus geschmolzenem Glas auf Holz<\/strong> \u2013 eine fesselnde Verschmelzung von Kunstfertigkeit und nat\u00fcrlichem Reiz.<\/span><\/p>\n<p><span style=\"color: rgb(75, 80, 88);\">Das kreativ verformte Design der Schale aus geschmolzenem Glas verleiht einen Hauch von Individualit\u00e4t und bildet ein markantes Herzst\u00fcck.&nbsp;<\/span><\/p>\n<p><span style=\"color: rgb(75, 80, 88);\">Jede Schale ist mit einem Sockel aus Gamal-Holz und sorgf\u00e4ltig ausgew\u00e4hltem Holz versehen, wodurch sichergestellt wird, dass jedes St\u00fcck dieser Kollektion eine einzigartige und aufmerksamkeitsstarke Erg\u00e4nzung Ihres Angebots darstellt.<\/span><\/p>\n","protected":false},"excerpt":{"rendered":"<p>Kunstvoll verformte Schale aus geschmolzenem Glas auf Holz \u2013 eine fesselnde Verschmelzung von Kunstfertigkeit und nat\u00fcrlichem Reiz. Das kreativ verformte Design der Schale aus geschmolzenem Glas verleiht einen Hauch von Individualit\u00e4t und bildet ein markantes Herzst\u00fcck.&nbsp; Jede Schale ist mit einem Sockel aus Gamal-Holz und sorgf\u00e4ltig ausgew\u00e4hltem Holz versehen, wodurch sichergestellt wird, dass jedes St\u00fcck [&hellip;]<\/p>\n","protected":false},"featured_media":372609,"comment_status":"closed","ping_status":"open","template":"","meta":{"_angie_page":false},"product_brand":[],"product_cat":[17577,14451],"product_tag":[],"class_list":{"0":"post-227849","1":"product","2":"type-product","3":"status-publish","4":"has-post-thumbnail","6":"product_cat-glasdekor","7":"product_cat-haus-und-gartendeko","8":"pa_collection-molten-glass-on-wood-de","9":"pa_made-in-indonesien","11":"first","12":"instock","13":"purchasable","14":"product-type-simple"},"supplier_id":null,"supplier_sku":"MGW-36","barcode":null,"atum_controlled":true,"out_stock_date":null,"out_stock_threshold":null,"inheritable":false,"inbound_stock":null,"stock_on_hold":0,"sold_today":0,"sales_last_days":0,"reserved_stock":null,"customer_returns":null,"warehouse_damage":null,"lost_in_post":null,"other_logs":null,"out_stock_days":0,"lost_sales":0,"has_location":null,"update_date":"2026-04-27T07:12:49","atum_locations":[],"atum_stock_status":"instock","restock_status":false,"low_stock_amount":"","sales_update_date":"2026-01-30T01:24:55","calc_backorders":null,"_links":{"self":[{"href":"https:\/\/aromasentia.com\/de\/wp-json\/wp\/v2\/product\/227849","targetHints":{"allow":["GET"]}}],"collection":[{"href":"https:\/\/aromasentia.com\/de\/wp-json\/wp\/v2\/product"}],"about":[{"href":"https:\/\/aromasentia.com\/de\/wp-json\/wp\/v2\/types\/product"}],"replies":[{"embeddable":true,"href":"https:\/\/aromasentia.com\/de\/wp-json\/wp\/v2\/comments?post=227849"}],"version-history":[{"count":0,"href":"https:\/\/aromasentia.com\/de\/wp-json\/wp\/v2\/product\/227849\/revisions"}],"wp:featuredmedia":[{"embeddable":true,"href":"https:\/\/aromasentia.com\/de\/wp-json\/wp\/v2\/media\/372609"}],"wp:attachment":[{"href":"https:\/\/aromasentia.com\/de\/wp-json\/wp\/v2\/media?parent=227849"}],"wp:term":[{"taxonomy":"product_brand","embeddable":true,"href":"https:\/\/aromasentia.com\/de\/wp-json\/wp\/v2\/product_brand?post=227849"},{"taxonomy":"product_cat","embeddable":true,"href":"https:\/\/aromasentia.com\/de\/wp-json\/wp\/v2\/product_cat?post=227849"},{"taxonomy":"product_tag","embeddable":true,"href":"https:\/\/aromasentia.com\/de\/wp-json\/wp\/v2\/product_tag?post=227849"}],"curies":[{"name":"wp","href":"https:\/\/api.w.org\/{rel}","templated":true}]}}