{"id":227837,"date":"2025-03-22T16:05:46","date_gmt":"2025-03-22T16:05:46","guid":{"rendered":"https:\/\/aromasentia.com\/product\/molten-crackled-glass-tank-on-wood\/"},"modified":"2025-12-30T19:55:20","modified_gmt":"2025-12-30T19:55:20","slug":"gesprungener-glasbehaelter-geblasen-auf-holz","status":"publish","type":"product","link":"https:\/\/aromasentia.com\/de\/gesprungener-glasbehaelter-geblasen-auf-holz\/","title":{"rendered":"Gesprungener Glasbeh\u00e4lter, geblasen auf Holz"},"content":{"rendered":"<p><span style=\"color: rgb(75, 80, 88);\">Wir stellen eine Bali-Sensation vor: Handgefertigtes geschmolzenes Glas auf Holz, ein wahres Meisterwerk, das Bali im Sturm erobert hat!<\/span><\/p>\n<p><span style=\"color: rgb(75, 80, 88);\">Diese <strong>Tanks aus geschmolzenem, rissigem Glas auf Holz<\/strong>werden mit einem Hauch von Kunstfertigkeit auf Bali handgefertigt und vereinen zwei Welten in perfekter Harmonie: das Nat\u00fcrliche und das K\u00fcnstlerische, das Rustikale und das Anspruchsvolle, das Funktionale und das Spirituelle. Der Prozess beginnt mit dem fachm\u00e4nnischen Mundblasen des Glases, gefolgt vom kunstvollen Entspannen des Glases \u00fcber einer balinesischen Gamal-Holzwurzel, solange es noch warm ist. W\u00e4hrend das Glas abk\u00fchlt und fest wird, passt es sich anmutig den Konturen des Holzes an und erzeugt eine makellose Verbindung.<\/span><\/p>\n<p><span style=\"color: rgb(75, 80, 88);\">Begr\u00fc\u00dfen Sie die Sch\u00f6nheit der Natur in Ihren R\u00e4umen mit diesen unglaublich beeindruckenden und \u00fcberraschend erschwinglichen St\u00fccken nat\u00fcrlicher Kunst. Ihre Kunden werden sich garantiert in diese einzigartigen Kreationen verlieben \u2013 eine faszinierende Mischung aus Kunst und Natur.<\/span><\/p>\n<p><span style=\"color: rgb(75, 80, 88);\"><strong>Bitte beachten: Da dieses Produkt handgefertigt ist, kann es kleine Unvollkommenheiten im Glas geben, wie z. B. kleine Blasen und leichte Kratzer. Gr\u00f6\u00dfen und Designs k\u00f6nnen leicht variieren.<\/strong><\/span><\/p>\n<p><span style=\"color: rgb(141, 186, 216);\"><strong>Gestalten Sie eine sch\u00f6ne nat\u00fcrliche Pr\u00e4sentation und steigern Sie Ihren Umsatz. F\u00fcgen Sie es noch heute Ihrem Produktportfolio hinzu.<\/strong><\/span><\/p>\n","protected":false},"excerpt":{"rendered":"<p>Wir stellen eine Bali-Sensation vor: Handgefertigtes geschmolzenes Glas auf Holz, ein wahres Meisterwerk, das Bali im Sturm erobert hat! Diese Tanks aus geschmolzenem, rissigem Glas auf Holzwerden mit einem Hauch von Kunstfertigkeit auf Bali handgefertigt und vereinen zwei Welten in perfekter Harmonie: das Nat\u00fcrliche und das K\u00fcnstlerische, das Rustikale und das Anspruchsvolle, das Funktionale und [&hellip;]<\/p>\n","protected":false},"featured_media":372542,"comment_status":"closed","ping_status":"open","template":"","meta":{"_angie_page":false},"product_brand":[],"product_cat":[17577,14451],"product_tag":[],"class_list":{"0":"post-227837","1":"product","2":"type-product","3":"status-publish","4":"has-post-thumbnail","6":"product_cat-glasdekor","7":"product_cat-haus-und-gartendeko","8":"pa_collection-molten-glass-on-wood-de","9":"pa_made-in-indonesien","11":"first","12":"instock","13":"purchasable","14":"product-type-simple"},"supplier_id":null,"supplier_sku":"MGW-37","barcode":null,"atum_controlled":true,"out_stock_date":null,"out_stock_threshold":null,"inheritable":false,"inbound_stock":null,"stock_on_hold":0,"sold_today":0,"sales_last_days":0,"reserved_stock":null,"customer_returns":null,"warehouse_damage":null,"lost_in_post":null,"other_logs":null,"out_stock_days":0,"lost_sales":0,"has_location":null,"update_date":"2026-05-08T05:13:10","atum_locations":[],"atum_stock_status":"instock","restock_status":false,"low_stock_amount":"","sales_update_date":"2026-02-06T00:02:06","calc_backorders":null,"_links":{"self":[{"href":"https:\/\/aromasentia.com\/de\/wp-json\/wp\/v2\/product\/227837","targetHints":{"allow":["GET"]}}],"collection":[{"href":"https:\/\/aromasentia.com\/de\/wp-json\/wp\/v2\/product"}],"about":[{"href":"https:\/\/aromasentia.com\/de\/wp-json\/wp\/v2\/types\/product"}],"replies":[{"embeddable":true,"href":"https:\/\/aromasentia.com\/de\/wp-json\/wp\/v2\/comments?post=227837"}],"version-history":[{"count":0,"href":"https:\/\/aromasentia.com\/de\/wp-json\/wp\/v2\/product\/227837\/revisions"}],"wp:featuredmedia":[{"embeddable":true,"href":"https:\/\/aromasentia.com\/de\/wp-json\/wp\/v2\/media\/372542"}],"wp:attachment":[{"href":"https:\/\/aromasentia.com\/de\/wp-json\/wp\/v2\/media?parent=227837"}],"wp:term":[{"taxonomy":"product_brand","embeddable":true,"href":"https:\/\/aromasentia.com\/de\/wp-json\/wp\/v2\/product_brand?post=227837"},{"taxonomy":"product_cat","embeddable":true,"href":"https:\/\/aromasentia.com\/de\/wp-json\/wp\/v2\/product_cat?post=227837"},{"taxonomy":"product_tag","embeddable":true,"href":"https:\/\/aromasentia.com\/de\/wp-json\/wp\/v2\/product_tag?post=227837"}],"curies":[{"name":"wp","href":"https:\/\/api.w.org\/{rel}","templated":true}]}}