{"id":227833,"date":"2025-03-22T16:05:46","date_gmt":"2025-03-22T16:05:46","guid":{"rendered":"https:\/\/aromasentia.com\/product\/molton-glass-mini-blue-bowl-on-wood\/"},"modified":"2025-12-30T19:55:12","modified_gmt":"2025-12-30T19:55:12","slug":"geschmolzenes-glas-mini-blue-bowl-auf-holz","status":"publish","type":"product","link":"https:\/\/aromasentia.com\/de\/geschmolzenes-glas-mini-blue-bowl-auf-holz\/","title":{"rendered":"Geschmolzenes Glas Mini Blue Bowl auf Holz"},"content":{"rendered":"<p><strong>Gro\u00dfhandel Molten Glass Mini Blue Bowl on Wood<\/strong><\/p>\n<p>Wie Sie wissen, ist alles, was mit Zimmerpflanzen zu tun hat und nat\u00fcrlich ist, ein gro\u00dfer Trend, und dieses sch\u00f6ne und nat\u00fcrliche Produkt ist genau das Richtige. Sie werden in Handarbeit aus recyceltem Glas und Gamalholz hergestellt. Diese sch\u00f6nen Glasschmelzen bringen das Beste aus zwei Welten zusammen: nat\u00fcrlich und k\u00fcnstlich, erdig und schick, praktisch und spirituell.<\/p>\n<p>Produktgr\u00f6\u00dfe: Schale auf dem Holz: L:12cm H:7cm &nbsp;Schalengr\u00f6\u00dfe: D: 6cm H:5cm Gewicht: 400g&nbsp;<\/p>\n<p><em>Bitte beachten Sie: Aufgrund der handgefertigten Natur dieses Produkts kann es kleine Unvollkommenheiten im Glas wie kleine Blasen, leichte Kratzer geben. Gr\u00f6\u00dfen und Designs k\u00f6nnen leicht variieren.<\/em><\/p>\n","protected":false},"excerpt":{"rendered":"<p>Gro\u00dfhandel Molten Glass Mini Blue Bowl on Wood Wie Sie wissen, ist alles, was mit Zimmerpflanzen zu tun hat und nat\u00fcrlich ist, ein gro\u00dfer Trend, und dieses sch\u00f6ne und nat\u00fcrliche Produkt ist genau das Richtige. Sie werden in Handarbeit aus recyceltem Glas und Gamalholz hergestellt. Diese sch\u00f6nen Glasschmelzen bringen das Beste aus zwei Welten zusammen: [&hellip;]<\/p>\n","protected":false},"featured_media":372509,"comment_status":"closed","ping_status":"open","template":"","meta":{"_angie_page":false},"product_brand":[],"product_cat":[17577,14451],"product_tag":[],"class_list":{"0":"post-227833","1":"product","2":"type-product","3":"status-publish","4":"has-post-thumbnail","6":"product_cat-glasdekor","7":"product_cat-haus-und-gartendeko","8":"pa_collection-molten-glass-on-wood-de","9":"pa_made-in-indonesien","11":"first","12":"instock","13":"purchasable","14":"product-type-simple"},"supplier_id":null,"supplier_sku":"MGW-34","barcode":null,"atum_controlled":true,"out_stock_date":null,"out_stock_threshold":null,"inheritable":false,"inbound_stock":null,"stock_on_hold":0,"sold_today":0,"sales_last_days":0,"reserved_stock":null,"customer_returns":null,"warehouse_damage":null,"lost_in_post":null,"other_logs":null,"out_stock_days":0,"lost_sales":0,"has_location":null,"update_date":"2026-05-08T05:13:10","atum_locations":[],"atum_stock_status":"instock","restock_status":false,"low_stock_amount":"","sales_update_date":"2025-09-05T00:29:31","calc_backorders":null,"_links":{"self":[{"href":"https:\/\/aromasentia.com\/de\/wp-json\/wp\/v2\/product\/227833","targetHints":{"allow":["GET"]}}],"collection":[{"href":"https:\/\/aromasentia.com\/de\/wp-json\/wp\/v2\/product"}],"about":[{"href":"https:\/\/aromasentia.com\/de\/wp-json\/wp\/v2\/types\/product"}],"replies":[{"embeddable":true,"href":"https:\/\/aromasentia.com\/de\/wp-json\/wp\/v2\/comments?post=227833"}],"version-history":[{"count":0,"href":"https:\/\/aromasentia.com\/de\/wp-json\/wp\/v2\/product\/227833\/revisions"}],"wp:featuredmedia":[{"embeddable":true,"href":"https:\/\/aromasentia.com\/de\/wp-json\/wp\/v2\/media\/372509"}],"wp:attachment":[{"href":"https:\/\/aromasentia.com\/de\/wp-json\/wp\/v2\/media?parent=227833"}],"wp:term":[{"taxonomy":"product_brand","embeddable":true,"href":"https:\/\/aromasentia.com\/de\/wp-json\/wp\/v2\/product_brand?post=227833"},{"taxonomy":"product_cat","embeddable":true,"href":"https:\/\/aromasentia.com\/de\/wp-json\/wp\/v2\/product_cat?post=227833"},{"taxonomy":"product_tag","embeddable":true,"href":"https:\/\/aromasentia.com\/de\/wp-json\/wp\/v2\/product_tag?post=227833"}],"curies":[{"name":"wp","href":"https:\/\/api.w.org\/{rel}","templated":true}]}}