{"id":227829,"date":"2025-03-22T16:05:46","date_gmt":"2025-03-22T16:05:46","guid":{"rendered":"https:\/\/aromasentia.com\/product\/molton-glass-v-shaped-art-vase-on-wood\/"},"modified":"2025-12-30T19:55:12","modified_gmt":"2025-12-30T19:55:12","slug":"v-foermige-kunstvase-aus-geschmolzenem-glas-auf-holz","status":"publish","type":"product","link":"https:\/\/aromasentia.com\/de\/v-foermige-kunstvase-aus-geschmolzenem-glas-auf-holz\/","title":{"rendered":"V-f\u00f6rmige Kunstvase aus geschmolzenem Glas auf Holz"},"content":{"rendered":"<p><strong>Ancient Wisdom Handmade Melted Glass on Wood<\/strong> ist endlich da. Wahrscheinlich das Beste, was seit Jahren aus Bali kam. In Holland bereits ein gro\u00dfer Trend. Alles, was mit Zimmerpflanzen zu tun hat und nat\u00fcrlich ist, ist ein gro\u00dfer Trend, und dieses sch\u00f6ne und nat\u00fcrliche Produkt ist genau das Richtige. Sie werden in Bali von Hand aus recyceltem Glas und balinesischem Gamal-Holz hergestellt. Diese atemberaubende Vase aus geschmolzenem Kunstglas vereint das Beste aus zwei Welten: nat\u00fcrlich und k\u00fcnstlich, erdig und schick, praktisch und spirituell.<\/p>\n<p>Das Glas wird mundgeblasen und noch hei\u00df \u00fcber einem St\u00fcck Gamal-Wurzel entspannt. Das Glas h\u00e4rtet dann aus und passt sich der Form des Holzes an, so dass es perfekt sitzt. Sie werden mit einem Naturprodukt und Handwerkzeugen auf traditionelle balinesische Weise hergestellt. Jedes St\u00fcck ist ein Unikat, da es aus nat\u00fcrlichem, nachhaltigem Gamal-Holz besteht und das recycelte Glas entsprechend geformt ist, was zu seiner Authentizit\u00e4t beitr\u00e4gt. <strong>Ihre Kunden werden es lieben.<\/strong> Sie k\u00f6nnen f\u00fcr Zimmerpflanzen, Zen-G\u00e4rten oder Schwimmkerzen verwendet werden.<\/p>\n<p>Bringen Sie die Natur ins Haus mit diesen atemberaubenden und erschwinglichen nat\u00fcrlichen Kunstwerken.<\/p>\n<p><strong>Machen Sie eine sch\u00f6ne nat\u00fcrliche Auslage und steigern Sie den Umsatz. &nbsp;Bestellen Sie noch heute.<\/strong><\/p>\n<p><strong>Gr\u00f6\u00dfe: H:20cm T:9cm, B:14cm, 600ml (bitte beachten Sie, dass die Gr\u00f6\u00dfen leicht variieren k\u00f6nnen)&nbsp;<\/strong><\/p>\n<p><\/p>\n<p><strong>Bitte beachten: Aufgrund der handgefertigten Natur dieses Produkts kann es kleine Unvollkommenheiten im Glas geben, wie kleine Blasen und leichte Kratzer. Gr\u00f6\u00dfen und Designs k\u00f6nnen leicht variieren.<\/strong><\/p>\n","protected":false},"excerpt":{"rendered":"<p>Ancient Wisdom Handmade Melted Glass on Wood ist endlich da. Wahrscheinlich das Beste, was seit Jahren aus Bali kam. In Holland bereits ein gro\u00dfer Trend. Alles, was mit Zimmerpflanzen zu tun hat und nat\u00fcrlich ist, ist ein gro\u00dfer Trend, und dieses sch\u00f6ne und nat\u00fcrliche Produkt ist genau das Richtige. Sie werden in Bali von Hand [&hellip;]<\/p>\n","protected":false},"featured_media":372492,"comment_status":"closed","ping_status":"open","template":"","meta":{"_angie_page":false},"product_brand":[],"product_cat":[17577,14451],"product_tag":[],"class_list":{"0":"post-227829","1":"product","2":"type-product","3":"status-publish","4":"has-post-thumbnail","6":"product_cat-glasdekor","7":"product_cat-haus-und-gartendeko","8":"pa_collection-molten-glass-on-wood-de","9":"pa_made-in-indonesien","11":"first","12":"instock","13":"purchasable","14":"product-type-simple"},"supplier_id":null,"supplier_sku":"MGW-29","barcode":null,"atum_controlled":true,"out_stock_date":null,"out_stock_threshold":null,"inheritable":false,"inbound_stock":null,"stock_on_hold":0,"sold_today":0,"sales_last_days":0,"reserved_stock":null,"customer_returns":null,"warehouse_damage":null,"lost_in_post":null,"other_logs":null,"out_stock_days":0,"lost_sales":0,"has_location":null,"update_date":"2026-05-08T05:13:10","atum_locations":[],"atum_stock_status":"instock","restock_status":false,"low_stock_amount":"","sales_update_date":"2026-02-06T00:02:04","calc_backorders":null,"_links":{"self":[{"href":"https:\/\/aromasentia.com\/de\/wp-json\/wp\/v2\/product\/227829","targetHints":{"allow":["GET"]}}],"collection":[{"href":"https:\/\/aromasentia.com\/de\/wp-json\/wp\/v2\/product"}],"about":[{"href":"https:\/\/aromasentia.com\/de\/wp-json\/wp\/v2\/types\/product"}],"replies":[{"embeddable":true,"href":"https:\/\/aromasentia.com\/de\/wp-json\/wp\/v2\/comments?post=227829"}],"version-history":[{"count":0,"href":"https:\/\/aromasentia.com\/de\/wp-json\/wp\/v2\/product\/227829\/revisions"}],"wp:featuredmedia":[{"embeddable":true,"href":"https:\/\/aromasentia.com\/de\/wp-json\/wp\/v2\/media\/372492"}],"wp:attachment":[{"href":"https:\/\/aromasentia.com\/de\/wp-json\/wp\/v2\/media?parent=227829"}],"wp:term":[{"taxonomy":"product_brand","embeddable":true,"href":"https:\/\/aromasentia.com\/de\/wp-json\/wp\/v2\/product_brand?post=227829"},{"taxonomy":"product_cat","embeddable":true,"href":"https:\/\/aromasentia.com\/de\/wp-json\/wp\/v2\/product_cat?post=227829"},{"taxonomy":"product_tag","embeddable":true,"href":"https:\/\/aromasentia.com\/de\/wp-json\/wp\/v2\/product_tag?post=227829"}],"curies":[{"name":"wp","href":"https:\/\/api.w.org\/{rel}","templated":true}]}}