{"id":227769,"date":"2025-03-22T16:05:57","date_gmt":"2025-03-22T16:05:57","guid":{"rendered":"https:\/\/aromasentia.com\/product\/set-of-4-himalayan-salt-shot-glasses-wood-serving-stand\/"},"modified":"2025-12-30T19:55:04","modified_gmt":"2025-12-30T19:55:04","slug":"4x-himalayasalz-shotglaeser-holzserviertablett","status":"publish","type":"product","link":"https:\/\/aromasentia.com\/de\/4x-himalayasalz-shotglaeser-holzserviertablett\/","title":{"rendered":"4x Himalayasalz &#8211; Shotgl\u00e4ser &#038; Holzserviertablett"},"content":{"rendered":"<p>Die ultimativ beste Art, Tequila zu servieren, in Gl\u00e4sern aus reinem, nat\u00fcrlichem Himalaya-Salz. Ihre lebenslustigen Kunden werden es wirklich genie\u00dfen, daraus Shots zu kippen. Salz ist von Natur aus antibakteriell und superstabil, sodass sie f\u00fcr mehrere Runden reichen. Prost!<\/p>\n<p>Ein perfektes Geschenk f\u00fcr alle, die gerne Shots trinken. Eine attraktive Erg\u00e4nzung f\u00fcr jede Bar \u2013 und was w\u00e4re ein besseres Geschenk zum Vatertag?<\/p>\n<p>Da diese Gl\u00e4ser aus reinem Salz bestehen, l\u00f6sen sie sich auf. Wischen Sie sie einfach mit einem feuchten Tuch ab und trocknen Sie sie zwischen den Anwendungen mit einem trockenen Tuch. Ein nat\u00fcrlich geschnitztes Serviertablett aus Holz, pr\u00e4sentiert in einer sch\u00f6nen Geschenkbox.<\/p>\n<p>Ein leicht zu verkaufendes Premiumprodukt. Stellen Sie es auf und geben Sie Ihrem Umsatz eine Chance! Da es sich um ein vollkommen nat\u00fcrliches Produkt handelt, k\u00f6nnen Farbe und Gewicht leicht variieren.<\/p>\n<ul style=\"padding: 0px; font-style: normal; font-variant-ligatures: normal; font-variant-caps: normal; font-weight: 400; letter-spacing: normal; orphans: 2; text-align: start; text-indent: 0px; text-transform: none; white-space: normal; widows: 2; -webkit-text-stroke-width: 0px; text-decoration-thickness: initial; text-decoration-style: initial; text-decoration-color: initial; box-sizing: border-box; margin-left: 30px; color: rgb(0, 0, 0); font-family: Lato, Arial, sans-serif; font-size: 14px; word-spacing: 1.2px; background-color: rgb(255, 255, 255);\">\n<li style=\"box-sizing: border-box;\">Salz ist von Natur aus antibakteriell, verwenden Sie daher keine Reinigungsmittel.<\/li>\n<li style=\"box-sizing: border-box;\">Zum Reinigen einfach mit Wasser absp\u00fclen und mit einem Tuch trockentupfen.<\/li>\n<li style=\"box-sizing: border-box;\">Niemals in die Sp\u00fclmaschine geben.<\/li>\n<\/ul>\n<p>Gewicht des Glases: 0,200 Gramm<\/p>\n<p>Glasgr\u00f6\u00dfe: H: 7,5 cm, T: 3 cm<\/p>\n<p>Gewicht des Tabletts mit vier Gl\u00e4sern: 1,100 Gramm<\/p>\n","protected":false},"excerpt":{"rendered":"<p>Die ultimativ beste Art, Tequila zu servieren, in Gl\u00e4sern aus reinem, nat\u00fcrlichem Himalaya-Salz. Ihre lebenslustigen Kunden werden es wirklich genie\u00dfen, daraus Shots zu kippen. Salz ist von Natur aus antibakteriell und superstabil, sodass sie f\u00fcr mehrere Runden reichen. Prost! Ein perfektes Geschenk f\u00fcr alle, die gerne Shots trinken. Eine attraktive Erg\u00e4nzung f\u00fcr jede Bar \u2013 [&hellip;]<\/p>\n","protected":false},"featured_media":376825,"comment_status":"closed","ping_status":"open","template":"","meta":[],"product_brand":[],"product_cat":[14451,16991],"product_tag":[],"class_list":{"0":"post-227769","1":"product","2":"type-product","3":"status-publish","4":"has-post-thumbnail","6":"product_cat-haus-und-gartendeko","7":"product_cat-kuche-und-zubehor","8":"pa_collection-himalayan-salt-shot-glasses-wood-serving-tray-de","9":"pa_made-in-pakistan","11":"first","12":"instock","13":"purchasable","14":"product-type-simple"},"supplier_id":null,"supplier_sku":"QsaltS-01","barcode":null,"atum_controlled":true,"out_stock_date":null,"out_stock_threshold":null,"inheritable":false,"inbound_stock":null,"stock_on_hold":0,"sold_today":0,"sales_last_days":0,"reserved_stock":null,"customer_returns":null,"warehouse_damage":null,"lost_in_post":null,"other_logs":null,"out_stock_days":0,"lost_sales":0,"has_location":null,"update_date":"2026-02-06T00:01:27","atum_locations":[],"atum_stock_status":"instock","restock_status":false,"low_stock_amount":"","sales_update_date":"2026-02-06T00:01:27","calc_backorders":null,"_links":{"self":[{"href":"https:\/\/aromasentia.com\/de\/wp-json\/wp\/v2\/product\/227769","targetHints":{"allow":["GET"]}}],"collection":[{"href":"https:\/\/aromasentia.com\/de\/wp-json\/wp\/v2\/product"}],"about":[{"href":"https:\/\/aromasentia.com\/de\/wp-json\/wp\/v2\/types\/product"}],"replies":[{"embeddable":true,"href":"https:\/\/aromasentia.com\/de\/wp-json\/wp\/v2\/comments?post=227769"}],"version-history":[{"count":0,"href":"https:\/\/aromasentia.com\/de\/wp-json\/wp\/v2\/product\/227769\/revisions"}],"wp:featuredmedia":[{"embeddable":true,"href":"https:\/\/aromasentia.com\/de\/wp-json\/wp\/v2\/media\/376825"}],"wp:attachment":[{"href":"https:\/\/aromasentia.com\/de\/wp-json\/wp\/v2\/media?parent=227769"}],"wp:term":[{"taxonomy":"product_brand","embeddable":true,"href":"https:\/\/aromasentia.com\/de\/wp-json\/wp\/v2\/product_brand?post=227769"},{"taxonomy":"product_cat","embeddable":true,"href":"https:\/\/aromasentia.com\/de\/wp-json\/wp\/v2\/product_cat?post=227769"},{"taxonomy":"product_tag","embeddable":true,"href":"https:\/\/aromasentia.com\/de\/wp-json\/wp\/v2\/product_tag?post=227769"}],"curies":[{"name":"wp","href":"https:\/\/api.w.org\/{rel}","templated":true}]}}