{"id":227765,"date":"2025-03-22T16:05:57","date_gmt":"2025-03-22T16:05:57","guid":{"rendered":"https:\/\/aromasentia.com\/product\/salt-fire-bowl-and-chunks-15cm-x-9cm-2\/"},"modified":"2025-12-30T19:55:04","modified_gmt":"2025-12-30T19:55:04","slug":"salz-fire-bowl-and-chunks-15cm-x-9cm","status":"publish","type":"product","link":"https:\/\/aromasentia.com\/de\/salz-fire-bowl-and-chunks-15cm-x-9cm\/","title":{"rendered":"Salz Fire Bowl and Chunks &#8211; 15cm x 9cm"},"content":{"rendered":"<p>Schaffen Sie ein hypnotisierendes Ambiente mit dieser Salzfeuerschale und den Salzbrocken. Dieses Set besteht aus einer aus Himalaya-Salz geschnitzten Schale (ca. 15 cm x 9 cm), die mit nat\u00fcrlichen Salzbrocken gef\u00fcllt ist. Wenn ein Teelicht oder eine kleine Gl\u00fchbirne darin oder darunter platziert wird, gl\u00fchen die Brocken warm, ahmen die Glut eines Feuers nach und setzen negative Ionen frei, um die Luft zu reinigen. Ein atemberaubender und therapeutischer Tafelaufsatz, der ein beruhigendes, urspr\u00fcngliches Gl\u00fchen und reinigende Energie in jeden Raum bringt und die Entspannung f\u00f6rdert.<\/p>\n","protected":false},"excerpt":{"rendered":"<p>Schaffen Sie ein hypnotisierendes Ambiente mit dieser Salzfeuerschale und den Salzbrocken. Dieses Set besteht aus einer aus Himalaya-Salz geschnitzten Schale (ca. 15 cm x 9 cm), die mit nat\u00fcrlichen Salzbrocken gef\u00fcllt ist. Wenn ein Teelicht oder eine kleine Gl\u00fchbirne darin oder darunter platziert wird, gl\u00fchen die Brocken warm, ahmen die Glut eines Feuers nach und [&hellip;]<\/p>\n","protected":false},"featured_media":376776,"comment_status":"closed","ping_status":"open","template":"","meta":{"_angie_page":false},"product_brand":[],"product_cat":[17269,14451,17245,17270],"product_tag":[],"class_list":{"0":"post-227765","1":"product","2":"type-product","3":"status-publish","4":"has-post-thumbnail","6":"product_cat-esoterik-geschenke","7":"product_cat-haus-und-gartendeko","8":"product_cat-lampen-und-laternen","9":"product_cat-salzlampen-salzsteinlampen-salzkristall","10":"pa_collection-himalayan-salt-lamps-candle-holders-de","12":"first","13":"instock","14":"purchasable","15":"product-type-simple"},"supplier_id":null,"supplier_sku":"QSalt-62UK","barcode":null,"atum_controlled":true,"out_stock_date":null,"out_stock_threshold":null,"inheritable":false,"inbound_stock":null,"stock_on_hold":0,"sold_today":0,"sales_last_days":0,"reserved_stock":null,"customer_returns":null,"warehouse_damage":null,"lost_in_post":null,"other_logs":null,"out_stock_days":0,"lost_sales":0,"has_location":null,"update_date":"2026-04-27T07:18:58","atum_locations":[],"atum_stock_status":"instock","restock_status":false,"low_stock_amount":"","sales_update_date":"2026-01-30T01:25:31","calc_backorders":null,"_links":{"self":[{"href":"https:\/\/aromasentia.com\/de\/wp-json\/wp\/v2\/product\/227765","targetHints":{"allow":["GET"]}}],"collection":[{"href":"https:\/\/aromasentia.com\/de\/wp-json\/wp\/v2\/product"}],"about":[{"href":"https:\/\/aromasentia.com\/de\/wp-json\/wp\/v2\/types\/product"}],"replies":[{"embeddable":true,"href":"https:\/\/aromasentia.com\/de\/wp-json\/wp\/v2\/comments?post=227765"}],"version-history":[{"count":0,"href":"https:\/\/aromasentia.com\/de\/wp-json\/wp\/v2\/product\/227765\/revisions"}],"wp:featuredmedia":[{"embeddable":true,"href":"https:\/\/aromasentia.com\/de\/wp-json\/wp\/v2\/media\/376776"}],"wp:attachment":[{"href":"https:\/\/aromasentia.com\/de\/wp-json\/wp\/v2\/media?parent=227765"}],"wp:term":[{"taxonomy":"product_brand","embeddable":true,"href":"https:\/\/aromasentia.com\/de\/wp-json\/wp\/v2\/product_brand?post=227765"},{"taxonomy":"product_cat","embeddable":true,"href":"https:\/\/aromasentia.com\/de\/wp-json\/wp\/v2\/product_cat?post=227765"},{"taxonomy":"product_tag","embeddable":true,"href":"https:\/\/aromasentia.com\/de\/wp-json\/wp\/v2\/product_tag?post=227765"}],"curies":[{"name":"wp","href":"https:\/\/api.w.org\/{rel}","templated":true}]}}