{"id":227761,"date":"2025-03-22T16:05:57","date_gmt":"2025-03-22T16:05:57","guid":{"rendered":"https:\/\/aromasentia.com\/product\/crystal-rock-himalayan-salt-lamp-apx-20-25kg\/"},"modified":"2025-12-30T19:55:04","modified_gmt":"2025-12-30T19:55:04","slug":"crystal-rock-himalayan-salt-lamp-apx-20-25kg","status":"publish","type":"product","link":"https:\/\/aromasentia.com\/de\/crystal-rock-himalayan-salt-lamp-apx-20-25kg\/","title":{"rendered":"Crystal Rock Himalayan Salt Lamp &#8211; apx 20-25Kg"},"content":{"rendered":"<p><span style=\"color: rgb(75, 80, 88);\">Verleihen Sie Ihrem Gesch\u00e4ft mit dieser riesigen <strong>Kristall-Himalaya-Salzlampe (ca. 20\u201325 kg)<\/strong><\/span><\/p>\n<p><span style=\"color: rgb(75, 80, 88);\">ein atemberaubendes Herzst\u00fcck und einen Hauch nat\u00fcrlicher Sch\u00f6nheit!<\/span><\/p>\n<p><span style=\"color: rgb(75, 80, 88);\">Jede Lampe ist ein einzigartiges Meisterwerk, gefertigt aus einem massiven Block echten Himalaya-Salzes. Dieses beeindruckende St\u00fcck sorgt garantiert f\u00fcr Gespr\u00e4chsstoff und ist ein faszinierendes Highlight in jeder Umgebung.<\/span><\/p>\n<p><span style=\"color: rgb(75, 80, 88);\">Seine enorme Gr\u00f6\u00dfe erzeugt einen dramatischen, beeindruckenden Lichteffekt. Stellen Sie sich ein warmes, stimmungsvolles Licht vor, das von diesem Naturwunder ausgeht und Ihren Raum mit den beruhigenden Farbt\u00f6nen von wei\u00dfem Himalaya-Salz erf\u00fcllt. Es wird die Aufmerksamkeit der Kunden auf sich ziehen, den Umsatz steigern und Ihr Gesch\u00e4ft hervorstechen lassen.<\/span><\/p>\n<p><span style=\"color: rgb(75, 80, 88);\"><strong>F\u00fcgen Sie die hochwertige Himalaya-Salzlampe aus Kristallgestein (20\u201325\u00a0kg) zu Ihrem Produktportfolio hinzu und erleben Sie, wie Ihre Ums\u00e4tze steil steigen!<\/strong><\/span><\/p>\n","protected":false},"excerpt":{"rendered":"<p>Verleihen Sie Ihrem Gesch\u00e4ft mit dieser riesigen Kristall-Himalaya-Salzlampe (ca. 20\u201325 kg) ein atemberaubendes Herzst\u00fcck und einen Hauch nat\u00fcrlicher Sch\u00f6nheit! Jede Lampe ist ein einzigartiges Meisterwerk, gefertigt aus einem massiven Block echten Himalaya-Salzes. Dieses beeindruckende St\u00fcck sorgt garantiert f\u00fcr Gespr\u00e4chsstoff und ist ein faszinierendes Highlight in jeder Umgebung. Seine enorme Gr\u00f6\u00dfe erzeugt einen dramatischen, beeindruckenden Lichteffekt. [&hellip;]<\/p>\n","protected":false},"featured_media":376751,"comment_status":"closed","ping_status":"open","template":"","meta":{"_angie_page":false},"product_brand":[],"product_cat":[17269,14451,17245,17270],"product_tag":[],"class_list":{"0":"post-227761","1":"product","2":"type-product","3":"status-publish","4":"has-post-thumbnail","6":"product_cat-esoterik-geschenke","7":"product_cat-haus-und-gartendeko","8":"product_cat-lampen-und-laternen","9":"product_cat-salzlampen-salzsteinlampen-salzkristall","10":"pa_collection-himalayan-salt-lamps-candle-holders-de","11":"pa_made-in-pakistan","13":"first","14":"instock","15":"purchasable","16":"product-type-simple"},"supplier_id":null,"supplier_sku":"QSalt-39W","barcode":null,"atum_controlled":true,"out_stock_date":null,"out_stock_threshold":null,"inheritable":false,"inbound_stock":null,"stock_on_hold":0,"sold_today":0,"sales_last_days":0,"reserved_stock":null,"customer_returns":null,"warehouse_damage":null,"lost_in_post":null,"other_logs":null,"out_stock_days":0,"lost_sales":0,"has_location":null,"update_date":"2026-04-27T07:18:58","atum_locations":[],"atum_stock_status":"instock","restock_status":false,"low_stock_amount":"","sales_update_date":"2025-09-04T00:29:41","calc_backorders":null,"_links":{"self":[{"href":"https:\/\/aromasentia.com\/de\/wp-json\/wp\/v2\/product\/227761","targetHints":{"allow":["GET"]}}],"collection":[{"href":"https:\/\/aromasentia.com\/de\/wp-json\/wp\/v2\/product"}],"about":[{"href":"https:\/\/aromasentia.com\/de\/wp-json\/wp\/v2\/types\/product"}],"replies":[{"embeddable":true,"href":"https:\/\/aromasentia.com\/de\/wp-json\/wp\/v2\/comments?post=227761"}],"version-history":[{"count":0,"href":"https:\/\/aromasentia.com\/de\/wp-json\/wp\/v2\/product\/227761\/revisions"}],"wp:featuredmedia":[{"embeddable":true,"href":"https:\/\/aromasentia.com\/de\/wp-json\/wp\/v2\/media\/376751"}],"wp:attachment":[{"href":"https:\/\/aromasentia.com\/de\/wp-json\/wp\/v2\/media?parent=227761"}],"wp:term":[{"taxonomy":"product_brand","embeddable":true,"href":"https:\/\/aromasentia.com\/de\/wp-json\/wp\/v2\/product_brand?post=227761"},{"taxonomy":"product_cat","embeddable":true,"href":"https:\/\/aromasentia.com\/de\/wp-json\/wp\/v2\/product_cat?post=227761"},{"taxonomy":"product_tag","embeddable":true,"href":"https:\/\/aromasentia.com\/de\/wp-json\/wp\/v2\/product_tag?post=227761"}],"curies":[{"name":"wp","href":"https:\/\/api.w.org\/{rel}","templated":true}]}}