{"id":227745,"date":"2025-03-22T16:05:57","date_gmt":"2025-03-22T16:05:57","guid":{"rendered":"https:\/\/aromasentia.com\/product\/crystal-rock-himalayan-salt-lamp-base-apx-2-3kg\/"},"modified":"2025-12-30T19:54:56","modified_gmt":"2025-12-30T19:54:56","slug":"crystal-rock-himalayan-salt-lamp-base-apx-2-3kg","status":"publish","type":"product","link":"https:\/\/aromasentia.com\/de\/crystal-rock-himalayan-salt-lamp-base-apx-2-3kg\/","title":{"rendered":"Crystal Rock Himalayan Salt Lamp &#8211; &#038; Base apx 2-3kg"},"content":{"rendered":"<p><strong><span style=\"color: rgb(75, 80, 88);\">Versch\u00f6nern Sie das Ambiente Ihres Gesch\u00e4fts mit einer Himalaya-Salzlampe (2\u20133 kg) aus Kristallgestein!<\/span><\/strong><\/p>\n<p><span style=\"color: rgb(75, 80, 88);\">Jede Lampe ist aus reinem, wei\u00dfem Himalaya-Salz handgeschnitzt, sodass keine zwei Lampen identisch sind. Die nat\u00fcrlichen Unterschiede in Gr\u00f6\u00dfe, Form und Farbe machen jede Lampe zu einem unverwechselbaren St\u00fcck, das jedem Raum einen Hauch organischer Eleganz verleiht.<\/span><\/p>\n<p><span style=\"color: rgb(75, 80, 88);\">Himalaya-Salz wird nicht nur f\u00fcr seine Sch\u00f6nheit, sondern auch f\u00fcr seine potenziellen gesundheitlichen Vorteile gesch\u00e4tzt. Es wird angenommen, dass es negative Ionen freisetzt, die die Luft reinigen und eine ruhigere Umgebung schaffen k\u00f6nnen. Lassen Sie Ihre Kunden im sanften, wohltuenden Schein der 2\u20133 kg schweren Himalaya-Salzlampe aus Kristallgestein entspannen.<\/span><\/p>\n<p><span style=\"color: rgb(75, 80, 88);\">Da diese Salzlampen unter Innenarchitekten immer beliebter werden, werden sie sich in Ihrem Sortiment garantiert zu einem Verkaufsschlager entwickeln.<\/span><\/p>\n<p><strong><span style=\"color: rgb(75, 80, 88);\">Jede Salzlampe wird komplett mit Leuchte, Gl\u00fchbirne und EU-Stecker geliefert.<\/span><\/strong><\/p>\n","protected":false},"excerpt":{"rendered":"<p>Versch\u00f6nern Sie das Ambiente Ihres Gesch\u00e4fts mit einer Himalaya-Salzlampe (2\u20133 kg) aus Kristallgestein! Jede Lampe ist aus reinem, wei\u00dfem Himalaya-Salz handgeschnitzt, sodass keine zwei Lampen identisch sind. Die nat\u00fcrlichen Unterschiede in Gr\u00f6\u00dfe, Form und Farbe machen jede Lampe zu einem unverwechselbaren St\u00fcck, das jedem Raum einen Hauch organischer Eleganz verleiht. Himalaya-Salz wird nicht nur f\u00fcr [&hellip;]<\/p>\n","protected":false},"featured_media":376563,"comment_status":"closed","ping_status":"open","template":"","meta":[],"product_brand":[],"product_cat":[17269,14451,17245,17270],"product_tag":[],"class_list":{"0":"post-227745","1":"product","2":"type-product","3":"status-publish","4":"has-post-thumbnail","6":"product_cat-esoterik-geschenke","7":"product_cat-haus-und-gartendeko","8":"product_cat-lampen-und-laternen","9":"product_cat-salzlampen-salzsteinlampen-salzkristall","10":"pa_collection-himalayan-salt-lamps-candle-holders-de","11":"pa_made-in-pakistan","13":"first","14":"instock","15":"purchasable","16":"product-type-simple"},"supplier_id":null,"supplier_sku":"QSalt-12W","barcode":null,"atum_controlled":true,"out_stock_date":null,"out_stock_threshold":null,"inheritable":false,"inbound_stock":null,"stock_on_hold":0,"sold_today":0,"sales_last_days":0,"reserved_stock":null,"customer_returns":null,"warehouse_damage":null,"lost_in_post":null,"other_logs":null,"out_stock_days":0,"lost_sales":0,"has_location":null,"update_date":"2026-02-10T10:23:39","atum_locations":[],"atum_stock_status":"instock","restock_status":false,"low_stock_amount":"","sales_update_date":"2025-09-04T00:29:39","calc_backorders":null,"_links":{"self":[{"href":"https:\/\/aromasentia.com\/de\/wp-json\/wp\/v2\/product\/227745","targetHints":{"allow":["GET"]}}],"collection":[{"href":"https:\/\/aromasentia.com\/de\/wp-json\/wp\/v2\/product"}],"about":[{"href":"https:\/\/aromasentia.com\/de\/wp-json\/wp\/v2\/types\/product"}],"replies":[{"embeddable":true,"href":"https:\/\/aromasentia.com\/de\/wp-json\/wp\/v2\/comments?post=227745"}],"version-history":[{"count":0,"href":"https:\/\/aromasentia.com\/de\/wp-json\/wp\/v2\/product\/227745\/revisions"}],"wp:featuredmedia":[{"embeddable":true,"href":"https:\/\/aromasentia.com\/de\/wp-json\/wp\/v2\/media\/376563"}],"wp:attachment":[{"href":"https:\/\/aromasentia.com\/de\/wp-json\/wp\/v2\/media?parent=227745"}],"wp:term":[{"taxonomy":"product_brand","embeddable":true,"href":"https:\/\/aromasentia.com\/de\/wp-json\/wp\/v2\/product_brand?post=227745"},{"taxonomy":"product_cat","embeddable":true,"href":"https:\/\/aromasentia.com\/de\/wp-json\/wp\/v2\/product_cat?post=227745"},{"taxonomy":"product_tag","embeddable":true,"href":"https:\/\/aromasentia.com\/de\/wp-json\/wp\/v2\/product_tag?post=227745"}],"curies":[{"name":"wp","href":"https:\/\/api.w.org\/{rel}","templated":true}]}}