{"id":227741,"date":"2025-03-22T16:05:57","date_gmt":"2025-03-22T16:05:57","guid":{"rendered":"https:\/\/aromasentia.com\/product\/crystal-rock-himalayan-salt-candle-holder-600-800g\/"},"modified":"2025-12-30T19:54:56","modified_gmt":"2025-12-30T19:54:56","slug":"crystal-rock-himalayan-salt-candle-holder-600-800g","status":"publish","type":"product","link":"https:\/\/aromasentia.com\/de\/crystal-rock-himalayan-salt-candle-holder-600-800g\/","title":{"rendered":"Crystal Rock Himalayan Salt Candle Holder 600-800g"},"content":{"rendered":"<p><span style=\"color: rgb(75, 80, 88);\">Wir pr\u00e4sentieren den Himalaya-<strong>Kristall-Steinsalz Kerzenhalter<\/strong>, eine faszinierende Erg\u00e4nzung f\u00fcr Ihre Inneneinrichtung!<\/span><\/p>\n<p><span style=\"color: rgb(75, 80, 88);\">Jeder Kerzenhalter wird aus echtem Himalaya-Salz gefertigt und von Hand geschnitzt, sodass kein St\u00fcck dem anderen gleicht. Ihre Variationen in Gr\u00f6\u00dfe, Form und Farbe machen jedes St\u00fcck nicht nur zu einem einzigartigen Artefakt, sondern bereichern auch jeden Wohnraum mit einem eleganten, nat\u00fcrlichen Glanz.<\/span><\/p>\n<p><span style=\"color: rgb(75, 80, 88);\">Diese Kerzenhalter sind f\u00fcr ihr Potenzial bekannt, negative Ionen freizusetzen, k\u00f6nnen die Luftqualit\u00e4t verbessern und eine ruhige, entspannende Umgebung schaffen, die die ruhige Atmosph\u00e4re eines Spas widerspiegelt.<\/span><\/p>\n<p><span style=\"color: rgb(75, 80, 88);\">Mit ihrer nat\u00fcrlichen Sch\u00f6nheit und ihren beruhigenden Eigenschaften sprechen diese Kerzenhalter eine breite Palette von Kunden an, einschlie\u00dflich derjenigen, die sich f\u00fcr umweltfreundliche Produkte und organische \u00c4sthetik interessieren.<\/span><\/p>\n<p><span style=\"color: rgb(75, 80, 88);\">Der Himalaya-Salz Kerzenhalter ist ein Muss f\u00fcr alle, die ihrer Einrichtung ein beruhigendes, stilvolles Element hinzuf\u00fcgen m\u00f6chten.<\/span><\/p>\n<p><span style=\"color: rgb(75, 80, 88);\"><strong>Abmessungen:<\/strong><\/span><\/p>\n<p><span style=\"color: rgb(75, 80, 88);\"><strong>10x10x10cm<\/strong><\/span><\/p>\n","protected":false},"excerpt":{"rendered":"<p>Wir pr\u00e4sentieren den Himalaya-Kristall-Steinsalz Kerzenhalter, eine faszinierende Erg\u00e4nzung f\u00fcr Ihre Inneneinrichtung! Jeder Kerzenhalter wird aus echtem Himalaya-Salz gefertigt und von Hand geschnitzt, sodass kein St\u00fcck dem anderen gleicht. Ihre Variationen in Gr\u00f6\u00dfe, Form und Farbe machen jedes St\u00fcck nicht nur zu einem einzigartigen Artefakt, sondern bereichern auch jeden Wohnraum mit einem eleganten, nat\u00fcrlichen Glanz. Diese [&hellip;]<\/p>\n","protected":false},"featured_media":376530,"comment_status":"closed","ping_status":"open","template":"","meta":[],"product_brand":[],"product_cat":[17269,17465,17466,17270],"product_tag":[],"class_list":{"0":"post-227741","1":"product","2":"type-product","3":"status-publish","4":"has-post-thumbnail","6":"product_cat-esoterik-geschenke","7":"product_cat-kerzenhalter","8":"product_cat-kerzenhalter-und-kerzen","9":"product_cat-salzlampen-salzsteinlampen-salzkristall","10":"pa_collection-himalayan-salt-lamps-candle-holders-de","11":"pa_made-in-pakistan","13":"first","14":"instock","15":"purchasable","16":"product-type-simple"},"supplier_id":null,"supplier_sku":"QSalt-08W","barcode":null,"atum_controlled":true,"out_stock_date":null,"out_stock_threshold":null,"inheritable":false,"inbound_stock":null,"stock_on_hold":0,"sold_today":0,"sales_last_days":0,"reserved_stock":null,"customer_returns":null,"warehouse_damage":null,"lost_in_post":null,"other_logs":null,"out_stock_days":0,"lost_sales":0,"has_location":null,"update_date":"2026-02-03T10:32:00","atum_locations":[],"atum_stock_status":"instock","restock_status":false,"low_stock_amount":"","sales_update_date":"2026-01-30T01:24:41","calc_backorders":null,"_links":{"self":[{"href":"https:\/\/aromasentia.com\/de\/wp-json\/wp\/v2\/product\/227741","targetHints":{"allow":["GET"]}}],"collection":[{"href":"https:\/\/aromasentia.com\/de\/wp-json\/wp\/v2\/product"}],"about":[{"href":"https:\/\/aromasentia.com\/de\/wp-json\/wp\/v2\/types\/product"}],"replies":[{"embeddable":true,"href":"https:\/\/aromasentia.com\/de\/wp-json\/wp\/v2\/comments?post=227741"}],"version-history":[{"count":0,"href":"https:\/\/aromasentia.com\/de\/wp-json\/wp\/v2\/product\/227741\/revisions"}],"wp:featuredmedia":[{"embeddable":true,"href":"https:\/\/aromasentia.com\/de\/wp-json\/wp\/v2\/media\/376530"}],"wp:attachment":[{"href":"https:\/\/aromasentia.com\/de\/wp-json\/wp\/v2\/media?parent=227741"}],"wp:term":[{"taxonomy":"product_brand","embeddable":true,"href":"https:\/\/aromasentia.com\/de\/wp-json\/wp\/v2\/product_brand?post=227741"},{"taxonomy":"product_cat","embeddable":true,"href":"https:\/\/aromasentia.com\/de\/wp-json\/wp\/v2\/product_cat?post=227741"},{"taxonomy":"product_tag","embeddable":true,"href":"https:\/\/aromasentia.com\/de\/wp-json\/wp\/v2\/product_tag?post=227741"}],"curies":[{"name":"wp","href":"https:\/\/api.w.org\/{rel}","templated":true}]}}