{"id":227729,"date":"2025-03-22T16:05:57","date_gmt":"2025-03-22T16:05:57","guid":{"rendered":"https:\/\/aromasentia.com\/product\/crafted-salt-lamp-football\/"},"modified":"2025-12-30T19:54:56","modified_gmt":"2025-12-30T19:54:56","slug":"crafted-salt-lamp-football","status":"publish","type":"product","link":"https:\/\/aromasentia.com\/de\/crafted-salt-lamp-football\/","title":{"rendered":"Crafted Salt lamp &#8211; Football"},"content":{"rendered":"<p><span style=\"color: rgb(75, 80, 88);\"><strong>Jede Salzlampe wird komplett mit Leuchte, Gl\u00fchbirne und EU-Stecker geliefert.<\/strong><\/span><\/p>\n<p><span style=\"color: rgb(75, 80, 88);\">Durch die Verwendung einer Himalaya-Kristallsalzlampe ersetzen Sie die negativ geladenen Ionen in der Luft und helfen uns so, die angeblichen k\u00f6rperlichen und geistigen Sch\u00e4den durch \u201eElektrosmog\u201c zu vermeiden.<\/span><\/p>\n<p><span style=\"color: rgb(75, 80, 88);\">Jede Salzlampe wird komplett mit Leuchte, Gl\u00fchbirne und Stecker geliefert. Anstatt sie nach Gr\u00f6\u00dfe zu verkaufen, verkaufen wir sie nach ungef\u00e4hrem Gewicht. Die Gr\u00f6\u00dfenangaben der Artikel dienen nur als grobe Orientierung, jede Lampe ist ein Unikat.<\/span><\/p>\n<p><span style=\"color: rgb(75, 80, 88);\"><strong>Bitte beachten:<\/strong><\/span><\/p>\n<p><span style=\"color: rgb(75, 80, 88);\">Aufgrund der hygroskopischen Eigenschaften von Salz nehmen Himalaya-Salzlampen und  Kerzenhalter Feuchtigkeit aus der Luft auf.<\/span><\/p>\n<p><span style=\"color: rgb(75, 80, 88);\">Wenn Ihre Lampe \u201eschwitzt\u201c oder Wasser verliert, liegt das im Allgemeinen daran, dass sie l\u00e4ngere Zeit ausgeschaltet war, insbesondere bei hoher Luftfeuchtigkeit. Um dies zu beheben, lassen Sie sie 4 bis 5 Stunden lang in der starken Sonne liegen und b\u00fcrsten Sie \u00fcbersch\u00fcssige Kristalle ab. Oder wischen Sie sie vorsichtig mit einem trockenen Tuch ab.<\/span><\/p>\n<p><span style=\"color: rgb(75, 80, 88);\">Wenn Sie die Himalaya-Salzlampe l\u00e4ngere Zeit nicht benutzen (z. B. im Urlaub), ziehen Sie das Kabel ab und entfernen Sie es von der Lampe.<\/span><\/p>\n<p><span style=\"color: rgb(75, 80, 88);\">Bei feuchten Bedingungen empfehlen wir, die Lampe auf ein kleines Tablett oder eine Schale zu stellen, falls sich Wasser darauf ansammeln kann.<\/span><\/p>\n<p><span style=\"color: rgb(75, 80, 88);\">Die Lampe wird in sch\u00fctzenden Kartons geliefert, die aufgrund ihrer hygroskopischen Eigenschaften w\u00e4hrend des Transports feucht werden k\u00f6nnen.<\/span><\/p>\n<p><span style=\"color: rgb(75, 80, 88);\"><strong>3,59 kg<\/strong><\/span><\/p>\n","protected":false},"excerpt":{"rendered":"<p>Jede Salzlampe wird komplett mit Leuchte, Gl\u00fchbirne und EU-Stecker geliefert. Durch die Verwendung einer Himalaya-Kristallsalzlampe ersetzen Sie die negativ geladenen Ionen in der Luft und helfen uns so, die angeblichen k\u00f6rperlichen und geistigen Sch\u00e4den durch \u201eElektrosmog\u201c zu vermeiden. Jede Salzlampe wird komplett mit Leuchte, Gl\u00fchbirne und Stecker geliefert. Anstatt sie nach Gr\u00f6\u00dfe zu verkaufen, verkaufen [&hellip;]<\/p>\n","protected":false},"featured_media":376503,"comment_status":"closed","ping_status":"open","template":"","meta":[],"product_brand":[],"product_cat":[17269,14451,17245,17270],"product_tag":[],"class_list":{"0":"post-227729","1":"product","2":"type-product","3":"status-publish","4":"has-post-thumbnail","6":"product_cat-esoterik-geschenke","7":"product_cat-haus-und-gartendeko","8":"product_cat-lampen-und-laternen","9":"product_cat-salzlampen-salzsteinlampen-salzkristall","10":"pa_collection-himalayan-salt-lamps-candle-holders-de","11":"pa_made-in-pakistan","13":"first","14":"instock","15":"purchasable","16":"product-type-simple"},"supplier_id":null,"supplier_sku":"QSalt-203","barcode":null,"atum_controlled":true,"out_stock_date":null,"out_stock_threshold":null,"inheritable":false,"inbound_stock":null,"stock_on_hold":0,"sold_today":0,"sales_last_days":0,"reserved_stock":null,"customer_returns":null,"warehouse_damage":null,"lost_in_post":null,"other_logs":null,"out_stock_days":0,"lost_sales":0,"has_location":null,"update_date":"2026-02-09T12:50:38","atum_locations":[],"atum_stock_status":"instock","restock_status":false,"low_stock_amount":"","sales_update_date":"2026-01-30T01:26:17","calc_backorders":null,"_links":{"self":[{"href":"https:\/\/aromasentia.com\/de\/wp-json\/wp\/v2\/product\/227729","targetHints":{"allow":["GET"]}}],"collection":[{"href":"https:\/\/aromasentia.com\/de\/wp-json\/wp\/v2\/product"}],"about":[{"href":"https:\/\/aromasentia.com\/de\/wp-json\/wp\/v2\/types\/product"}],"replies":[{"embeddable":true,"href":"https:\/\/aromasentia.com\/de\/wp-json\/wp\/v2\/comments?post=227729"}],"version-history":[{"count":0,"href":"https:\/\/aromasentia.com\/de\/wp-json\/wp\/v2\/product\/227729\/revisions"}],"wp:featuredmedia":[{"embeddable":true,"href":"https:\/\/aromasentia.com\/de\/wp-json\/wp\/v2\/media\/376503"}],"wp:attachment":[{"href":"https:\/\/aromasentia.com\/de\/wp-json\/wp\/v2\/media?parent=227729"}],"wp:term":[{"taxonomy":"product_brand","embeddable":true,"href":"https:\/\/aromasentia.com\/de\/wp-json\/wp\/v2\/product_brand?post=227729"},{"taxonomy":"product_cat","embeddable":true,"href":"https:\/\/aromasentia.com\/de\/wp-json\/wp\/v2\/product_cat?post=227729"},{"taxonomy":"product_tag","embeddable":true,"href":"https:\/\/aromasentia.com\/de\/wp-json\/wp\/v2\/product_tag?post=227729"}],"curies":[{"name":"wp","href":"https:\/\/api.w.org\/{rel}","templated":true}]}}