{"id":227721,"date":"2025-03-22T16:05:57","date_gmt":"2025-03-22T16:05:57","guid":{"rendered":"https:\/\/aromasentia.com\/product\/grey-salt-candle-holder-600-800g\/"},"modified":"2025-12-30T19:54:56","modified_gmt":"2025-12-30T19:54:56","slug":"grauer-himalaya-kerzenhalter-600-800g","status":"publish","type":"product","link":"https:\/\/aromasentia.com\/de\/grauer-himalaya-kerzenhalter-600-800g\/","title":{"rendered":"Grauer Himalaya Kerzenhalter 600-800g"},"content":{"rendered":"<p><strong>Gro\u00dfhandel Himalaya-Salz Kerzenhalter<\/strong>, mit diesem Kerzenhalter k\u00f6nnen Sie ein warmes Licht schaffen und die Atmosph\u00e4re in Ihrem Haus oder B\u00fcro zu verbessern, wird es sicherlich eine wunderbare Erg\u00e4nzung f\u00fcr jeden Raum, &nbsp;Diese sind nat\u00fcrliches Produkt, sie sind aus Salz H\u00f6hlen am Fu\u00dfe des Himalaya-Gebirges gefunden erstellt. &nbsp;der Hauptvorteil von Himalaya-Salz Kerzen ist ihre F\u00e4higkeit, die Luft zu ionisieren. Diese Steine geben negative Ionen ab, die f\u00fcr ein Gleichgewicht in der Umwelt sorgen, indem sie sich an die positiven Ionen halten, die von elektronischen Ger\u00e4ten ausgestrahlt werden, d.h. sie sind in der Lage, \u00fcbersch\u00fcssige elektromagnetische Wellen zu absorbieren.<\/p>\n<p>Hinweis: &nbsp;Jeder Halter ist ein Unikat, Gr\u00f6\u00dfe und Form des nat\u00fcrlichen Salzkerzenhalters k\u00f6nnen variieren.&nbsp;<\/p>\n<p><strong>Jeder Salzkerzenhalter wiegt ca. 600-800g<\/strong><\/p>\n","protected":false},"excerpt":{"rendered":"<p>Gro\u00dfhandel Himalaya-Salz Kerzenhalter, mit diesem Kerzenhalter k\u00f6nnen Sie ein warmes Licht schaffen und die Atmosph\u00e4re in Ihrem Haus oder B\u00fcro zu verbessern, wird es sicherlich eine wunderbare Erg\u00e4nzung f\u00fcr jeden Raum, &nbsp;Diese sind nat\u00fcrliches Produkt, sie sind aus Salz H\u00f6hlen am Fu\u00dfe des Himalaya-Gebirges gefunden erstellt. &nbsp;der Hauptvorteil von Himalaya-Salz Kerzen ist ihre F\u00e4higkeit, die [&hellip;]<\/p>\n","protected":false},"featured_media":376461,"comment_status":"closed","ping_status":"open","template":"","meta":{"_angie_page":false},"product_brand":[],"product_cat":[17269,17465,17466,17270],"product_tag":[],"class_list":{"0":"post-227721","1":"product","2":"type-product","3":"status-publish","4":"has-post-thumbnail","6":"product_cat-esoterik-geschenke","7":"product_cat-kerzenhalter","8":"product_cat-kerzenhalter-und-kerzen","9":"product_cat-salzlampen-salzsteinlampen-salzkristall","10":"pa_collection-himalayan-salt-lamps-candle-holders-de","11":"pa_made-in-pakistan","13":"first","14":"instock","15":"purchasable","16":"product-type-simple"},"supplier_id":null,"supplier_sku":"QSalt-08G","barcode":null,"atum_controlled":true,"out_stock_date":null,"out_stock_threshold":null,"inheritable":false,"inbound_stock":null,"stock_on_hold":0,"sold_today":0,"sales_last_days":0,"reserved_stock":null,"customer_returns":null,"warehouse_damage":null,"lost_in_post":null,"other_logs":null,"out_stock_days":0,"lost_sales":0,"has_location":null,"update_date":"2026-05-08T05:17:58","atum_locations":[],"atum_stock_status":"instock","restock_status":false,"low_stock_amount":"","sales_update_date":"2026-02-06T00:02:05","calc_backorders":null,"_links":{"self":[{"href":"https:\/\/aromasentia.com\/de\/wp-json\/wp\/v2\/product\/227721","targetHints":{"allow":["GET"]}}],"collection":[{"href":"https:\/\/aromasentia.com\/de\/wp-json\/wp\/v2\/product"}],"about":[{"href":"https:\/\/aromasentia.com\/de\/wp-json\/wp\/v2\/types\/product"}],"replies":[{"embeddable":true,"href":"https:\/\/aromasentia.com\/de\/wp-json\/wp\/v2\/comments?post=227721"}],"version-history":[{"count":0,"href":"https:\/\/aromasentia.com\/de\/wp-json\/wp\/v2\/product\/227721\/revisions"}],"wp:featuredmedia":[{"embeddable":true,"href":"https:\/\/aromasentia.com\/de\/wp-json\/wp\/v2\/media\/376461"}],"wp:attachment":[{"href":"https:\/\/aromasentia.com\/de\/wp-json\/wp\/v2\/media?parent=227721"}],"wp:term":[{"taxonomy":"product_brand","embeddable":true,"href":"https:\/\/aromasentia.com\/de\/wp-json\/wp\/v2\/product_brand?post=227721"},{"taxonomy":"product_cat","embeddable":true,"href":"https:\/\/aromasentia.com\/de\/wp-json\/wp\/v2\/product_cat?post=227721"},{"taxonomy":"product_tag","embeddable":true,"href":"https:\/\/aromasentia.com\/de\/wp-json\/wp\/v2\/product_tag?post=227721"}],"curies":[{"name":"wp","href":"https:\/\/api.w.org\/{rel}","templated":true}]}}