{"id":227717,"date":"2025-03-22T16:05:57","date_gmt":"2025-03-22T16:05:57","guid":{"rendered":"https:\/\/aromasentia.com\/product\/grey-himalayan-salt-lamp-1-5-2kg\/"},"modified":"2025-12-30T19:54:56","modified_gmt":"2025-12-30T19:54:56","slug":"graue-himalaya-salzlampe-1-5-2kg","status":"publish","type":"product","link":"https:\/\/aromasentia.com\/de\/graue-himalaya-salzlampe-1-5-2kg\/","title":{"rendered":"Graue Himalaya-Salzlampe &#8211; 1.5 &#8211; 2kg"},"content":{"rendered":"<p>Ein h\u00f6herer Gehalt an Eisen, Schwefel und Magnesium verleiht ihnen ihre dunklere Farbe und ihr Leuchten ist viel sanfter als bei rosa oder wei\u00dfen Salzlampen. <strong>Graue Steinsalzlampen<\/strong><strong>&#8211; 1,5 &#8211; 2 kg<\/strong><\/p>\n<p> von <strong>Aroma Sentia<\/strong>, manchmal auch schwarze Salzlampen genannt, eignen sich am besten f\u00fcr Schlafzimmer, in denen nicht zu viel Licht erw\u00fcnscht ist.<\/p>\n<p>Jede Salzlampe wird komplett mit Fassung, Gl\u00fchbirne und Stecker geliefert.<\/p>\n<p>Man nimmt an, dass die Himalaya-Kristallsalzlampen negativ geladene Ionen in der Luft erzeugen. Das ist gut so, denn moderne Umweltverschmutzung und elektrische Ger\u00e4te erzeugen positive Ionen in der Luft, die potenziell sch\u00e4dlich f\u00fcr uns sind und die Luftqualit\u00e4t in den betroffenen Gebieten verschlechtern.<\/p>\n<p>Durch die Verwendung einer Himalaya-Kristallsalzlampe ersetzen Sie die negativ geladenen Ionen in der Luft und helfen uns so, die angeblichen k\u00f6rperlichen und geistigen Sch\u00e4den durch \u201eElektrosmog\u201c zu vermeiden. erstellt.<\/p>\n","protected":false},"excerpt":{"rendered":"<p>Ein h\u00f6herer Gehalt an Eisen, Schwefel und Magnesium verleiht ihnen ihre dunklere Farbe und ihr Leuchten ist viel sanfter als bei rosa oder wei\u00dfen Salzlampen. Graue Steinsalzlampen&#8211; 1,5 &#8211; 2 kg von Aroma Sentia, manchmal auch schwarze Salzlampen genannt, eignen sich am besten f\u00fcr Schlafzimmer, in denen nicht zu viel Licht erw\u00fcnscht ist. Jede Salzlampe [&hellip;]<\/p>\n","protected":false},"featured_media":376436,"comment_status":"closed","ping_status":"open","template":"","meta":[],"product_brand":[],"product_cat":[17269,14451,17245,17270],"product_tag":[],"class_list":{"0":"post-227717","1":"product","2":"type-product","3":"status-publish","4":"has-post-thumbnail","6":"product_cat-esoterik-geschenke","7":"product_cat-haus-und-gartendeko","8":"product_cat-lampen-und-laternen","9":"product_cat-salzlampen-salzsteinlampen-salzkristall","10":"pa_collection-himalayan-salt-lamps-candle-holders-de","11":"pa_made-in-pakistan","13":"first","14":"instock","15":"purchasable","16":"product-type-simple"},"supplier_id":null,"supplier_sku":"QSalt-26G","barcode":null,"atum_controlled":true,"out_stock_date":null,"out_stock_threshold":null,"inheritable":false,"inbound_stock":null,"stock_on_hold":0,"sold_today":0,"sales_last_days":0,"reserved_stock":null,"customer_returns":null,"warehouse_damage":null,"lost_in_post":null,"other_logs":null,"out_stock_days":0,"lost_sales":0,"has_location":null,"update_date":"2026-01-29T22:34:10","atum_locations":[],"atum_stock_status":"instock","restock_status":false,"low_stock_amount":"","sales_update_date":"2025-09-04T00:29:37","calc_backorders":null,"_links":{"self":[{"href":"https:\/\/aromasentia.com\/de\/wp-json\/wp\/v2\/product\/227717","targetHints":{"allow":["GET"]}}],"collection":[{"href":"https:\/\/aromasentia.com\/de\/wp-json\/wp\/v2\/product"}],"about":[{"href":"https:\/\/aromasentia.com\/de\/wp-json\/wp\/v2\/types\/product"}],"replies":[{"embeddable":true,"href":"https:\/\/aromasentia.com\/de\/wp-json\/wp\/v2\/comments?post=227717"}],"version-history":[{"count":0,"href":"https:\/\/aromasentia.com\/de\/wp-json\/wp\/v2\/product\/227717\/revisions"}],"wp:featuredmedia":[{"embeddable":true,"href":"https:\/\/aromasentia.com\/de\/wp-json\/wp\/v2\/media\/376436"}],"wp:attachment":[{"href":"https:\/\/aromasentia.com\/de\/wp-json\/wp\/v2\/media?parent=227717"}],"wp:term":[{"taxonomy":"product_brand","embeddable":true,"href":"https:\/\/aromasentia.com\/de\/wp-json\/wp\/v2\/product_brand?post=227717"},{"taxonomy":"product_cat","embeddable":true,"href":"https:\/\/aromasentia.com\/de\/wp-json\/wp\/v2\/product_cat?post=227717"},{"taxonomy":"product_tag","embeddable":true,"href":"https:\/\/aromasentia.com\/de\/wp-json\/wp\/v2\/product_tag?post=227717"}],"curies":[{"name":"wp","href":"https:\/\/api.w.org\/{rel}","templated":true}]}}