{"id":227689,"date":"2025-03-22T16:05:57","date_gmt":"2025-03-22T16:05:57","guid":{"rendered":"https:\/\/aromasentia.com\/product\/salt-lamp-ball-big-wooden-base\/"},"modified":"2025-12-30T19:54:48","modified_gmt":"2025-12-30T19:54:48","slug":"salzlampe-kugel-mit-holzsockel","status":"publish","type":"product","link":"https:\/\/aromasentia.com\/de\/salzlampe-kugel-mit-holzsockel\/","title":{"rendered":"Salzlampe &#8211; Kugel (mit Holzsockel)"},"content":{"rendered":"<p>Durch die Verwendung der <strong>Himalaya-Kristallsalzlampe mit gro\u00dfem Holzsockel<\/strong> von <strong>Aroma Sentia<\/strong> ersetzen Sie die negativ geladenen Ionen in der Luft und helfen uns so, die angeblichen k\u00f6rperlichen und geistigen Sch\u00e4den durch Elektrosmog zu vermeiden.<\/p>\n<p>Jede Salzlampe wird komplett mit Fassung, Gl\u00fchbirne und Stecker geliefert. Anstatt nach Gr\u00f6\u00dfe zu verkaufen, verkaufen wir sie nach ungef\u00e4hrem Gewicht. Die Artikel sind mit Gr\u00f6\u00dfenangaben versehen, um nur eine ungef\u00e4hre Vorstellung der Gr\u00f6\u00dfe zu vermitteln; jede Lampe ist ein absolutes Unikat.<\/p>\n<p>Man nimmt an, dass die Himalaya-Kristallsalzlampen negativ geladene Ionen in der Luft erzeugen. Das ist gut so, denn moderne Umweltverschmutzung und elektrische Ger\u00e4te erzeugen positive Ionen in der Luft, die potenziell sch\u00e4dlich f\u00fcr uns sind und die Luftqualit\u00e4t in den betroffenen Gebieten verschlechtern.<\/p>\n","protected":false},"excerpt":{"rendered":"<p>Durch die Verwendung der Himalaya-Kristallsalzlampe mit gro\u00dfem Holzsockel von Aroma Sentia ersetzen Sie die negativ geladenen Ionen in der Luft und helfen uns so, die angeblichen k\u00f6rperlichen und geistigen Sch\u00e4den durch Elektrosmog zu vermeiden. Jede Salzlampe wird komplett mit Fassung, Gl\u00fchbirne und Stecker geliefert. Anstatt nach Gr\u00f6\u00dfe zu verkaufen, verkaufen wir sie nach ungef\u00e4hrem Gewicht. [&hellip;]<\/p>\n","protected":false},"featured_media":376165,"comment_status":"closed","ping_status":"open","template":"","meta":{"_angie_page":false},"product_brand":[],"product_cat":[17269,14451,17245,17270],"product_tag":[],"class_list":{"0":"post-227689","1":"product","2":"type-product","3":"status-publish","4":"has-post-thumbnail","6":"product_cat-esoterik-geschenke","7":"product_cat-haus-und-gartendeko","8":"product_cat-lampen-und-laternen","9":"product_cat-salzlampen-salzsteinlampen-salzkristall","10":"pa_collection-himalayan-salt-lamps-candle-holders-de","11":"pa_made-in-pakistan","13":"first","14":"instock","15":"purchasable","16":"product-type-simple"},"supplier_id":null,"supplier_sku":"QSalt-27","barcode":null,"atum_controlled":true,"out_stock_date":null,"out_stock_threshold":null,"inheritable":false,"inbound_stock":null,"stock_on_hold":0,"sold_today":0,"sales_last_days":0,"reserved_stock":null,"customer_returns":null,"warehouse_damage":null,"lost_in_post":null,"other_logs":null,"out_stock_days":0,"lost_sales":0,"has_location":null,"update_date":"2026-04-27T07:18:52","atum_locations":[],"atum_stock_status":"instock","restock_status":false,"low_stock_amount":"","sales_update_date":"2025-09-04T00:29:35","calc_backorders":null,"_links":{"self":[{"href":"https:\/\/aromasentia.com\/de\/wp-json\/wp\/v2\/product\/227689","targetHints":{"allow":["GET"]}}],"collection":[{"href":"https:\/\/aromasentia.com\/de\/wp-json\/wp\/v2\/product"}],"about":[{"href":"https:\/\/aromasentia.com\/de\/wp-json\/wp\/v2\/types\/product"}],"replies":[{"embeddable":true,"href":"https:\/\/aromasentia.com\/de\/wp-json\/wp\/v2\/comments?post=227689"}],"version-history":[{"count":0,"href":"https:\/\/aromasentia.com\/de\/wp-json\/wp\/v2\/product\/227689\/revisions"}],"wp:featuredmedia":[{"embeddable":true,"href":"https:\/\/aromasentia.com\/de\/wp-json\/wp\/v2\/media\/376165"}],"wp:attachment":[{"href":"https:\/\/aromasentia.com\/de\/wp-json\/wp\/v2\/media?parent=227689"}],"wp:term":[{"taxonomy":"product_brand","embeddable":true,"href":"https:\/\/aromasentia.com\/de\/wp-json\/wp\/v2\/product_brand?post=227689"},{"taxonomy":"product_cat","embeddable":true,"href":"https:\/\/aromasentia.com\/de\/wp-json\/wp\/v2\/product_cat?post=227689"},{"taxonomy":"product_tag","embeddable":true,"href":"https:\/\/aromasentia.com\/de\/wp-json\/wp\/v2\/product_tag?post=227689"}],"curies":[{"name":"wp","href":"https:\/\/api.w.org\/{rel}","templated":true}]}}