{"id":227681,"date":"2025-03-22T16:05:57","date_gmt":"2025-03-22T16:05:57","guid":{"rendered":"https:\/\/aromasentia.com\/product\/quality-salt-lamp-apx-1-5-2kg\/"},"modified":"2025-12-30T19:54:48","modified_gmt":"2025-12-30T19:54:48","slug":"salzlampe-15-2kg","status":"publish","type":"product","link":"https:\/\/aromasentia.com\/de\/salzlampe-15-2kg\/","title":{"rendered":"Salzlampe 1,5-2kg"},"content":{"rendered":"<p>Durch die Verwendung der <strong>Himalaya-Kristallsalzlampe&nbsp;<\/strong><\/p>\n<p><strong>&#8211; ca. 1,5 &#8211; 2 kg<\/strong> von <strong>Aroma Sentia<\/strong> ersetzen Sie die negativ geladenen Ionen in der Luft und helfen uns so, die angeblichen k\u00f6rperlichen und geistigen Sch\u00e4den durch \u201eElektrosmog\u201c zu vermeiden.<\/p>\n<p>Jede Salzlampe wird komplett mit Leuchtmittel, Gl\u00fchbirne und Stecker geliefert. Wir verkaufen sie nicht nach Gr\u00f6\u00dfe, sondern nach ungef\u00e4hrem Gewicht. Die Artikel sind mit Gr\u00f6\u00dfenangaben versehen, um nur eine ungef\u00e4hre Vorstellung der Gr\u00f6\u00dfe zu vermitteln; jede Lampe ist ein absolutes Unikat.<\/p>\n<p>Bitte beachten:<\/p>\n<p>Aufgrund der hygroskopischen Eigenschaften von Salz nehmen Himalaya-Salzlampen und  Kerzenhalter Feuchtigkeit aus der Luft auf.<\/p>\n<p>Wenn Ihre Lampe \u201eschwitzt\u201c oder Wasser verliert, liegt das im Allgemeinen daran, dass sie l\u00e4ngere Zeit ausgeschaltet war, insbesondere bei hoher Luftfeuchtigkeit. Zur Behebung des Problems legen Sie die Lampe 4 bis 5 Stunden in starkes Sonnenlicht und b\u00fcrsten Sie \u00fcbersch\u00fcssige Kristalle ab. Oder wischen Sie sie vorsichtig mit einem trockenen Tuch ab.<\/p>\n<p>Wenn Sie die Himalaya-Salzlampe l\u00e4ngere Zeit nicht benutzen (z. B. im Urlaub), ziehen Sie das Kabel ab und entfernen Sie es von der Lampe.<\/p>\n<p>Bei feuchter Luft empfehlen wir, die Lampe auf ein kleines Tablett oder eine Schale zu stellen, da sich sonst Wasser ansammeln kann.<\/p>\n","protected":false},"excerpt":{"rendered":"<p>Durch die Verwendung der Himalaya-Kristallsalzlampe&nbsp; &#8211; ca. 1,5 &#8211; 2 kg von Aroma Sentia ersetzen Sie die negativ geladenen Ionen in der Luft und helfen uns so, die angeblichen k\u00f6rperlichen und geistigen Sch\u00e4den durch \u201eElektrosmog\u201c zu vermeiden. Jede Salzlampe wird komplett mit Leuchtmittel, Gl\u00fchbirne und Stecker geliefert. Wir verkaufen sie nicht nach Gr\u00f6\u00dfe, sondern nach [&hellip;]<\/p>\n","protected":false},"featured_media":376099,"comment_status":"closed","ping_status":"open","template":"","meta":[],"product_brand":[],"product_cat":[17269,14451,17245,17270],"product_tag":[],"class_list":{"0":"post-227681","1":"product","2":"type-product","3":"status-publish","4":"has-post-thumbnail","6":"product_cat-esoterik-geschenke","7":"product_cat-haus-und-gartendeko","8":"product_cat-lampen-und-laternen","9":"product_cat-salzlampen-salzsteinlampen-salzkristall","10":"pa_collection-himalayan-salt-lamps-candle-holders-de","11":"pa_made-in-pakistan","13":"first","14":"instock","15":"purchasable","16":"product-type-simple"},"supplier_id":null,"supplier_sku":"QSalt-26","barcode":null,"atum_controlled":true,"out_stock_date":null,"out_stock_threshold":null,"inheritable":false,"inbound_stock":null,"stock_on_hold":0,"sold_today":0,"sales_last_days":0,"reserved_stock":null,"customer_returns":null,"warehouse_damage":null,"lost_in_post":null,"other_logs":null,"out_stock_days":0,"lost_sales":0,"has_location":null,"update_date":"2026-02-08T17:13:30","atum_locations":[],"atum_stock_status":"instock","restock_status":false,"low_stock_amount":"","sales_update_date":"2025-09-04T00:29:35","calc_backorders":null,"_links":{"self":[{"href":"https:\/\/aromasentia.com\/de\/wp-json\/wp\/v2\/product\/227681","targetHints":{"allow":["GET"]}}],"collection":[{"href":"https:\/\/aromasentia.com\/de\/wp-json\/wp\/v2\/product"}],"about":[{"href":"https:\/\/aromasentia.com\/de\/wp-json\/wp\/v2\/types\/product"}],"replies":[{"embeddable":true,"href":"https:\/\/aromasentia.com\/de\/wp-json\/wp\/v2\/comments?post=227681"}],"version-history":[{"count":0,"href":"https:\/\/aromasentia.com\/de\/wp-json\/wp\/v2\/product\/227681\/revisions"}],"wp:featuredmedia":[{"embeddable":true,"href":"https:\/\/aromasentia.com\/de\/wp-json\/wp\/v2\/media\/376099"}],"wp:attachment":[{"href":"https:\/\/aromasentia.com\/de\/wp-json\/wp\/v2\/media?parent=227681"}],"wp:term":[{"taxonomy":"product_brand","embeddable":true,"href":"https:\/\/aromasentia.com\/de\/wp-json\/wp\/v2\/product_brand?post=227681"},{"taxonomy":"product_cat","embeddable":true,"href":"https:\/\/aromasentia.com\/de\/wp-json\/wp\/v2\/product_cat?post=227681"},{"taxonomy":"product_tag","embeddable":true,"href":"https:\/\/aromasentia.com\/de\/wp-json\/wp\/v2\/product_tag?post=227681"}],"curies":[{"name":"wp","href":"https:\/\/api.w.org\/{rel}","templated":true}]}}