{"id":227673,"date":"2025-03-22T16:05:57","date_gmt":"2025-03-22T16:05:57","guid":{"rendered":"https:\/\/aromasentia.com\/product\/quality-natural-salt-lamp-base-apx-3-5kg\/"},"modified":"2025-12-30T19:54:40","modified_gmt":"2025-12-30T19:54:40","slug":"salzlampe-3-5kg","status":"publish","type":"product","link":"https:\/\/aromasentia.com\/de\/salzlampe-3-5kg\/","title":{"rendered":"Salzlampe 3-5kg"},"content":{"rendered":"<p>Durch die Verwendung der <strong>Himalaya-Kristallsalzlampe<\/strong> von <strong>Aroma Sentia<\/strong> ersetzen Sie die negativ geladenen Ionen in der Luft und helfen uns so, die angeblichen k\u00f6rperlichen und geistigen Sch\u00e4den durch \u201eElektrosmog\u201c zu vermeiden.<\/p>\n<p>Jede Gro\u00dfhandelssalzlampe wird komplett mit Fassung, Gl\u00fchbirne und Stecker geliefert. Anstatt sie nach Gr\u00f6\u00dfe zu verkaufen, verkaufen wir sie nach ungef\u00e4hrem Gewicht. Die Artikel sind mit Gr\u00f6\u00dfenangaben versehen, um nur eine ungef\u00e4hre Vorstellung der Gr\u00f6\u00dfe zu vermitteln; jede Lampe ist ein absolutes Unikat.<\/p>\n<p>Bitte beachten:<\/p>\n<p>Aufgrund der hygroskopischen Eigenschaften von Salz nehmen Himalaya-Salzlampen und  Kerzenhalter Feuchtigkeit aus der Luft auf.<\/p>\n<p>Wenn Ihre Lampe \u201eschwitzt\u201c oder Wasser verliert, liegt das im Allgemeinen daran, dass sie f\u00fcr l\u00e4ngere Zeit ausgeschaltet war, insbesondere bei hoher Luftfeuchtigkeit. Um dies zu beheben, lassen Sie sie 4 bis 5 Stunden in starkem Sonnenlicht stehen und b\u00fcrsten Sie \u00fcbersch\u00fcssige Kristalle ab. Oder wischen Sie sie vorsichtig mit einem trockenen Tuch ab.<\/p>\n<p>Wenn Sie die Himalaya-Salzlampe l\u00e4ngere Zeit nicht verwenden (z. B. im Urlaub), ziehen Sie das Kabel ab und entfernen Sie es von der Lampe.<\/p>\n<p>Bei feuchten Bedingungen empfehlen wir, die Lampe auf ein kleines Tablett oder eine Schale zu stellen, falls sich Wasser ansammeln kann.<\/p>\n","protected":false},"excerpt":{"rendered":"<p>Durch die Verwendung der Himalaya-Kristallsalzlampe von Aroma Sentia ersetzen Sie die negativ geladenen Ionen in der Luft und helfen uns so, die angeblichen k\u00f6rperlichen und geistigen Sch\u00e4den durch \u201eElektrosmog\u201c zu vermeiden. Jede Gro\u00dfhandelssalzlampe wird komplett mit Fassung, Gl\u00fchbirne und Stecker geliefert. Anstatt sie nach Gr\u00f6\u00dfe zu verkaufen, verkaufen wir sie nach ungef\u00e4hrem Gewicht. Die Artikel [&hellip;]<\/p>\n","protected":false},"featured_media":376017,"comment_status":"closed","ping_status":"open","template":"","meta":{"_angie_page":false},"product_brand":[],"product_cat":[17269,14451,17245,17270],"product_tag":[],"class_list":{"0":"post-227673","1":"product","2":"type-product","3":"status-publish","4":"has-post-thumbnail","6":"product_cat-esoterik-geschenke","7":"product_cat-haus-und-gartendeko","8":"product_cat-lampen-und-laternen","9":"product_cat-salzlampen-salzsteinlampen-salzkristall","10":"pa_collection-himalayan-salt-lamps-candle-holders-de","11":"pa_made-in-pakistan","13":"first","14":"instock","15":"purchasable","16":"product-type-simple"},"supplier_id":null,"supplier_sku":"QSalt-13","barcode":null,"atum_controlled":true,"out_stock_date":null,"out_stock_threshold":null,"inheritable":false,"inbound_stock":null,"stock_on_hold":0,"sold_today":0,"sales_last_days":0,"reserved_stock":null,"customer_returns":null,"warehouse_damage":null,"lost_in_post":null,"other_logs":null,"out_stock_days":0,"lost_sales":0,"has_location":null,"update_date":"2026-04-27T07:18:52","atum_locations":[],"atum_stock_status":"instock","restock_status":false,"low_stock_amount":"","sales_update_date":"2025-09-04T00:29:34","calc_backorders":null,"_links":{"self":[{"href":"https:\/\/aromasentia.com\/de\/wp-json\/wp\/v2\/product\/227673","targetHints":{"allow":["GET"]}}],"collection":[{"href":"https:\/\/aromasentia.com\/de\/wp-json\/wp\/v2\/product"}],"about":[{"href":"https:\/\/aromasentia.com\/de\/wp-json\/wp\/v2\/types\/product"}],"replies":[{"embeddable":true,"href":"https:\/\/aromasentia.com\/de\/wp-json\/wp\/v2\/comments?post=227673"}],"version-history":[{"count":0,"href":"https:\/\/aromasentia.com\/de\/wp-json\/wp\/v2\/product\/227673\/revisions"}],"wp:featuredmedia":[{"embeddable":true,"href":"https:\/\/aromasentia.com\/de\/wp-json\/wp\/v2\/media\/376017"}],"wp:attachment":[{"href":"https:\/\/aromasentia.com\/de\/wp-json\/wp\/v2\/media?parent=227673"}],"wp:term":[{"taxonomy":"product_brand","embeddable":true,"href":"https:\/\/aromasentia.com\/de\/wp-json\/wp\/v2\/product_brand?post=227673"},{"taxonomy":"product_cat","embeddable":true,"href":"https:\/\/aromasentia.com\/de\/wp-json\/wp\/v2\/product_cat?post=227673"},{"taxonomy":"product_tag","embeddable":true,"href":"https:\/\/aromasentia.com\/de\/wp-json\/wp\/v2\/product_tag?post=227673"}],"curies":[{"name":"wp","href":"https:\/\/api.w.org\/{rel}","templated":true}]}}