{"id":227649,"date":"2025-03-22T16:05:57","date_gmt":"2025-03-22T16:05:57","guid":{"rendered":"https:\/\/aromasentia.com\/product\/salt-candle-holder-med-heart\/"},"modified":"2025-12-30T19:54:40","modified_gmt":"2025-12-30T19:54:40","slug":"kerzenhalter-herz-mittelgross","status":"publish","type":"product","link":"https:\/\/aromasentia.com\/de\/kerzenhalter-herz-mittelgross\/","title":{"rendered":"Kerzenhalter &#8211; &#8218;Herz&#8216; &#8211; mittelgro\u00df"},"content":{"rendered":"<p>Diese <strong>Aroma Sentia&#8217;s<\/strong> <strong>Herz-Himalaya-Salzkerzenhalter<\/strong><\/p>\n<p><strong>&#8211; Herzf\u00f6rmig<\/strong> erzeugen vermutlich negativ geladene Ionen in der Luft. Das ist gut so, denn moderne Umweltverschmutzung und Elektroger\u00e4te erzeugen positive Ionen in der Luft, die potenziell sch\u00e4dlich f\u00fcr uns sind und die Luftqualit\u00e4t in betroffenen Gebieten verschlechtern. Durch die Verwendung einer Himalaya-Kristallsalzlampe ersetzen Sie die negativ geladenen Ionen in der Luft und helfen uns so, die angeblichen k\u00f6rperlichen und geistigen Sch\u00e4den durch Elektrosmog zu vermeiden.<\/p>\n<p>Jeder Salzkerzenhalter ist ein Unikat. Wir verkaufen ihn nicht nach Gr\u00f6\u00dfe, sondern nach ungef\u00e4hrem Gewicht. Die Artikel sind mit Gr\u00f6\u00dfenangaben versehen, um eine ungef\u00e4hre Vorstellung der Gr\u00f6\u00dfe zu vermitteln.<\/p>\n","protected":false},"excerpt":{"rendered":"<p>Diese Aroma Sentia&#8217;s Herz-Himalaya-Salzkerzenhalter &#8211; Herzf\u00f6rmig erzeugen vermutlich negativ geladene Ionen in der Luft. Das ist gut so, denn moderne Umweltverschmutzung und Elektroger\u00e4te erzeugen positive Ionen in der Luft, die potenziell sch\u00e4dlich f\u00fcr uns sind und die Luftqualit\u00e4t in betroffenen Gebieten verschlechtern. Durch die Verwendung einer Himalaya-Kristallsalzlampe ersetzen Sie die negativ geladenen Ionen in der [&hellip;]<\/p>\n","protected":false},"featured_media":375851,"comment_status":"closed","ping_status":"open","template":"","meta":{"_angie_page":false},"product_brand":[],"product_cat":[17269,17465,17466,17270],"product_tag":[],"class_list":{"0":"post-227649","1":"product","2":"type-product","3":"status-publish","4":"has-post-thumbnail","6":"product_cat-esoterik-geschenke","7":"product_cat-kerzenhalter","8":"product_cat-kerzenhalter-und-kerzen","9":"product_cat-salzlampen-salzsteinlampen-salzkristall","10":"pa_collection-himalayan-salt-lamps-candle-holders-de","11":"pa_made-in-pakistan","13":"first","14":"instock","15":"purchasable","16":"product-type-simple"},"supplier_id":null,"supplier_sku":"QSalt-31","barcode":null,"atum_controlled":true,"out_stock_date":null,"out_stock_threshold":null,"inheritable":false,"inbound_stock":null,"stock_on_hold":0,"sold_today":0,"sales_last_days":0,"reserved_stock":null,"customer_returns":null,"warehouse_damage":null,"lost_in_post":null,"other_logs":null,"out_stock_days":0,"lost_sales":0,"has_location":null,"update_date":"2026-04-27T07:18:58","atum_locations":[],"atum_stock_status":"instock","restock_status":false,"low_stock_amount":"","sales_update_date":"2026-01-30T01:24:25","calc_backorders":null,"_links":{"self":[{"href":"https:\/\/aromasentia.com\/de\/wp-json\/wp\/v2\/product\/227649","targetHints":{"allow":["GET"]}}],"collection":[{"href":"https:\/\/aromasentia.com\/de\/wp-json\/wp\/v2\/product"}],"about":[{"href":"https:\/\/aromasentia.com\/de\/wp-json\/wp\/v2\/types\/product"}],"replies":[{"embeddable":true,"href":"https:\/\/aromasentia.com\/de\/wp-json\/wp\/v2\/comments?post=227649"}],"version-history":[{"count":0,"href":"https:\/\/aromasentia.com\/de\/wp-json\/wp\/v2\/product\/227649\/revisions"}],"wp:featuredmedia":[{"embeddable":true,"href":"https:\/\/aromasentia.com\/de\/wp-json\/wp\/v2\/media\/375851"}],"wp:attachment":[{"href":"https:\/\/aromasentia.com\/de\/wp-json\/wp\/v2\/media?parent=227649"}],"wp:term":[{"taxonomy":"product_brand","embeddable":true,"href":"https:\/\/aromasentia.com\/de\/wp-json\/wp\/v2\/product_brand?post=227649"},{"taxonomy":"product_cat","embeddable":true,"href":"https:\/\/aromasentia.com\/de\/wp-json\/wp\/v2\/product_cat?post=227649"},{"taxonomy":"product_tag","embeddable":true,"href":"https:\/\/aromasentia.com\/de\/wp-json\/wp\/v2\/product_tag?post=227649"}],"curies":[{"name":"wp","href":"https:\/\/api.w.org\/{rel}","templated":true}]}}