{"id":227637,"date":"2025-03-22T16:05:57","date_gmt":"2025-03-22T16:05:57","guid":{"rendered":"https:\/\/aromasentia.com\/product\/quality-usb-natural-salt-lamp-11-5-cm-multicolored-light\/"},"modified":"2025-12-30T19:54:40","modified_gmt":"2025-12-30T19:54:40","slug":"usb-salzlampe-115-cm-multifarben","status":"publish","type":"product","link":"https:\/\/aromasentia.com\/de\/usb-salzlampe-115-cm-multifarben\/","title":{"rendered":"USB-Salzlampe &#8211; 11,5 cm (multifarben)"},"content":{"rendered":"<p>Mehrfarbig <strong>Eine<\/strong><strong> hochwertige USB-Natursalzlampe aus Europa &#8211; 11,5 cm (mehrfarbiges Licht)<\/strong><strong>mit USB<\/strong>-Anschluss wurde f\u00fcr unsere \u201eNaturliebhaber\u201c, aber auch die \u201eTechnikfreaks\u201c entwickelt&#8230;. Das USB-Kabel ist 150 cm lang.<\/p>\n<p>Man nimmt an, dass Salzlampen negativ geladene Ionen in der Luft erzeugen. Das ist gut, denn moderne Umweltverschmutzung und elektrische Ger\u00e4te erzeugen positive Ionen in der Luft, die potenziell sch\u00e4dlich f\u00fcr uns sind und die Luftqualit\u00e4t in den betroffenen Gebieten verschlechtern. Durch die Verwendung einer Himalaya-Kristallsalzlampe ersetzen Sie die negativ geladenen Ionen in der Luft und helfen uns, die angeblichen k\u00f6rperlichen und geistigen Sch\u00e4den durch \u201eElektrosmog\u201c zu vermeiden. erzeugt.<\/p>\n<p>Die Salzlampe wird in einem sch\u00fctzenden Karton geliefert, der aufgrund der hygroskopischen Eigenschaften der Lampe w\u00e4hrend des Transports feucht werden kann.<\/p>\n","protected":false},"excerpt":{"rendered":"<p>Mehrfarbig Eine hochwertige USB-Natursalzlampe aus Europa &#8211; 11,5 cm (mehrfarbiges Licht)mit USB-Anschluss wurde f\u00fcr unsere \u201eNaturliebhaber\u201c, aber auch die \u201eTechnikfreaks\u201c entwickelt&#8230;. Das USB-Kabel ist 150 cm lang. Man nimmt an, dass Salzlampen negativ geladene Ionen in der Luft erzeugen. Das ist gut, denn moderne Umweltverschmutzung und elektrische Ger\u00e4te erzeugen positive Ionen in der Luft, die [&hellip;]<\/p>\n","protected":false},"featured_media":375792,"comment_status":"closed","ping_status":"open","template":"","meta":[],"product_brand":[],"product_cat":[17269,14451,17245,17270],"product_tag":[],"class_list":{"0":"post-227637","1":"product","2":"type-product","3":"status-publish","4":"has-post-thumbnail","6":"product_cat-esoterik-geschenke","7":"product_cat-haus-und-gartendeko","8":"product_cat-lampen-und-laternen","9":"product_cat-salzlampen-salzsteinlampen-salzkristall","10":"pa_collection-himalayan-salt-lamps-candle-holders-de","11":"pa_made-in-pakistan","13":"first","14":"instock","15":"purchasable","16":"product-type-simple"},"supplier_id":null,"supplier_sku":"QSalt-47","barcode":null,"atum_controlled":true,"out_stock_date":null,"out_stock_threshold":null,"inheritable":false,"inbound_stock":null,"stock_on_hold":0,"sold_today":0,"sales_last_days":0,"reserved_stock":null,"customer_returns":null,"warehouse_damage":null,"lost_in_post":null,"other_logs":null,"out_stock_days":0,"lost_sales":0,"has_location":null,"update_date":"2026-02-03T08:26:05","atum_locations":[],"atum_stock_status":"instock","restock_status":false,"low_stock_amount":"","sales_update_date":"2026-01-20T05:13:50","calc_backorders":null,"_links":{"self":[{"href":"https:\/\/aromasentia.com\/de\/wp-json\/wp\/v2\/product\/227637","targetHints":{"allow":["GET"]}}],"collection":[{"href":"https:\/\/aromasentia.com\/de\/wp-json\/wp\/v2\/product"}],"about":[{"href":"https:\/\/aromasentia.com\/de\/wp-json\/wp\/v2\/types\/product"}],"replies":[{"embeddable":true,"href":"https:\/\/aromasentia.com\/de\/wp-json\/wp\/v2\/comments?post=227637"}],"version-history":[{"count":0,"href":"https:\/\/aromasentia.com\/de\/wp-json\/wp\/v2\/product\/227637\/revisions"}],"wp:featuredmedia":[{"embeddable":true,"href":"https:\/\/aromasentia.com\/de\/wp-json\/wp\/v2\/media\/375792"}],"wp:attachment":[{"href":"https:\/\/aromasentia.com\/de\/wp-json\/wp\/v2\/media?parent=227637"}],"wp:term":[{"taxonomy":"product_brand","embeddable":true,"href":"https:\/\/aromasentia.com\/de\/wp-json\/wp\/v2\/product_brand?post=227637"},{"taxonomy":"product_cat","embeddable":true,"href":"https:\/\/aromasentia.com\/de\/wp-json\/wp\/v2\/product_cat?post=227637"},{"taxonomy":"product_tag","embeddable":true,"href":"https:\/\/aromasentia.com\/de\/wp-json\/wp\/v2\/product_tag?post=227637"}],"curies":[{"name":"wp","href":"https:\/\/api.w.org\/{rel}","templated":true}]}}