{"id":227601,"date":"2025-03-22T16:05:57","date_gmt":"2025-03-22T16:05:57","guid":{"rendered":"https:\/\/aromasentia.com\/product\/hanging-driftwood-tassel-42cm\/"},"modified":"2025-12-30T19:54:32","modified_gmt":"2025-12-30T19:54:32","slug":"haengende-quaste-aus-treibholz-42cm","status":"publish","type":"product","link":"https:\/\/aromasentia.com\/de\/haengende-quaste-aus-treibholz-42cm\/","title":{"rendered":"H\u00e4ngende Quaste aus Treibholz 42cm"},"content":{"rendered":"<p><em>Verwandeln Sie jeden Raum in eine ruhige Oase mit unserem Gro\u00dfhandels-Seegras-Wandschmuck, der von erfahrenen Kunsthandwerkern aus Indonesien sorgf\u00e4ltig hergestellt wird. Jedes St\u00fcck strahlt einen unkonventionellen Charme aus und verleiht jedem Raum eine entspannte Atmosph\u00e4re.<\/em><\/p>\n<p>Diese aus nachhaltigem Seegras gefertigte Wandkunst verk\u00f6rpert Umweltbewusstsein und entspricht dem wachsenden Trend zu umweltfreundlichen Produkten. Seine umweltfreundlichen Materialien entsprechen nicht nur modernen Werten, sondern machen es auch zu einer unwiderstehlichen Wahl f\u00fcr Verbraucher, die sowohl Stil als auch Nachhaltigkeit suchen.<\/p>\n","protected":false},"excerpt":{"rendered":"<p>Verwandeln Sie jeden Raum in eine ruhige Oase mit unserem Gro\u00dfhandels-Seegras-Wandschmuck, der von erfahrenen Kunsthandwerkern aus Indonesien sorgf\u00e4ltig hergestellt wird. Jedes St\u00fcck strahlt einen unkonventionellen Charme aus und verleiht jedem Raum eine entspannte Atmosph\u00e4re. Diese aus nachhaltigem Seegras gefertigte Wandkunst verk\u00f6rpert Umweltbewusstsein und entspricht dem wachsenden Trend zu umweltfreundlichen Produkten. Seine umweltfreundlichen Materialien entsprechen nicht [&hellip;]<\/p>\n","protected":false},"featured_media":375527,"comment_status":"closed","ping_status":"open","template":"","meta":{"_angie_page":false},"product_brand":[],"product_cat":[16895,14451],"product_tag":[],"class_list":{"0":"post-227601","1":"product","2":"type-product","3":"status-publish","4":"has-post-thumbnail","6":"product_cat-dekoration","7":"product_cat-haus-und-gartendeko","8":"pa_collection-natural-seagrass-wall-art-de","9":"pa_made-in-indonesien","11":"first","12":"instock","13":"purchasable","14":"product-type-simple"},"supplier_id":null,"supplier_sku":"NWA-10","barcode":null,"atum_controlled":true,"out_stock_date":null,"out_stock_threshold":null,"inheritable":false,"inbound_stock":null,"stock_on_hold":0,"sold_today":0,"sales_last_days":0,"reserved_stock":null,"customer_returns":null,"warehouse_damage":null,"lost_in_post":null,"other_logs":null,"out_stock_days":0,"lost_sales":0,"has_location":null,"update_date":"2026-04-27T07:16:05","atum_locations":[],"atum_stock_status":"instock","restock_status":false,"low_stock_amount":"","sales_update_date":"2026-01-20T05:13:01","calc_backorders":null,"_links":{"self":[{"href":"https:\/\/aromasentia.com\/de\/wp-json\/wp\/v2\/product\/227601","targetHints":{"allow":["GET"]}}],"collection":[{"href":"https:\/\/aromasentia.com\/de\/wp-json\/wp\/v2\/product"}],"about":[{"href":"https:\/\/aromasentia.com\/de\/wp-json\/wp\/v2\/types\/product"}],"replies":[{"embeddable":true,"href":"https:\/\/aromasentia.com\/de\/wp-json\/wp\/v2\/comments?post=227601"}],"version-history":[{"count":0,"href":"https:\/\/aromasentia.com\/de\/wp-json\/wp\/v2\/product\/227601\/revisions"}],"wp:featuredmedia":[{"embeddable":true,"href":"https:\/\/aromasentia.com\/de\/wp-json\/wp\/v2\/media\/375527"}],"wp:attachment":[{"href":"https:\/\/aromasentia.com\/de\/wp-json\/wp\/v2\/media?parent=227601"}],"wp:term":[{"taxonomy":"product_brand","embeddable":true,"href":"https:\/\/aromasentia.com\/de\/wp-json\/wp\/v2\/product_brand?post=227601"},{"taxonomy":"product_cat","embeddable":true,"href":"https:\/\/aromasentia.com\/de\/wp-json\/wp\/v2\/product_cat?post=227601"},{"taxonomy":"product_tag","embeddable":true,"href":"https:\/\/aromasentia.com\/de\/wp-json\/wp\/v2\/product_tag?post=227601"}],"curies":[{"name":"wp","href":"https:\/\/api.w.org\/{rel}","templated":true}]}}