{"id":227573,"date":"2025-03-22T16:05:57","date_gmt":"2025-03-22T16:05:57","guid":{"rendered":"https:\/\/aromasentia.com\/product\/set-of-three-seagrass-bowls-wall-art-black\/"},"modified":"2025-12-30T19:54:24","modified_gmt":"2025-12-30T19:54:24","slug":"set-aus-drei-schalen-aus-seegras-wandkunst-schwarz","status":"publish","type":"product","link":"https:\/\/aromasentia.com\/de\/set-aus-drei-schalen-aus-seegras-wandkunst-schwarz\/","title":{"rendered":"Set aus drei Schalen aus Seegras, Wandkunst, Schwarz"},"content":{"rendered":"<p><span style=\"color: rgb(75, 80, 88);\">Verleihen Sie jedem Raum einen unkonventionellen, entspannten Touch mit diesem <strong>Set aus drei Seegrasschalen-Wanddekorationen &#8211; Schwarz<\/strong>. Handgefertigt von indonesischen Kunsthandwerkern.<\/span><\/p>\n<p><span style=\"color: rgb(75, 80, 88);\">Diese Dekoration wird ein Blickfang an den W\u00e4nden Ihrer Kunden sein, der sich von den anderen abhebt und definitiv die Aufmerksamkeit auf sich zieht. Schaffen Sie Behaglichkeit und einen authentischen, exotischen Look mit dieser Wandkunst.&nbsp;<\/span><\/p>\n<p><span style=\"color: rgb(75, 80, 88);\">Sie passen zu jedem Stil. Sie k\u00f6nnen sie \u00fcber dem Bett oder Kaminsims oder an einer Wand neben anderen ausgefallenen Dekorationselementen aufh\u00e4ngen. Das ideale Geschenk f\u00fcr Liebhaber des rustikalen Stils. Auch perfekt f\u00fcr Boho-Hochzeiten.&nbsp;<\/span><\/p>\n<p><span style=\"color: rgb(75, 80, 88);\">Diese nat\u00fcrliche <strong>Aroma Sentia<\/strong>-Wandkunst besteht aus organischem Seegras. Umweltfreundliche Materialien liegen voll im Trend, insbesondere Produkte aus exotischem Seegras sind modisch und verkaufen sich gut.&nbsp;<\/span><\/p>\n<p style=\"text-align: left;\"><span style=\"color: rgb(75, 80, 88);\">Seegras wird von Kunsthandwerkern handgewebt, die Metallkonstruktion (mit einem Ring zum Aufh\u00e4ngen) verleiht ihm die Form einer Sch\u00fcssel, verziert mit Baumwolle.&nbsp;<\/span><\/p>\n<p><span style=\"color: rgb(75, 80, 88);\">Kleine Sch\u00fcssel: Durchmesser 40,5 cm<br \/>Mittlere Sch\u00fcssel: Durchmesser 50 cm<br \/>Gro\u00dfe Sch\u00fcssel: Durchmesser 60,5 cm<\/span><\/p>\n<p><strong><span style=\"color: rgb(141, 186, 216);\">Bestellen Sie jetzt und erzielen Sie den ultimativen Wow-Effekt in Ihrem Gesch\u00e4ft.<\/span><\/strong><\/p>\n","protected":false},"excerpt":{"rendered":"<p>Verleihen Sie jedem Raum einen unkonventionellen, entspannten Touch mit diesem Set aus drei Seegrasschalen-Wanddekorationen &#8211; Schwarz. Handgefertigt von indonesischen Kunsthandwerkern. Diese Dekoration wird ein Blickfang an den W\u00e4nden Ihrer Kunden sein, der sich von den anderen abhebt und definitiv die Aufmerksamkeit auf sich zieht. Schaffen Sie Behaglichkeit und einen authentischen, exotischen Look mit dieser Wandkunst.&nbsp; [&hellip;]<\/p>\n","protected":false},"featured_media":375416,"comment_status":"closed","ping_status":"open","template":"","meta":[],"product_brand":[],"product_cat":[16895,14451],"product_tag":[],"class_list":{"0":"post-227573","1":"product","2":"type-product","3":"status-publish","4":"has-post-thumbnail","6":"product_cat-dekoration","7":"product_cat-haus-und-gartendeko","8":"pa_collection-natural-seagrass-wall-art-de","9":"pa_made-in-indonesien","11":"first","12":"instock","13":"purchasable","14":"product-type-simple"},"supplier_id":null,"supplier_sku":"NWA-05","barcode":null,"atum_controlled":true,"out_stock_date":null,"out_stock_threshold":null,"inheritable":false,"inbound_stock":null,"stock_on_hold":0,"sold_today":0,"sales_last_days":0,"reserved_stock":null,"customer_returns":null,"warehouse_damage":null,"lost_in_post":null,"other_logs":null,"out_stock_days":0,"lost_sales":0,"has_location":null,"update_date":"2026-01-30T01:25:46","atum_locations":[],"atum_stock_status":"instock","restock_status":false,"low_stock_amount":"","sales_update_date":"2026-01-30T01:25:46","calc_backorders":null,"_links":{"self":[{"href":"https:\/\/aromasentia.com\/de\/wp-json\/wp\/v2\/product\/227573","targetHints":{"allow":["GET"]}}],"collection":[{"href":"https:\/\/aromasentia.com\/de\/wp-json\/wp\/v2\/product"}],"about":[{"href":"https:\/\/aromasentia.com\/de\/wp-json\/wp\/v2\/types\/product"}],"replies":[{"embeddable":true,"href":"https:\/\/aromasentia.com\/de\/wp-json\/wp\/v2\/comments?post=227573"}],"version-history":[{"count":0,"href":"https:\/\/aromasentia.com\/de\/wp-json\/wp\/v2\/product\/227573\/revisions"}],"wp:featuredmedia":[{"embeddable":true,"href":"https:\/\/aromasentia.com\/de\/wp-json\/wp\/v2\/media\/375416"}],"wp:attachment":[{"href":"https:\/\/aromasentia.com\/de\/wp-json\/wp\/v2\/media?parent=227573"}],"wp:term":[{"taxonomy":"product_brand","embeddable":true,"href":"https:\/\/aromasentia.com\/de\/wp-json\/wp\/v2\/product_brand?post=227573"},{"taxonomy":"product_cat","embeddable":true,"href":"https:\/\/aromasentia.com\/de\/wp-json\/wp\/v2\/product_cat?post=227573"},{"taxonomy":"product_tag","embeddable":true,"href":"https:\/\/aromasentia.com\/de\/wp-json\/wp\/v2\/product_tag?post=227573"}],"curies":[{"name":"wp","href":"https:\/\/api.w.org\/{rel}","templated":true}]}}