{"id":227549,"date":"2025-03-22T16:05:57","date_gmt":"2025-03-22T16:05:57","guid":{"rendered":"https:\/\/aromasentia.com\/product\/seagrass-set-2-vase-2-bins\/"},"modified":"2025-12-30T19:54:16","modified_gmt":"2025-12-30T19:54:16","slug":"seagrass-set-2-vase-2-bins","status":"publish","type":"product","link":"https:\/\/aromasentia.com\/de\/seagrass-set-2-vase-2-bins\/","title":{"rendered":"Seagrass Set &#8211; 2 Vase &#038; 2 Bins"},"content":{"rendered":"<p><strong>Handgewebt und gef\u00e4rbt in Java,&nbsp;<\/strong>diese<strong>&nbsp;<\/strong><strong>Seagras Vase &amp; Bins Sets<\/strong> sind perfekt f\u00fcr jede Ecke, ideal f\u00fcr die Organisation rund um das Haus, Dekoration, Pflanzentopf Abdeckung, Speisekammer Lagerung, Spielzeug Lagerung Hinzuf\u00fcgen nat\u00fcrlicher Textur und Farbe zu Ihrem Kunden&rsquo; s Raum. Wie Sie wissen, ist alles, was mit Zimmerpflanzen zu tun hat und nat\u00fcrlich ist, ein gro\u00dfer Trend, und dieses sch\u00f6ne und nat\u00fcrliche Produkt ist genau auf dem richtigen Weg.<\/p>\n<p>Diese sch\u00f6nen K\u00f6rbe bringen das Beste aus zwei Welten zusammen: nat\u00fcrlich und k\u00fcnstlich; erdig und schick und praktisch. Vielleicht gef\u00e4llt Ihnen auch <a class=\"fr-green\" href=\"https:\/\/aromasentia.com\/mhs\"><strong>Macrame H\u00e4ngeregale<\/strong><\/a><strong>.<\/strong><\/p>\n<p>Mit dem Kauf eines dieser K\u00f6rbe unterst\u00fctzen Sie die Hersteller und helfen, eine alte Handwerkstradition in Java zu bewahren.<\/p>\n<p><strong>&#8211; Ethisch &#8211; Verkauft im Viererset &#8211; Handgemacht in Java &#8211; Umweltfreundlich<\/strong><\/p>\n<p>Gr\u00f6\u00dfen: X2 kleine Eimer: 24,5x 20 cm&nbsp;<\/p>\n<p>Gr\u00f6\u00dfere Vase: 50x 18 cm&nbsp;<\/p>\n<p>Kleine Vase: 44x 16 cm<\/p>\n<p><strong>Nat\u00fcrlich sch\u00f6n in Szene gesetzt. Bestellen Sie noch heute.<\/strong><\/p>\n","protected":false},"excerpt":{"rendered":"<p>Handgewebt und gef\u00e4rbt in Java,&nbsp;diese&nbsp;Seagras Vase &amp; Bins Sets sind perfekt f\u00fcr jede Ecke, ideal f\u00fcr die Organisation rund um das Haus, Dekoration, Pflanzentopf Abdeckung, Speisekammer Lagerung, Spielzeug Lagerung Hinzuf\u00fcgen nat\u00fcrlicher Textur und Farbe zu Ihrem Kunden&rsquo; s Raum. Wie Sie wissen, ist alles, was mit Zimmerpflanzen zu tun hat und nat\u00fcrlich ist, ein gro\u00dfer [&hellip;]<\/p>\n","protected":false},"featured_media":375338,"comment_status":"closed","ping_status":"open","template":"","meta":{"_angie_page":false},"product_brand":[],"product_cat":[16895,14451,17385],"product_tag":[],"class_list":{"0":"post-227549","1":"product","2":"type-product","3":"status-publish","4":"has-post-thumbnail","6":"product_cat-dekoration","7":"product_cat-haus-und-gartendeko","8":"product_cat-vasen","9":"pa_collection-seagrass-vase-bins-set-de","10":"pa_made-in-indonesien","12":"first","13":"instock","14":"purchasable","15":"product-type-simple"},"supplier_id":null,"supplier_sku":"NVA-01","barcode":null,"atum_controlled":true,"out_stock_date":null,"out_stock_threshold":null,"inheritable":false,"inbound_stock":null,"stock_on_hold":0,"sold_today":0,"sales_last_days":0,"reserved_stock":null,"customer_returns":null,"warehouse_damage":null,"lost_in_post":null,"other_logs":null,"out_stock_days":0,"lost_sales":0,"has_location":null,"update_date":"2026-04-27T07:15:56","atum_locations":[],"atum_stock_status":"instock","restock_status":false,"low_stock_amount":"","sales_update_date":"2025-09-04T00:29:23","calc_backorders":null,"_links":{"self":[{"href":"https:\/\/aromasentia.com\/de\/wp-json\/wp\/v2\/product\/227549","targetHints":{"allow":["GET"]}}],"collection":[{"href":"https:\/\/aromasentia.com\/de\/wp-json\/wp\/v2\/product"}],"about":[{"href":"https:\/\/aromasentia.com\/de\/wp-json\/wp\/v2\/types\/product"}],"replies":[{"embeddable":true,"href":"https:\/\/aromasentia.com\/de\/wp-json\/wp\/v2\/comments?post=227549"}],"version-history":[{"count":0,"href":"https:\/\/aromasentia.com\/de\/wp-json\/wp\/v2\/product\/227549\/revisions"}],"wp:featuredmedia":[{"embeddable":true,"href":"https:\/\/aromasentia.com\/de\/wp-json\/wp\/v2\/media\/375338"}],"wp:attachment":[{"href":"https:\/\/aromasentia.com\/de\/wp-json\/wp\/v2\/media?parent=227549"}],"wp:term":[{"taxonomy":"product_brand","embeddable":true,"href":"https:\/\/aromasentia.com\/de\/wp-json\/wp\/v2\/product_brand?post=227549"},{"taxonomy":"product_cat","embeddable":true,"href":"https:\/\/aromasentia.com\/de\/wp-json\/wp\/v2\/product_cat?post=227549"},{"taxonomy":"product_tag","embeddable":true,"href":"https:\/\/aromasentia.com\/de\/wp-json\/wp\/v2\/product_tag?post=227549"}],"curies":[{"name":"wp","href":"https:\/\/api.w.org\/{rel}","templated":true}]}}