{"id":227537,"date":"2025-03-22T16:05:57","date_gmt":"2025-03-22T16:05:57","guid":{"rendered":"https:\/\/aromasentia.com\/product\/natural-coaster-jute-cotton-10cm-set-of-4-clay-boarder\/"},"modified":"2025-12-30T19:54:16","modified_gmt":"2025-12-30T19:54:16","slug":"natuerlicher-untersetzer-jute-baumwolle-10cm-4er-set-rand-aus-ton","status":"publish","type":"product","link":"https:\/\/aromasentia.com\/de\/natuerlicher-untersetzer-jute-baumwolle-10cm-4er-set-rand-aus-ton\/","title":{"rendered":"Nat\u00fcrlicher Untersetzer &#8211; Jute &#038; Baumwolle 10cm (4er Set) &#8211; Rand aus Ton"},"content":{"rendered":"<p><span style=\"color: rgb(75, 80, 88);\">Wir pr\u00e4sentieren unsere beeindruckende Kollektion <strong>Natural Coasters<\/strong> \u2013 ein absolutes Muss f\u00fcr Einzelh\u00e4ndler, die ihrem Sortiment einen Hauch von Boho-Chic verleihen m\u00f6chten. Hergestellt aus einer Jute-Baumwoll-Mischung eignen sie sich ideal f\u00fcr empfindliche Oberfl\u00e4chen wie Glas oder Holz.<\/span><\/p>\n<p><span style=\"color: rgb(75, 80, 88);\">Kombinieren Sie sie mit <strong>Natural Place Mat &#8211; Jute &#038; Baumwolle 30 cm &#8211; Clay Border<\/strong> f\u00fcr einen einheitlichen Look. Sie passen zu jedem Einrichtungsstil und Geschmack.<\/span><\/p>\n<p><span style=\"color: rgb(75, 80, 88);\">Sie saugen nicht nur Feuchtigkeit von Gl\u00e4sern und Tassen auf, sondern sch\u00fctzen Oberfl\u00e4chen auch vor Hitzesch\u00e4den durch hei\u00dfe Tassen oder Becher. Dar\u00fcber hinaus k\u00f6nnen sie auch dazu beitragen, die Temperatur kalter Getr\u00e4nke zu halten.<\/span><\/p>\n","protected":false},"excerpt":{"rendered":"<p>Wir pr\u00e4sentieren unsere beeindruckende Kollektion Natural Coasters \u2013 ein absolutes Muss f\u00fcr Einzelh\u00e4ndler, die ihrem Sortiment einen Hauch von Boho-Chic verleihen m\u00f6chten. Hergestellt aus einer Jute-Baumwoll-Mischung eignen sie sich ideal f\u00fcr empfindliche Oberfl\u00e4chen wie Glas oder Holz. Kombinieren Sie sie mit Natural Place Mat &#8211; Jute &#038; Baumwolle 30 cm &#8211; Clay Border f\u00fcr einen [&hellip;]<\/p>\n","protected":false},"featured_media":375271,"comment_status":"closed","ping_status":"open","template":"","meta":[],"product_brand":[],"product_cat":[14451],"product_tag":[],"class_list":{"0":"post-227537","1":"product","2":"type-product","3":"status-publish","4":"has-post-thumbnail","6":"product_cat-haus-und-gartendeko","7":"pa_collection-natural-place-mats-de","8":"pa_made-in-indien","10":"first","11":"instock","12":"purchasable","13":"product-type-simple"},"supplier_id":null,"supplier_sku":"NPMAT-15","barcode":null,"atum_controlled":true,"out_stock_date":null,"out_stock_threshold":null,"inheritable":false,"inbound_stock":null,"stock_on_hold":0,"sold_today":0,"sales_last_days":0,"reserved_stock":null,"customer_returns":null,"warehouse_damage":null,"lost_in_post":null,"other_logs":null,"out_stock_days":0,"lost_sales":0,"has_location":null,"update_date":"2026-01-31T23:44:32","atum_locations":[],"atum_stock_status":"instock","restock_status":false,"low_stock_amount":"","sales_update_date":"2026-01-30T01:25:44","calc_backorders":null,"_links":{"self":[{"href":"https:\/\/aromasentia.com\/de\/wp-json\/wp\/v2\/product\/227537","targetHints":{"allow":["GET"]}}],"collection":[{"href":"https:\/\/aromasentia.com\/de\/wp-json\/wp\/v2\/product"}],"about":[{"href":"https:\/\/aromasentia.com\/de\/wp-json\/wp\/v2\/types\/product"}],"replies":[{"embeddable":true,"href":"https:\/\/aromasentia.com\/de\/wp-json\/wp\/v2\/comments?post=227537"}],"version-history":[{"count":0,"href":"https:\/\/aromasentia.com\/de\/wp-json\/wp\/v2\/product\/227537\/revisions"}],"wp:featuredmedia":[{"embeddable":true,"href":"https:\/\/aromasentia.com\/de\/wp-json\/wp\/v2\/media\/375271"}],"wp:attachment":[{"href":"https:\/\/aromasentia.com\/de\/wp-json\/wp\/v2\/media?parent=227537"}],"wp:term":[{"taxonomy":"product_brand","embeddable":true,"href":"https:\/\/aromasentia.com\/de\/wp-json\/wp\/v2\/product_brand?post=227537"},{"taxonomy":"product_cat","embeddable":true,"href":"https:\/\/aromasentia.com\/de\/wp-json\/wp\/v2\/product_cat?post=227537"},{"taxonomy":"product_tag","embeddable":true,"href":"https:\/\/aromasentia.com\/de\/wp-json\/wp\/v2\/product_tag?post=227537"}],"curies":[{"name":"wp","href":"https:\/\/api.w.org\/{rel}","templated":true}]}}