{"id":227529,"date":"2025-03-22T16:05:57","date_gmt":"2025-03-22T16:05:57","guid":{"rendered":"https:\/\/aromasentia.com\/product\/natural-coaster-jute-cotton-10cm-set-of-4-olive-boarder\/"},"modified":"2025-12-30T19:54:16","modified_gmt":"2025-12-30T19:54:16","slug":"natuerlicher-untersetzer-jute-baumwolle-10cm-4er-set-olivgruener-rand","status":"publish","type":"product","link":"https:\/\/aromasentia.com\/de\/natuerlicher-untersetzer-jute-baumwolle-10cm-4er-set-olivgruener-rand\/","title":{"rendered":"Nat\u00fcrlicher Untersetzer &#8211; Jute &#038; Baumwolle 10cm (4er Set) &#8211; Olivgr\u00fcner Rand"},"content":{"rendered":"<p><span style=\"color: rgb(75, 80, 88);\">Wir pr\u00e4sentieren unsere atemberaubende Kollektion <strong>Naturuntersetzer<\/strong> \u2013 ein absolutes Muss f\u00fcr Einzelh\u00e4ndler, die ihrem Sortiment einen Hauch von Boho-Chic verleihen m\u00f6chten. Hergestellt aus einer Mischung aus Jute und Baumwolle eignen sie sich ideal f\u00fcr empfindliche Oberfl\u00e4chen wie Glas oder Holz.<\/span><\/p>\n<p><span style=\"color: rgb(75, 80, 88);\">Kombinieren Sie sie mit unserem <strong>Natur-Tischset \u2013 Jute &#038; Baumwolle 30 cm \u2013 Olivgr\u00fcner Rand<\/strong> f\u00fcr einen \u00e4sthetischen Akzent.<\/span><\/p>\n<p><span style=\"color: rgb(75, 80, 88);\">Sie sch\u00fctzen Oberfl\u00e4chen vor Wasserflecken und Kratzern und erhalten so die Qualit\u00e4t Ihrer M\u00f6bel. Diese Untersetzer sind nicht nur funktional, sondern auch eine umweltfreundliche Alternative zu synthetischen Untersetzern.<\/span> <\/p>\n","protected":false},"excerpt":{"rendered":"<p>Wir pr\u00e4sentieren unsere atemberaubende Kollektion Naturuntersetzer \u2013 ein absolutes Muss f\u00fcr Einzelh\u00e4ndler, die ihrem Sortiment einen Hauch von Boho-Chic verleihen m\u00f6chten. Hergestellt aus einer Mischung aus Jute und Baumwolle eignen sie sich ideal f\u00fcr empfindliche Oberfl\u00e4chen wie Glas oder Holz. Kombinieren Sie sie mit unserem Natur-Tischset \u2013 Jute &#038; Baumwolle 30 cm \u2013 Olivgr\u00fcner Rand [&hellip;]<\/p>\n","protected":false},"featured_media":375221,"comment_status":"closed","ping_status":"open","template":"","meta":[],"product_brand":[],"product_cat":[14451],"product_tag":[],"class_list":{"0":"post-227529","1":"product","2":"type-product","3":"status-publish","4":"has-post-thumbnail","6":"product_cat-haus-und-gartendeko","7":"pa_collection-natural-place-mats-de","8":"pa_made-in-indien","10":"first","11":"instock","12":"purchasable","13":"product-type-simple"},"supplier_id":null,"supplier_sku":"NPMAT-13","barcode":null,"atum_controlled":true,"out_stock_date":null,"out_stock_threshold":null,"inheritable":false,"inbound_stock":null,"stock_on_hold":0,"sold_today":0,"sales_last_days":0,"reserved_stock":null,"customer_returns":null,"warehouse_damage":null,"lost_in_post":null,"other_logs":null,"out_stock_days":0,"lost_sales":0,"has_location":null,"update_date":"2026-02-06T00:00:45","atum_locations":[],"atum_stock_status":"instock","restock_status":false,"low_stock_amount":"","sales_update_date":"2026-02-06T00:00:45","calc_backorders":null,"_links":{"self":[{"href":"https:\/\/aromasentia.com\/de\/wp-json\/wp\/v2\/product\/227529","targetHints":{"allow":["GET"]}}],"collection":[{"href":"https:\/\/aromasentia.com\/de\/wp-json\/wp\/v2\/product"}],"about":[{"href":"https:\/\/aromasentia.com\/de\/wp-json\/wp\/v2\/types\/product"}],"replies":[{"embeddable":true,"href":"https:\/\/aromasentia.com\/de\/wp-json\/wp\/v2\/comments?post=227529"}],"version-history":[{"count":0,"href":"https:\/\/aromasentia.com\/de\/wp-json\/wp\/v2\/product\/227529\/revisions"}],"wp:featuredmedia":[{"embeddable":true,"href":"https:\/\/aromasentia.com\/de\/wp-json\/wp\/v2\/media\/375221"}],"wp:attachment":[{"href":"https:\/\/aromasentia.com\/de\/wp-json\/wp\/v2\/media?parent=227529"}],"wp:term":[{"taxonomy":"product_brand","embeddable":true,"href":"https:\/\/aromasentia.com\/de\/wp-json\/wp\/v2\/product_brand?post=227529"},{"taxonomy":"product_cat","embeddable":true,"href":"https:\/\/aromasentia.com\/de\/wp-json\/wp\/v2\/product_cat?post=227529"},{"taxonomy":"product_tag","embeddable":true,"href":"https:\/\/aromasentia.com\/de\/wp-json\/wp\/v2\/product_tag?post=227529"}],"curies":[{"name":"wp","href":"https:\/\/api.w.org\/{rel}","templated":true}]}}