{"id":227521,"date":"2025-03-22T16:05:57","date_gmt":"2025-03-22T16:05:57","guid":{"rendered":"https:\/\/aromasentia.com\/product\/natural-coaster-jute-cotton-10cm-set-of-4-ivory-boarder\/"},"modified":"2025-12-30T19:54:16","modified_gmt":"2025-12-30T19:54:16","slug":"natuerlicher-untersetzer-jute-und-baumwolle-10-cm-4er-set-rand-in-elfenbein","status":"publish","type":"product","link":"https:\/\/aromasentia.com\/de\/natuerlicher-untersetzer-jute-und-baumwolle-10-cm-4er-set-rand-in-elfenbein\/","title":{"rendered":"Nat\u00fcrlicher Untersetzer \u2013 Jute und Baumwolle, 10 cm (4er-Set) \u2013 Rand in Elfenbein"},"content":{"rendered":"<p><span style=\"color: rgb(75, 80, 88);\">Wir stellen unsere atemberaubende Kollektion von <strong>Naturuntersetzern \u2013 Jute und Baumwolle, 10\u00a0cm (4er-Set) \u2013 Elfenbeinrand<\/strong> vor, eine unverzichtbare Erg\u00e4nzung f\u00fcr Einzelh\u00e4ndler, die ihrem Inventar einen Hauch von Boho-Chic verleihen m\u00f6chten. Sie bestehen aus einer Mischung aus Jute und Baumwolle und erg\u00e4nzen jedes Tischgedeck.<\/span><\/p>\n<p><span style=\"color: rgb(75, 80, 88);\">Ideal f\u00fcr sowohl zwanglose als auch formelle Anl\u00e4sse.<\/span><\/p>\n<p><span style=\"color: rgb(75, 80, 88);\">Kombinieren Sie sie mit&nbsp;<\/span><a href=\"https:\/\/aromasentia.com\/natural-place-mat-jute-&#038;-cotton-30cm-ivory-boarder\"><span style=\"color: rgb(149, 122, 101);\"><strong>Nat\u00fcrliches Tischset \u2013 Jute und Baumwolle, 30 cm, elfenbeinfarbener Rand.<\/strong><\/span><\/a><\/p>\n","protected":false},"excerpt":{"rendered":"<p>Wir stellen unsere atemberaubende Kollektion von Naturuntersetzern \u2013 Jute und Baumwolle, 10\u00a0cm (4er-Set) \u2013 Elfenbeinrand vor, eine unverzichtbare Erg\u00e4nzung f\u00fcr Einzelh\u00e4ndler, die ihrem Inventar einen Hauch von Boho-Chic verleihen m\u00f6chten. Sie bestehen aus einer Mischung aus Jute und Baumwolle und erg\u00e4nzen jedes Tischgedeck. Ideal f\u00fcr sowohl zwanglose als auch formelle Anl\u00e4sse. Kombinieren Sie sie mit&nbsp;Nat\u00fcrliches [&hellip;]<\/p>\n","protected":false},"featured_media":375171,"comment_status":"closed","ping_status":"open","template":"","meta":[],"product_brand":[],"product_cat":[14451],"product_tag":[],"class_list":{"0":"post-227521","1":"product","2":"type-product","3":"status-publish","4":"has-post-thumbnail","6":"product_cat-haus-und-gartendeko","7":"pa_collection-natural-place-mats-de","8":"pa_made-in-indien","10":"first","11":"instock","12":"purchasable","13":"product-type-simple"},"supplier_id":null,"supplier_sku":"NPMAT-11","barcode":null,"atum_controlled":true,"out_stock_date":null,"out_stock_threshold":null,"inheritable":false,"inbound_stock":null,"stock_on_hold":0,"sold_today":0,"sales_last_days":0,"reserved_stock":null,"customer_returns":null,"warehouse_damage":null,"lost_in_post":null,"other_logs":null,"out_stock_days":0,"lost_sales":0,"has_location":null,"update_date":"2026-02-02T14:20:05","atum_locations":[],"atum_stock_status":"instock","restock_status":false,"low_stock_amount":"","sales_update_date":"2026-01-20T05:14:23","calc_backorders":null,"_links":{"self":[{"href":"https:\/\/aromasentia.com\/de\/wp-json\/wp\/v2\/product\/227521","targetHints":{"allow":["GET"]}}],"collection":[{"href":"https:\/\/aromasentia.com\/de\/wp-json\/wp\/v2\/product"}],"about":[{"href":"https:\/\/aromasentia.com\/de\/wp-json\/wp\/v2\/types\/product"}],"replies":[{"embeddable":true,"href":"https:\/\/aromasentia.com\/de\/wp-json\/wp\/v2\/comments?post=227521"}],"version-history":[{"count":0,"href":"https:\/\/aromasentia.com\/de\/wp-json\/wp\/v2\/product\/227521\/revisions"}],"wp:featuredmedia":[{"embeddable":true,"href":"https:\/\/aromasentia.com\/de\/wp-json\/wp\/v2\/media\/375171"}],"wp:attachment":[{"href":"https:\/\/aromasentia.com\/de\/wp-json\/wp\/v2\/media?parent=227521"}],"wp:term":[{"taxonomy":"product_brand","embeddable":true,"href":"https:\/\/aromasentia.com\/de\/wp-json\/wp\/v2\/product_brand?post=227521"},{"taxonomy":"product_cat","embeddable":true,"href":"https:\/\/aromasentia.com\/de\/wp-json\/wp\/v2\/product_cat?post=227521"},{"taxonomy":"product_tag","embeddable":true,"href":"https:\/\/aromasentia.com\/de\/wp-json\/wp\/v2\/product_tag?post=227521"}],"curies":[{"name":"wp","href":"https:\/\/api.w.org\/{rel}","templated":true}]}}