{"id":227513,"date":"2025-03-22T16:05:57","date_gmt":"2025-03-22T16:05:57","guid":{"rendered":"https:\/\/aromasentia.com\/product\/natural-place-mat-jute-30cm-chakra-print\/"},"modified":"2025-12-30T19:54:07","modified_gmt":"2025-12-30T19:54:07","slug":"natuerliches-tischset-jute-30-cm-chakra-druck","status":"publish","type":"product","link":"https:\/\/aromasentia.com\/de\/natuerliches-tischset-jute-30-cm-chakra-druck\/","title":{"rendered":"Nat\u00fcrliches Tischset \u2013 Jute 30 cm \u2013 Chakra-Druck"},"content":{"rendered":"<p><span style=\"color: rgb(75, 80, 88);\">Wir stellen unsere atemberaubende Kollektion <strong>nat\u00fcrlicher Tischsets<\/strong> vor, ein <strong>unverzichtbares Accessoire f\u00fcr Einzelh\u00e4ndler, die ihrem Sortiment einen Hauch von Boho-Chic verleihen m\u00f6chten<\/strong>. Diese Tischsets aus einer Mischung aus Jute und Baumwolle strahlen nicht nur nat\u00fcrliche Eleganz aus, sondern verstr\u00f6men auch eine entspannte Boh\u00e8me-Atmosph\u00e4re, die perfekt f\u00fcr die freigeistigen Verbraucher von heute ist.<\/span><\/p>\n<p><strong><span style=\"color: rgb(75, 80, 88);\">Verleihen Sie Ihrem Essen mit diesem Jute-Tischset mit Chakra-Aufdruck eine spirituelle Note<\/span><\/strong><span style=\"color: rgb(75, 80, 88);\"> und sorgen Sie so f\u00fcr eine harmonische Atmosph\u00e4re beim Essen. <br \/><\/span><\/p>\n<p><span style=\"color: rgb(75, 80, 88);\">Die Matte hat einen Durchmesser von 30 cm.<\/span><\/p>\n","protected":false},"excerpt":{"rendered":"<p>Wir stellen unsere atemberaubende Kollektion nat\u00fcrlicher Tischsets vor, ein unverzichtbares Accessoire f\u00fcr Einzelh\u00e4ndler, die ihrem Sortiment einen Hauch von Boho-Chic verleihen m\u00f6chten. Diese Tischsets aus einer Mischung aus Jute und Baumwolle strahlen nicht nur nat\u00fcrliche Eleganz aus, sondern verstr\u00f6men auch eine entspannte Boh\u00e8me-Atmosph\u00e4re, die perfekt f\u00fcr die freigeistigen Verbraucher von heute ist. Verleihen Sie Ihrem [&hellip;]<\/p>\n","protected":false},"featured_media":375105,"comment_status":"closed","ping_status":"open","template":"","meta":[],"product_brand":[],"product_cat":[14451],"product_tag":[],"class_list":{"0":"post-227513","1":"product","2":"type-product","3":"status-publish","4":"has-post-thumbnail","6":"product_cat-haus-und-gartendeko","7":"pa_collection-natural-place-mats-de","8":"pa_made-in-indien","10":"first","11":"instock","12":"purchasable","13":"product-type-simple"},"supplier_id":null,"supplier_sku":"NPMAT-09","barcode":null,"atum_controlled":true,"out_stock_date":null,"out_stock_threshold":null,"inheritable":false,"inbound_stock":null,"stock_on_hold":0,"sold_today":0,"sales_last_days":0,"reserved_stock":null,"customer_returns":null,"warehouse_damage":null,"lost_in_post":null,"other_logs":null,"out_stock_days":0,"lost_sales":0,"has_location":null,"update_date":"2026-01-30T01:25:45","atum_locations":[],"atum_stock_status":"instock","restock_status":false,"low_stock_amount":"","sales_update_date":"2026-01-30T01:25:45","calc_backorders":null,"_links":{"self":[{"href":"https:\/\/aromasentia.com\/de\/wp-json\/wp\/v2\/product\/227513","targetHints":{"allow":["GET"]}}],"collection":[{"href":"https:\/\/aromasentia.com\/de\/wp-json\/wp\/v2\/product"}],"about":[{"href":"https:\/\/aromasentia.com\/de\/wp-json\/wp\/v2\/types\/product"}],"replies":[{"embeddable":true,"href":"https:\/\/aromasentia.com\/de\/wp-json\/wp\/v2\/comments?post=227513"}],"version-history":[{"count":0,"href":"https:\/\/aromasentia.com\/de\/wp-json\/wp\/v2\/product\/227513\/revisions"}],"wp:featuredmedia":[{"embeddable":true,"href":"https:\/\/aromasentia.com\/de\/wp-json\/wp\/v2\/media\/375105"}],"wp:attachment":[{"href":"https:\/\/aromasentia.com\/de\/wp-json\/wp\/v2\/media?parent=227513"}],"wp:term":[{"taxonomy":"product_brand","embeddable":true,"href":"https:\/\/aromasentia.com\/de\/wp-json\/wp\/v2\/product_brand?post=227513"},{"taxonomy":"product_cat","embeddable":true,"href":"https:\/\/aromasentia.com\/de\/wp-json\/wp\/v2\/product_cat?post=227513"},{"taxonomy":"product_tag","embeddable":true,"href":"https:\/\/aromasentia.com\/de\/wp-json\/wp\/v2\/product_tag?post=227513"}],"curies":[{"name":"wp","href":"https:\/\/api.w.org\/{rel}","templated":true}]}}