{"id":227477,"date":"2025-03-22T16:05:57","date_gmt":"2025-03-22T16:05:57","guid":{"rendered":"https:\/\/aromasentia.com\/product\/set-4-pampus-fan-broom-mixed-colours-size\/"},"modified":"2025-12-30T19:54:07","modified_gmt":"2025-12-30T19:54:07","slug":"set-4-pampas-faecherbesen-gemischte-farben-und-groessen","status":"publish","type":"product","link":"https:\/\/aromasentia.com\/de\/set-4-pampas-faecherbesen-gemischte-farben-und-groessen\/","title":{"rendered":"Set 4 &#8211; Pampas-F\u00e4cherbesen &#8211; Gemischte Farben und Gr\u00f6\u00dfen"},"content":{"rendered":"<p>Erh\u00f6hen Sie Ihre Wohnkultur mit diesen atemberaubenden und<strong>&nbsp;farbenfrohen Pampas F\u00e4cherbesen,<\/strong> die aus <strong>umweltfreundlichen Materialien<\/strong> gefertigt sind. Diese trendigen Besen werden mit Sicherheit der Hit in Ihrem Gesch\u00e4ft sein.<\/p>\n<p>Verbessern Sie den Charme Ihres Wohnzimmers oder Flurs, indem Sie Ihre W\u00e4nde mit diesen einzigartigen St\u00fccken schm\u00fccken.<\/p>\n<p>Bitte beachten Sie, dass die Besenstiele und Borsten aufgrund der Verwendung nat\u00fcrlicher Materialien leichte Abweichungen von der Abbildung aufweisen k\u00f6nnen.<\/p>\n<p><strong>Lassen Sie sich diese fantastischen Dekoartikel nicht entgehen. Bestellen Sie jetzt, um sie in Ihrem Gesch\u00e4ft vorr\u00e4tig zu haben.<\/strong><\/p>\n<p><strong>Ungef\u00e4hre Ma\u00dfe (gr\u00f6\u00dfte zuerst):<\/strong><\/p>\n<p>38x18cm, 34x15cm, 30x18cm, 28x15cm<\/p>\n<p>Aufgrund der manuellen Produktion und der Verwendung von Naturmaterialien k\u00f6nnen die Ma\u00dfe variieren.<\/p>\n","protected":false},"excerpt":{"rendered":"<p>Erh\u00f6hen Sie Ihre Wohnkultur mit diesen atemberaubenden und&nbsp;farbenfrohen Pampas F\u00e4cherbesen, die aus umweltfreundlichen Materialien gefertigt sind. Diese trendigen Besen werden mit Sicherheit der Hit in Ihrem Gesch\u00e4ft sein. Verbessern Sie den Charme Ihres Wohnzimmers oder Flurs, indem Sie Ihre W\u00e4nde mit diesen einzigartigen St\u00fccken schm\u00fccken. Bitte beachten Sie, dass die Besenstiele und Borsten aufgrund der [&hellip;]<\/p>\n","protected":false},"featured_media":374808,"comment_status":"closed","ping_status":"open","template":"","meta":{"_angie_page":false},"product_brand":[],"product_cat":[16895,14451],"product_tag":[],"class_list":{"0":"post-227477","1":"product","2":"type-product","3":"status-publish","4":"has-post-thumbnail","6":"product_cat-dekoration","7":"product_cat-haus-und-gartendeko","8":"pa_collection-natural-pampus-broom-de","9":"pa_made-in-indonesien","11":"first","12":"instock","13":"purchasable","14":"product-type-simple"},"supplier_id":null,"supplier_sku":"NPB-04","barcode":null,"atum_controlled":true,"out_stock_date":null,"out_stock_threshold":null,"inheritable":false,"inbound_stock":null,"stock_on_hold":0,"sold_today":0,"sales_last_days":0,"reserved_stock":null,"customer_returns":null,"warehouse_damage":null,"lost_in_post":null,"other_logs":null,"out_stock_days":0,"lost_sales":0,"has_location":null,"update_date":"2026-04-27T07:15:32","atum_locations":[],"atum_stock_status":"instock","restock_status":false,"low_stock_amount":"","sales_update_date":"2026-01-30T01:25:38","calc_backorders":null,"_links":{"self":[{"href":"https:\/\/aromasentia.com\/de\/wp-json\/wp\/v2\/product\/227477","targetHints":{"allow":["GET"]}}],"collection":[{"href":"https:\/\/aromasentia.com\/de\/wp-json\/wp\/v2\/product"}],"about":[{"href":"https:\/\/aromasentia.com\/de\/wp-json\/wp\/v2\/types\/product"}],"replies":[{"embeddable":true,"href":"https:\/\/aromasentia.com\/de\/wp-json\/wp\/v2\/comments?post=227477"}],"version-history":[{"count":0,"href":"https:\/\/aromasentia.com\/de\/wp-json\/wp\/v2\/product\/227477\/revisions"}],"wp:featuredmedia":[{"embeddable":true,"href":"https:\/\/aromasentia.com\/de\/wp-json\/wp\/v2\/media\/374808"}],"wp:attachment":[{"href":"https:\/\/aromasentia.com\/de\/wp-json\/wp\/v2\/media?parent=227477"}],"wp:term":[{"taxonomy":"product_brand","embeddable":true,"href":"https:\/\/aromasentia.com\/de\/wp-json\/wp\/v2\/product_brand?post=227477"},{"taxonomy":"product_cat","embeddable":true,"href":"https:\/\/aromasentia.com\/de\/wp-json\/wp\/v2\/product_cat?post=227477"},{"taxonomy":"product_tag","embeddable":true,"href":"https:\/\/aromasentia.com\/de\/wp-json\/wp\/v2\/product_tag?post=227477"}],"curies":[{"name":"wp","href":"https:\/\/api.w.org\/{rel}","templated":true}]}}