{"id":227469,"date":"2025-03-22T16:06:08","date_gmt":"2025-03-22T16:06:08","guid":{"rendered":"https:\/\/aromasentia.com\/product\/rustic-bark-letter-i-7cm\/"},"modified":"2025-12-30T19:53:59","modified_gmt":"2025-12-30T19:53:59","slug":"rustikaler-rinden-buchstabe-i-12-klein-7cm","status":"publish","type":"product","link":"https:\/\/aromasentia.com\/de\/rustikaler-rinden-buchstabe-i-12-klein-7cm\/","title":{"rendered":"Rustikaler Rinden Buchstabe &#8211; &#8222;I&#8220; (12) &#8211; Klein 7cm"},"content":{"rendered":"<p><strong>Trendy Rustic Bark Letter I<\/strong> separat im Set mit 12 Buchstaben erh\u00e4ltlich.<\/p>\n<p><br style=\"font-size: 15px; font-style: normal; font-variant-caps: normal; font-weight: 400; letter-spacing: normal; orphans: 2; text-indent: 0px; text-transform: none; widows: 2; word-spacing: 0px; -webkit-text-stroke-width: 0px; white-space: normal; text-decoration-thickness: initial; text-decoration-style: initial; text-decoration-color: initial; box-sizing: inherit; color: rgb(29, 28, 29); font-family: Slack-Lato, appleLogo, sans-serif; font-variant-ligatures: common-ligatures; text-align: left; background-color: rgb(248, 248, 248);\"<\/p>\n<p>Jeder Buchstabe wird in Bali aus Albasia-Holz handgefertigt und hat ein trendiges rustikales &amp; raues Finish.<\/p>\n<p>Das Holz wird f\u00fcr seine reiche Maserung gesch\u00e4tzt, aber es ist auch schnell wachsend und nachhaltig zu ernten.<\/p>\n<p>Mit einer Gr\u00f6\u00dfe von ca. 7 cm eignen sie sich hervorragend f\u00fcr die Schreibweise von ganzen Namen oder l\u00e4ngeren W\u00f6rtern.<\/p>\n<p><br style=\"font-size: 15px; font-style: normal; font-variant-caps: normal; font-weight: 400; letter-spacing: normal; orphans: 2; text-indent: 0px; text-transform: none; widows: 2; word-spacing: 0px; -webkit-text-stroke-width: 0px; white-space: normal; text-decoration-thickness: initial; text-decoration-style: initial; text-decoration-color: initial; box-sizing: inherit; color: rgb(29, 28, 29); font-family: Slack-Lato, appleLogo, sans-serif; font-variant-ligatures: common-ligatures; text-align: left; background-color: rgb(248, 248, 248);\">Perfekt f\u00fcr die Dekoration jedes Zimmers im Haus. Ideal als Tauf- oder Hochzeitsgeschenk.<\/p>\n","protected":false},"excerpt":{"rendered":"<p>Trendy Rustic Bark Letter I separat im Set mit 12 Buchstaben erh\u00e4ltlich.<\/p>\n","protected":false},"featured_media":377791,"comment_status":"closed","ping_status":"open","template":"","meta":[],"product_brand":[],"product_cat":[14451,16951],"product_tag":[],"class_list":{"0":"post-227469","1":"product","2":"type-product","3":"status-publish","4":"has-post-thumbnail","6":"product_cat-haus-und-gartendeko","7":"product_cat-holzdekoration","8":"pa_collection-rustic-bark-letters-and-numbers-display-de","9":"pa_made-in-indonesien","11":"first","12":"instock","13":"purchasable","14":"product-type-simple"},"supplier_id":null,"supplier_sku":"SRBL-11","barcode":null,"atum_controlled":true,"out_stock_date":null,"out_stock_threshold":null,"inheritable":false,"inbound_stock":null,"stock_on_hold":0,"sold_today":0,"sales_last_days":0,"reserved_stock":null,"customer_returns":null,"warehouse_damage":null,"lost_in_post":null,"other_logs":null,"out_stock_days":0,"lost_sales":0,"has_location":null,"update_date":"2026-01-30T01:25:42","atum_locations":[],"atum_stock_status":"instock","restock_status":false,"low_stock_amount":"","sales_update_date":"2026-01-30T01:25:42","calc_backorders":null,"_links":{"self":[{"href":"https:\/\/aromasentia.com\/de\/wp-json\/wp\/v2\/product\/227469","targetHints":{"allow":["GET"]}}],"collection":[{"href":"https:\/\/aromasentia.com\/de\/wp-json\/wp\/v2\/product"}],"about":[{"href":"https:\/\/aromasentia.com\/de\/wp-json\/wp\/v2\/types\/product"}],"replies":[{"embeddable":true,"href":"https:\/\/aromasentia.com\/de\/wp-json\/wp\/v2\/comments?post=227469"}],"version-history":[{"count":0,"href":"https:\/\/aromasentia.com\/de\/wp-json\/wp\/v2\/product\/227469\/revisions"}],"wp:featuredmedia":[{"embeddable":true,"href":"https:\/\/aromasentia.com\/de\/wp-json\/wp\/v2\/media\/377791"}],"wp:attachment":[{"href":"https:\/\/aromasentia.com\/de\/wp-json\/wp\/v2\/media?parent=227469"}],"wp:term":[{"taxonomy":"product_brand","embeddable":true,"href":"https:\/\/aromasentia.com\/de\/wp-json\/wp\/v2\/product_brand?post=227469"},{"taxonomy":"product_cat","embeddable":true,"href":"https:\/\/aromasentia.com\/de\/wp-json\/wp\/v2\/product_cat?post=227469"},{"taxonomy":"product_tag","embeddable":true,"href":"https:\/\/aromasentia.com\/de\/wp-json\/wp\/v2\/product_tag?post=227469"}],"curies":[{"name":"wp","href":"https:\/\/api.w.org\/{rel}","templated":true}]}}