{"id":227429,"date":"2025-03-22T16:06:08","date_gmt":"2025-03-22T16:06:08","guid":{"rendered":"https:\/\/aromasentia.com\/product\/round-seagrass-white-tan-inner-sun-1m\/"},"modified":"2025-12-30T19:53:51","modified_gmt":"2025-12-30T19:53:51","slug":"rundes-seegras-weiss-hellbraun-innere-sonne-1m","status":"publish","type":"product","link":"https:\/\/aromasentia.com\/de\/rundes-seegras-weiss-hellbraun-innere-sonne-1m\/","title":{"rendered":"Rundes Seegras Wei\u00df &#038; Hellbraun &#8211; Innere Sonne &#8211; 1m"},"content":{"rendered":"<p><span style=\"color: rgb(75, 80, 88);\">Handgewebt und direkt aus Indonesien importiert, ist dieser <\/span><span style=\"color: rgb(141, 186, 216);\"><strong>Runde Seegras-Teppich &#8211; Wei\u00df &#038; Hellbraun &#8211; Inner Sun &#8211; 1 m<\/strong><\/span><span style=\"color: rgb(75, 80, 88);\"> einfach fantastisch.&nbsp;<\/span><\/p>\n<p><span style=\"color: rgb(75, 80, 88);\">Er versch\u00f6nert jeden Wohnbereich stilvoll. Verleihen Sie Ihrem Couchtisch oder Pflanzenst\u00e4nder einen Hauch von Exotik und Nat\u00fcrlichkeit.<\/span><\/p>\n<p><span style=\"color: rgb(75, 80, 88);\">Dieser Teppich bringt sofort Komfort und eine rustikale Atmosph\u00e4re in das Zuhause Ihrer Kunden. Seine neutralen Farben passen zu jedem Stil.&nbsp;<\/span><\/p>\n<p><span style=\"color: rgb(75, 80, 88);\">Umweltfreundliche Materialien liegen voll im Trend, insbesondere Produkte aus Seegras sind modisch und verkaufen sich gut. Seegras-Teppiche sind beliebt wegen ihrer sch\u00f6nen, reichen Textur und ihrer langen Haltbarkeit.<\/span><\/p>\n<p><span style=\"color: rgb(75, 80, 88);\">Sie ben\u00f6tigen die gleiche Pflege wie die meisten Teppiche. Sie sind in der Regel widerstandsf\u00e4higer gegen Flecken und Versch\u00fcttetes \u2013 eine ideale Eigenschaft f\u00fcr Tierliebhaber.&nbsp;<\/span><\/p>\n<p><strong><span style=\"color: rgb(141, 186, 216);\">Erg\u00e4nzen Sie Ihr Produktportfolio und bestellen Sie jetzt, um Ihrem Gesch\u00e4ft einen einzigartigen, nat\u00fcrlichen Look zu verleihen.<\/span><\/strong><\/p>\n","protected":false},"excerpt":{"rendered":"<p>Handgewebt und direkt aus Indonesien importiert, ist dieser Runde Seegras-Teppich &#8211; Wei\u00df &#038; Hellbraun &#8211; Inner Sun &#8211; 1 m einfach fantastisch.&nbsp; Er versch\u00f6nert jeden Wohnbereich stilvoll. Verleihen Sie Ihrem Couchtisch oder Pflanzenst\u00e4nder einen Hauch von Exotik und Nat\u00fcrlichkeit. Dieser Teppich bringt sofort Komfort und eine rustikale Atmosph\u00e4re in das Zuhause Ihrer Kunden. Seine neutralen [&hellip;]<\/p>\n","protected":false},"featured_media":377701,"comment_status":"closed","ping_status":"open","template":"","meta":{"_angie_page":false},"product_brand":[],"product_cat":[14451,16871,16872],"product_tag":[],"class_list":{"0":"post-227429","1":"product","2":"type-product","3":"status-publish","4":"has-post-thumbnail","6":"product_cat-haus-und-gartendeko","7":"product_cat-teppiche","8":"product_cat-textilien","9":"pa_collection-round-seagrass-rug-de","10":"pa_made-in-indonesien","12":"first","13":"instock","14":"purchasable","15":"product-type-simple"},"supplier_id":null,"supplier_sku":"SGR-02","barcode":null,"atum_controlled":true,"out_stock_date":null,"out_stock_threshold":null,"inheritable":false,"inbound_stock":null,"stock_on_hold":0,"sold_today":0,"sales_last_days":0,"reserved_stock":null,"customer_returns":null,"warehouse_damage":null,"lost_in_post":null,"other_logs":null,"out_stock_days":0,"lost_sales":0,"has_location":null,"update_date":"2026-04-27T07:21:26","atum_locations":[],"atum_stock_status":"instock","restock_status":false,"low_stock_amount":"","sales_update_date":"2026-01-30T01:25:33","calc_backorders":null,"_links":{"self":[{"href":"https:\/\/aromasentia.com\/de\/wp-json\/wp\/v2\/product\/227429","targetHints":{"allow":["GET"]}}],"collection":[{"href":"https:\/\/aromasentia.com\/de\/wp-json\/wp\/v2\/product"}],"about":[{"href":"https:\/\/aromasentia.com\/de\/wp-json\/wp\/v2\/types\/product"}],"replies":[{"embeddable":true,"href":"https:\/\/aromasentia.com\/de\/wp-json\/wp\/v2\/comments?post=227429"}],"version-history":[{"count":0,"href":"https:\/\/aromasentia.com\/de\/wp-json\/wp\/v2\/product\/227429\/revisions"}],"wp:featuredmedia":[{"embeddable":true,"href":"https:\/\/aromasentia.com\/de\/wp-json\/wp\/v2\/media\/377701"}],"wp:attachment":[{"href":"https:\/\/aromasentia.com\/de\/wp-json\/wp\/v2\/media?parent=227429"}],"wp:term":[{"taxonomy":"product_brand","embeddable":true,"href":"https:\/\/aromasentia.com\/de\/wp-json\/wp\/v2\/product_brand?post=227429"},{"taxonomy":"product_cat","embeddable":true,"href":"https:\/\/aromasentia.com\/de\/wp-json\/wp\/v2\/product_cat?post=227429"},{"taxonomy":"product_tag","embeddable":true,"href":"https:\/\/aromasentia.com\/de\/wp-json\/wp\/v2\/product_tag?post=227429"}],"curies":[{"name":"wp","href":"https:\/\/api.w.org\/{rel}","templated":true}]}}