{"id":227421,"date":"2025-03-22T16:06:08","date_gmt":"2025-03-22T16:06:08","guid":{"rendered":"https:\/\/aromasentia.com\/product\/round-seagrass-black-tan-inner-sun-1m\/"},"modified":"2025-12-30T19:53:51","modified_gmt":"2025-12-30T19:53:51","slug":"rundes-seegras-schwarz-hellbraun-innere-sonne-1m","status":"publish","type":"product","link":"https:\/\/aromasentia.com\/de\/rundes-seegras-schwarz-hellbraun-innere-sonne-1m\/","title":{"rendered":"Rundes Seegras Schwarz &#038; Hellbraun &#8211; Innere Sonne &#8211; 1m"},"content":{"rendered":"<p>Dieser handgewebte und direkt aus Indonesien importierte <strong>Aroma Sentia<\/strong> <span style=\"color: rgb(141, 186, 216);\"><strong>runde Seegras-Teppich \u2013 Schwarz &#038; Hellbraun \u2013 Inner Sun \u2013 1\u00a0m<\/strong><\/span> ist einfach fantastisch.&nbsp;<\/p>\n<p>Er versch\u00f6nert jeden Wohnbereich stilvoll. Verleihen Sie Ihrem Couchtisch oder Pflanzenst\u00e4nder einen Hauch von Exotik und Nat\u00fcrlichkeit.<\/p>\n<p>Dieser Teppich bringt sofort Komfort und eine rustikale Atmosph\u00e4re in das Zuhause Ihrer Kunden. Seine neutralen Farben passen zu jedem Stil.&nbsp;<\/p>\n<p><strong>Umweltfreundliche<\/strong> Materialien liegen voll im Trend, insbesondere Produkte aus Seegras sind modisch und verkaufen sich gut. Seegras-Teppiche sind wegen ihrer sch\u00f6nen, reichen Textur und langen Haltbarkeit beliebt.<\/p>\n<p>Er erfordert die gleiche Pflege wie die meisten Teppiche. Es ist tendenziell <strong>widerstandsf\u00e4higer gegen Flecken und Versch\u00fcttetes \u2013 eine ideale Eigenschaft f\u00fcr Tierliebhaber.<\/strong>&nbsp;<\/p>\n<p><span style=\"color: rgb(141, 186, 216);\"><strong>Bestellen Sie jetzt und verleihen Sie Ihrem Gesch\u00e4ft einen einzigartigen, nat\u00fcrlichen Look.<\/strong><\/span><\/p>\n","protected":false},"excerpt":{"rendered":"<p>Dieser handgewebte und direkt aus Indonesien importierte Aroma Sentia runde Seegras-Teppich \u2013 Schwarz &#038; Hellbraun \u2013 Inner Sun \u2013 1\u00a0m ist einfach fantastisch.&nbsp; Er versch\u00f6nert jeden Wohnbereich stilvoll. Verleihen Sie Ihrem Couchtisch oder Pflanzenst\u00e4nder einen Hauch von Exotik und Nat\u00fcrlichkeit. Dieser Teppich bringt sofort Komfort und eine rustikale Atmosph\u00e4re in das Zuhause Ihrer Kunden. Seine [&hellip;]<\/p>\n","protected":false},"featured_media":643530,"comment_status":"closed","ping_status":"open","template":"","meta":{"_angie_page":false},"product_brand":[],"product_cat":[14451,16871,16872],"product_tag":[],"class_list":{"0":"post-227421","1":"product","2":"type-product","3":"status-publish","4":"has-post-thumbnail","6":"product_cat-haus-und-gartendeko","7":"product_cat-teppiche","8":"product_cat-textilien","9":"pa_collection-round-seagrass-rug-de","10":"pa_made-in-indonesien","12":"first","13":"instock","14":"purchasable","15":"product-type-simple"},"supplier_id":null,"supplier_sku":"SGR-04","barcode":null,"atum_controlled":true,"out_stock_date":null,"out_stock_threshold":null,"inheritable":false,"inbound_stock":null,"stock_on_hold":0,"sold_today":0,"sales_last_days":0,"reserved_stock":null,"customer_returns":null,"warehouse_damage":null,"lost_in_post":null,"other_logs":null,"out_stock_days":0,"lost_sales":0,"has_location":null,"update_date":"2026-04-27T07:21:26","atum_locations":[],"atum_stock_status":"instock","restock_status":false,"low_stock_amount":"","sales_update_date":"2026-01-30T01:25:42","calc_backorders":null,"_links":{"self":[{"href":"https:\/\/aromasentia.com\/de\/wp-json\/wp\/v2\/product\/227421","targetHints":{"allow":["GET"]}}],"collection":[{"href":"https:\/\/aromasentia.com\/de\/wp-json\/wp\/v2\/product"}],"about":[{"href":"https:\/\/aromasentia.com\/de\/wp-json\/wp\/v2\/types\/product"}],"replies":[{"embeddable":true,"href":"https:\/\/aromasentia.com\/de\/wp-json\/wp\/v2\/comments?post=227421"}],"version-history":[{"count":0,"href":"https:\/\/aromasentia.com\/de\/wp-json\/wp\/v2\/product\/227421\/revisions"}],"wp:featuredmedia":[{"embeddable":true,"href":"https:\/\/aromasentia.com\/de\/wp-json\/wp\/v2\/media\/643530"}],"wp:attachment":[{"href":"https:\/\/aromasentia.com\/de\/wp-json\/wp\/v2\/media?parent=227421"}],"wp:term":[{"taxonomy":"product_brand","embeddable":true,"href":"https:\/\/aromasentia.com\/de\/wp-json\/wp\/v2\/product_brand?post=227421"},{"taxonomy":"product_cat","embeddable":true,"href":"https:\/\/aromasentia.com\/de\/wp-json\/wp\/v2\/product_cat?post=227421"},{"taxonomy":"product_tag","embeddable":true,"href":"https:\/\/aromasentia.com\/de\/wp-json\/wp\/v2\/product_tag?post=227421"}],"curies":[{"name":"wp","href":"https:\/\/api.w.org\/{rel}","templated":true}]}}