{"id":227401,"date":"2025-03-22T16:06:08","date_gmt":"2025-03-22T16:06:08","guid":{"rendered":"https:\/\/aromasentia.com\/product\/seagrass-basket-set-grey-natural-white\/"},"modified":"2025-12-30T19:53:51","modified_gmt":"2025-12-30T19:53:51","slug":"korbset-aus-seegras-grau-natur-weiss","status":"publish","type":"product","link":"https:\/\/aromasentia.com\/de\/korbset-aus-seegras-grau-natur-weiss\/","title":{"rendered":"Korbset aus Seegras &#8211; Grau \/ Natur \/ Wei\u00df"},"content":{"rendered":"<p>Das Aroma Sentia Seegras-Korb-Set in Grau\/Natur\/Wei\u00df eignet sich perfekt zur Pr\u00e4sentation Ihrer Produkte. Die multifunktionalen K\u00f6rbe sind handgeflochten und verleihen jedem Raum einen authentischen, erdigen Look. Im 3er-Set erh\u00e4ltlich, ist jeder Korb handgefertigt aus umweltfreundlichem Seegras. Dieses leicht zu verstauende Trio eignet sich ideal f\u00fcr Geschenkk\u00f6rbe und kann sogar als schicker Blumentopf verwendet werden. Der gr\u00f6\u00dfte hat einen oberen Griff.<\/p>\n<p>Nat\u00fcrliche Materialien liegen voll im Trend, insbesondere Produkte aus sch\u00f6nem Seegras sind modisch und verkaufen sich gut.<\/p>\n<p>Die farbenfrohen K\u00f6rbe k\u00f6nnen als Tragetaschen, Mini-W\u00e4schek\u00f6rbe oder zum Pr\u00e4sentieren von Leckereien verwendet werden, die Sie gut organisiert oder schnell griffbereit haben m\u00f6chten.<\/p>\n<p>Ma\u00dfe des gro\u00dfen Korbs: H: 17 cm (28 cm mit Griff), T: 20 cm<\/p>\n<p>Ma\u00dfe des mittleren Korbs: H: 16 cm, T: 17 cm<\/p>\n<p>Ma\u00dfe des kleinen Korbs: H: 14 cm, T: 14 cm<\/p>\n<p><span style=\"color: rgb(141, 186, 216);\"><strong>Beeindrucken Sie Ihre Kunden mit der rustikalen Seegras-Reihe. Bestellen Sie jetzt.<\/strong><\/span><\/p>\n","protected":false},"excerpt":{"rendered":"<p>Das Aroma Sentia Seegras-Korb-Set in Grau\/Natur\/Wei\u00df eignet sich perfekt zur Pr\u00e4sentation Ihrer Produkte. Die multifunktionalen K\u00f6rbe sind handgeflochten und verleihen jedem Raum einen authentischen, erdigen Look. Im 3er-Set erh\u00e4ltlich, ist jeder Korb handgefertigt aus umweltfreundlichem Seegras. Dieses leicht zu verstauende Trio eignet sich ideal f\u00fcr Geschenkk\u00f6rbe und kann sogar als schicker Blumentopf verwendet werden. Der [&hellip;]<\/p>\n","protected":false},"featured_media":377574,"comment_status":"closed","ping_status":"open","template":"","meta":{"_angie_page":false},"product_brand":[],"product_cat":[14451,17315],"product_tag":[],"class_list":{"0":"post-227401","1":"product","2":"type-product","3":"status-publish","4":"has-post-thumbnail","6":"product_cat-haus-und-gartendeko","7":"product_cat-korbe","8":"pa_collection-seagrass-basket-set-de","9":"pa_made-in-indonesien","11":"first","12":"instock","13":"purchasable","14":"product-type-simple"},"supplier_id":null,"supplier_sku":"SBS-03","barcode":null,"atum_controlled":true,"out_stock_date":null,"out_stock_threshold":null,"inheritable":false,"inbound_stock":null,"stock_on_hold":0,"sold_today":0,"sales_last_days":0,"reserved_stock":null,"customer_returns":null,"warehouse_damage":null,"lost_in_post":null,"other_logs":null,"out_stock_days":0,"lost_sales":0,"has_location":null,"update_date":"2026-04-27T07:20:29","atum_locations":[],"atum_stock_status":"instock","restock_status":false,"low_stock_amount":"","sales_update_date":"2026-01-30T01:26:05","calc_backorders":null,"_links":{"self":[{"href":"https:\/\/aromasentia.com\/de\/wp-json\/wp\/v2\/product\/227401","targetHints":{"allow":["GET"]}}],"collection":[{"href":"https:\/\/aromasentia.com\/de\/wp-json\/wp\/v2\/product"}],"about":[{"href":"https:\/\/aromasentia.com\/de\/wp-json\/wp\/v2\/types\/product"}],"replies":[{"embeddable":true,"href":"https:\/\/aromasentia.com\/de\/wp-json\/wp\/v2\/comments?post=227401"}],"version-history":[{"count":0,"href":"https:\/\/aromasentia.com\/de\/wp-json\/wp\/v2\/product\/227401\/revisions"}],"wp:featuredmedia":[{"embeddable":true,"href":"https:\/\/aromasentia.com\/de\/wp-json\/wp\/v2\/media\/377574"}],"wp:attachment":[{"href":"https:\/\/aromasentia.com\/de\/wp-json\/wp\/v2\/media?parent=227401"}],"wp:term":[{"taxonomy":"product_brand","embeddable":true,"href":"https:\/\/aromasentia.com\/de\/wp-json\/wp\/v2\/product_brand?post=227401"},{"taxonomy":"product_cat","embeddable":true,"href":"https:\/\/aromasentia.com\/de\/wp-json\/wp\/v2\/product_cat?post=227401"},{"taxonomy":"product_tag","embeddable":true,"href":"https:\/\/aromasentia.com\/de\/wp-json\/wp\/v2\/product_tag?post=227401"}],"curies":[{"name":"wp","href":"https:\/\/api.w.org\/{rel}","templated":true}]}}