{"id":227353,"date":"2025-03-22T16:06:08","date_gmt":"2025-03-22T16:06:08","guid":{"rendered":"https:\/\/aromasentia.com\/product\/tamarind-and-resin-coffee-table-sky-blue\/"},"modified":"2025-12-30T19:53:36","modified_gmt":"2025-12-30T19:53:36","slug":"couchtisch-aus-tamarinde-und-kunstharz-himmelblau","status":"publish","type":"product","link":"https:\/\/aromasentia.com\/de\/couchtisch-aus-tamarinde-und-kunstharz-himmelblau\/","title":{"rendered":"Couchtisch aus Tamarinde und Kunstharz &#8211; Himmelblau"},"content":{"rendered":"<p>Au\u00dfergew\u00f6hnliche Couchtische, die das nat\u00fcrliche Aussehen von Holz mit modernen dekorativen Elementen kombinieren. Sie sind aus Tamarinde gefertigt &#8211; einem Baum aus S\u00fcdostasien, der f\u00fcr seine St\u00e4rke und Haltbarkeit gesch\u00e4tzt wird. Tamarindenholz wird h\u00e4ufig f\u00fcr die Herstellung von M\u00f6beln verwendet, da seine Farben und Muster einzigartig sind und jedem Interieur einen au\u00dfergew\u00f6hnlichen Charme verleihen.<\/p>\n<p>Die L\u00fccken im Holz wurden mit himmelblauem Harz gef\u00fcllt, was jedem Tisch einen einzigartigen Charakter verleiht. Modern und elegant zugleich, passen sie zu vielen verschiedenen Interieurs und verleihen ihnen einen Hauch von Energie. Die gesamte Struktur basiert auf langlebigen und stabilen Metallbeinen.<\/p>\n<p>Tischgr\u00f6\u00dfe: H\u00f6he: 46cm &#8211; Durchmesser der Holzplatte: 77cm Holzst\u00e4rke 10cm<\/p>\n<p><strong>Bitte beachten Sie: Der Versand ist nur f\u00fcr Bestellungen vom britischen Festland kostenlos. Der Tisch wird auf einer Palette mit einer Standardlieferung von 2 Werktagen (UK Mainland) geliefert.<\/strong><\/p>\n<p><em><strong>Bitte beachten Sie: Jeder Tisch ist einzigartig &ndash; Muster und Gr\u00f6\u00dfen k\u00f6nnen variieren.<\/strong><\/em><\/p>\n","protected":false},"excerpt":{"rendered":"<p>Au\u00dfergew\u00f6hnliche Couchtische, die das nat\u00fcrliche Aussehen von Holz mit modernen dekorativen Elementen kombinieren. Sie sind aus Tamarinde gefertigt &#8211; einem Baum aus S\u00fcdostasien, der f\u00fcr seine St\u00e4rke und Haltbarkeit gesch\u00e4tzt wird. Tamarindenholz wird h\u00e4ufig f\u00fcr die Herstellung von M\u00f6beln verwendet, da seine Farben und Muster einzigartig sind und jedem Interieur einen au\u00dfergew\u00f6hnlichen Charme verleihen. Die [&hellip;]<\/p>\n","protected":false},"featured_media":377218,"comment_status":"closed","ping_status":"open","template":"","meta":{"_angie_page":false},"product_brand":[],"product_cat":[14451,16883],"product_tag":[],"class_list":{"0":"post-227353","1":"product","2":"type-product","3":"status-publish","4":"has-post-thumbnail","6":"product_cat-haus-und-gartendeko","7":"product_cat-mobel","8":"pa_collection-tamarind-and-resin-coffee-table-de","9":"pa_made-in-indonesien","11":"first","12":"outofstock","13":"purchasable","14":"product-type-simple"},"supplier_id":null,"supplier_sku":"RWA-02","barcode":null,"atum_controlled":true,"out_stock_date":"2025-09-05 14:08:44","out_stock_threshold":null,"inheritable":false,"inbound_stock":null,"stock_on_hold":0,"sold_today":0,"sales_last_days":0,"reserved_stock":null,"customer_returns":null,"warehouse_damage":null,"lost_in_post":null,"other_logs":null,"out_stock_days":0,"lost_sales":0,"has_location":null,"update_date":"2026-04-27T07:20:12","atum_locations":[],"atum_stock_status":"outofstock","restock_status":false,"low_stock_amount":"","sales_update_date":"2025-09-04T00:29:47","calc_backorders":null,"_links":{"self":[{"href":"https:\/\/aromasentia.com\/de\/wp-json\/wp\/v2\/product\/227353","targetHints":{"allow":["GET"]}}],"collection":[{"href":"https:\/\/aromasentia.com\/de\/wp-json\/wp\/v2\/product"}],"about":[{"href":"https:\/\/aromasentia.com\/de\/wp-json\/wp\/v2\/types\/product"}],"replies":[{"embeddable":true,"href":"https:\/\/aromasentia.com\/de\/wp-json\/wp\/v2\/comments?post=227353"}],"version-history":[{"count":0,"href":"https:\/\/aromasentia.com\/de\/wp-json\/wp\/v2\/product\/227353\/revisions"}],"wp:featuredmedia":[{"embeddable":true,"href":"https:\/\/aromasentia.com\/de\/wp-json\/wp\/v2\/media\/377218"}],"wp:attachment":[{"href":"https:\/\/aromasentia.com\/de\/wp-json\/wp\/v2\/media?parent=227353"}],"wp:term":[{"taxonomy":"product_brand","embeddable":true,"href":"https:\/\/aromasentia.com\/de\/wp-json\/wp\/v2\/product_brand?post=227353"},{"taxonomy":"product_cat","embeddable":true,"href":"https:\/\/aromasentia.com\/de\/wp-json\/wp\/v2\/product_cat?post=227353"},{"taxonomy":"product_tag","embeddable":true,"href":"https:\/\/aromasentia.com\/de\/wp-json\/wp\/v2\/product_tag?post=227353"}],"curies":[{"name":"wp","href":"https:\/\/api.w.org\/{rel}","templated":true}]}}