{"id":227333,"date":"2025-03-22T16:06:08","date_gmt":"2025-03-22T16:06:08","guid":{"rendered":"https:\/\/aromasentia.com\/product\/medium-smooth-teakwood-fruit-bowl-21x9cm\/"},"modified":"2025-12-30T19:53:36","modified_gmt":"2025-12-30T19:53:36","slug":"mittlere-glatte-obstschale-aus-teakholz-21-x-9-cm","status":"publish","type":"product","link":"https:\/\/aromasentia.com\/de\/mittlere-glatte-obstschale-aus-teakholz-21-x-9-cm\/","title":{"rendered":"Mittlere, glatte Obstschale aus Teakholz &#8211; 21 x 9 cm"},"content":{"rendered":"<p><span style=\"color: rgb(75, 80, 88);\">Diese fantastischen Teakwurzelschalen sind von Hand geschnitzt und haben die nat\u00fcrliche Form der Teakwurzel f\u00fcr ihre einzigartige und abstrakte Form.<\/span><\/p>\n<p><span style=\"color: rgb(75, 80, 88);\">Jedes Produkt ist ein einzigartig sch\u00f6nes Kunstwerk der Natur. Diese St\u00fccke k\u00f6nnen entweder allein als Blickfang stehen oder als funktionale Pr\u00e4sentationsfl\u00e4che f\u00fcr Lebensmittel oder als Dekoration verwendet werden. Die M\u00f6glichkeiten sind endlos.<\/span><\/p>\n<p><span style=\"color: rgb(75, 80, 88);\"><strong>Kann leicht von den Abbildungen abweichen \u2013 jedes St\u00fcck ist ein Unikat.<\/strong><\/span><\/p>\n","protected":false},"excerpt":{"rendered":"<p>Diese fantastischen Teakwurzelschalen sind von Hand geschnitzt und haben die nat\u00fcrliche Form der Teakwurzel f\u00fcr ihre einzigartige und abstrakte Form. Jedes Produkt ist ein einzigartig sch\u00f6nes Kunstwerk der Natur. Diese St\u00fccke k\u00f6nnen entweder allein als Blickfang stehen oder als funktionale Pr\u00e4sentationsfl\u00e4che f\u00fcr Lebensmittel oder als Dekoration verwendet werden. Die M\u00f6glichkeiten sind endlos. Kann leicht von [&hellip;]<\/p>\n","protected":false},"featured_media":378769,"comment_status":"closed","ping_status":"open","template":"","meta":{"_angie_page":false},"product_brand":[],"product_cat":[14451],"product_tag":[],"class_list":{"0":"post-227333","1":"product","2":"type-product","3":"status-publish","4":"has-post-thumbnail","6":"product_cat-haus-und-gartendeko","7":"pa_collection-teak-wood-bowls-de","8":"pa_made-in-indonesien","10":"first","11":"instock","12":"purchasable","13":"product-type-simple"},"supplier_id":null,"supplier_sku":"TeakB-37","barcode":null,"atum_controlled":true,"out_stock_date":null,"out_stock_threshold":null,"inheritable":false,"inbound_stock":null,"stock_on_hold":0,"sold_today":0,"sales_last_days":0,"reserved_stock":null,"customer_returns":null,"warehouse_damage":null,"lost_in_post":null,"other_logs":null,"out_stock_days":0,"lost_sales":0,"has_location":null,"update_date":"2026-04-27T07:24:18","atum_locations":[],"atum_stock_status":"instock","restock_status":false,"low_stock_amount":"","sales_update_date":"2025-09-04T00:30:21","calc_backorders":null,"_links":{"self":[{"href":"https:\/\/aromasentia.com\/de\/wp-json\/wp\/v2\/product\/227333","targetHints":{"allow":["GET"]}}],"collection":[{"href":"https:\/\/aromasentia.com\/de\/wp-json\/wp\/v2\/product"}],"about":[{"href":"https:\/\/aromasentia.com\/de\/wp-json\/wp\/v2\/types\/product"}],"replies":[{"embeddable":true,"href":"https:\/\/aromasentia.com\/de\/wp-json\/wp\/v2\/comments?post=227333"}],"version-history":[{"count":0,"href":"https:\/\/aromasentia.com\/de\/wp-json\/wp\/v2\/product\/227333\/revisions"}],"wp:featuredmedia":[{"embeddable":true,"href":"https:\/\/aromasentia.com\/de\/wp-json\/wp\/v2\/media\/378769"}],"wp:attachment":[{"href":"https:\/\/aromasentia.com\/de\/wp-json\/wp\/v2\/media?parent=227333"}],"wp:term":[{"taxonomy":"product_brand","embeddable":true,"href":"https:\/\/aromasentia.com\/de\/wp-json\/wp\/v2\/product_brand?post=227333"},{"taxonomy":"product_cat","embeddable":true,"href":"https:\/\/aromasentia.com\/de\/wp-json\/wp\/v2\/product_cat?post=227333"},{"taxonomy":"product_tag","embeddable":true,"href":"https:\/\/aromasentia.com\/de\/wp-json\/wp\/v2\/product_tag?post=227333"}],"curies":[{"name":"wp","href":"https:\/\/api.w.org\/{rel}","templated":true}]}}