{"id":227073,"date":"2025-03-22T16:06:20","date_gmt":"2025-03-22T16:06:20","guid":{"rendered":"https:\/\/aromasentia.com\/product\/room-rag-rug-150x200cm-premium-quality-sunrise-oranges\/"},"modified":"2025-12-30T19:52:40","modified_gmt":"2025-12-30T19:52:40","slug":"raumteppich-150-x-200-cm-premium-qualitaet-sonnenaufgangsorangen","status":"publish","type":"product","link":"https:\/\/aromasentia.com\/de\/raumteppich-150-x-200-cm-premium-qualitaet-sonnenaufgangsorangen\/","title":{"rendered":"Raumteppich \u2013 150 x 200 cm \u2013 Premium-Qualit\u00e4t \u2013 Sonnenaufgangsorangen"},"content":{"rendered":"<p><strong>Gro\u00dfhandel Raum Rag Rug &#8211; 150x200cm: Premium-Qualit\u00e4t in strahlenden Sunrise-Orangen<\/strong><\/p>\n<p>Wholesale Room Rag Rug, ist ein lebhaftes Statement f\u00fcr Ihr Inventar. Diese sorgf\u00e4ltig gefertigten Teppiche mit den Ma\u00dfen 150x200cm sind der Inbegriff von Premium-Qualit\u00e4t und zeigen eine lebendige Palette von Sunrise-Orangen.<\/p>\n<p>? Sorgf\u00e4ltig verarbeitet, um h\u00f6chste Qualit\u00e4t und Langlebigkeit zu gew\u00e4hrleisten&nbsp;<\/p>\n<p>? Ger\u00e4umige 150x200cm Gr\u00f6\u00dfe, perfekt f\u00fcr die Gestaltung gr\u00f6\u00dferer Wohnr\u00e4ume<\/p>\n<p>? In leuchtendem Sunrise-Orange, ideal, um in jedem Raum eine k\u00fchne und energiegeladene Atmosph\u00e4re zu schaffen<\/p>\n<p>Verwandeln Sie die Wohnr\u00e4ume Ihrer Kunden mit diesen exquisiten Teppichen, egal ob sie dazu verwendet werden, Sitzbereiche in offenen R\u00e4umen zu verankern oder Schlaf- und Wohnzimmern einen Hauch von W\u00e4rme und Vitalit\u00e4t zu verleihen. Die Farbe Sunrise Orange bringt ein belebendes Gef\u00fchl von Positivit\u00e4t und Energie in jede Umgebung.<\/p>\n<p><strong>Bestellen Sie jetzt und bieten Sie Ihren Kunden einen Hauch von Premiumqualit\u00e4t und die dynamische \u00c4sthetik von Sunrise Orange f\u00fcr ihre gr\u00f6\u00dferen Wohnr\u00e4ume.<\/strong><\/p>\n","protected":false},"excerpt":{"rendered":"<p>Gro\u00dfhandel Raum Rag Rug &#8211; 150x200cm: Premium-Qualit\u00e4t in strahlenden Sunrise-Orangen Wholesale Room Rag Rug, ist ein lebhaftes Statement f\u00fcr Ihr Inventar. Diese sorgf\u00e4ltig gefertigten Teppiche mit den Ma\u00dfen 150x200cm sind der Inbegriff von Premium-Qualit\u00e4t und zeigen eine lebendige Palette von Sunrise-Orangen. ? Sorgf\u00e4ltig verarbeitet, um h\u00f6chste Qualit\u00e4t und Langlebigkeit zu gew\u00e4hrleisten&nbsp; ? Ger\u00e4umige 150x200cm Gr\u00f6\u00dfe, [&hellip;]<\/p>\n","protected":false},"featured_media":382472,"comment_status":"closed","ping_status":"open","template":"","meta":{"_angie_page":false},"product_brand":[],"product_cat":[14451,16871,16872],"product_tag":[],"class_list":{"0":"post-227073","1":"product","2":"type-product","3":"status-publish","4":"has-post-thumbnail","6":"product_cat-haus-und-gartendeko","7":"product_cat-teppiche","8":"product_cat-textilien","9":"pa_collection-indian-rag-rugs-de","10":"pa_made-in-indien","12":"first","13":"instock","14":"purchasable","15":"product-type-simple"},"supplier_id":null,"supplier_sku":"VRUG-25","barcode":null,"atum_controlled":true,"out_stock_date":null,"out_stock_threshold":null,"inheritable":false,"inbound_stock":null,"stock_on_hold":0,"sold_today":0,"sales_last_days":0,"reserved_stock":null,"customer_returns":null,"warehouse_damage":null,"lost_in_post":null,"other_logs":null,"out_stock_days":0,"lost_sales":0,"has_location":null,"update_date":"2026-04-27T07:26:38","atum_locations":[],"atum_stock_status":"instock","restock_status":false,"low_stock_amount":"","sales_update_date":"2026-01-30T01:24:40","calc_backorders":null,"_links":{"self":[{"href":"https:\/\/aromasentia.com\/de\/wp-json\/wp\/v2\/product\/227073","targetHints":{"allow":["GET"]}}],"collection":[{"href":"https:\/\/aromasentia.com\/de\/wp-json\/wp\/v2\/product"}],"about":[{"href":"https:\/\/aromasentia.com\/de\/wp-json\/wp\/v2\/types\/product"}],"replies":[{"embeddable":true,"href":"https:\/\/aromasentia.com\/de\/wp-json\/wp\/v2\/comments?post=227073"}],"version-history":[{"count":0,"href":"https:\/\/aromasentia.com\/de\/wp-json\/wp\/v2\/product\/227073\/revisions"}],"wp:featuredmedia":[{"embeddable":true,"href":"https:\/\/aromasentia.com\/de\/wp-json\/wp\/v2\/media\/382472"}],"wp:attachment":[{"href":"https:\/\/aromasentia.com\/de\/wp-json\/wp\/v2\/media?parent=227073"}],"wp:term":[{"taxonomy":"product_brand","embeddable":true,"href":"https:\/\/aromasentia.com\/de\/wp-json\/wp\/v2\/product_brand?post=227073"},{"taxonomy":"product_cat","embeddable":true,"href":"https:\/\/aromasentia.com\/de\/wp-json\/wp\/v2\/product_cat?post=227073"},{"taxonomy":"product_tag","embeddable":true,"href":"https:\/\/aromasentia.com\/de\/wp-json\/wp\/v2\/product_tag?post=227073"}],"curies":[{"name":"wp","href":"https:\/\/api.w.org\/{rel}","templated":true}]}}