{"id":227057,"date":"2025-03-22T16:06:20","date_gmt":"2025-03-22T16:06:20","guid":{"rendered":"https:\/\/aromasentia.com\/product\/large-rag-rug-150x90cm-premium-quality-natural-greens\/"},"modified":"2025-12-30T19:52:40","modified_gmt":"2025-12-30T19:52:40","slug":"grosser-flickenteppich-150-x-90-cm-premium-qualitaet-natuerliche-gruentoene","status":"publish","type":"product","link":"https:\/\/aromasentia.com\/de\/grosser-flickenteppich-150-x-90-cm-premium-qualitaet-natuerliche-gruentoene\/","title":{"rendered":"Gro\u00dfer Flickenteppich \u2013 150 x 90 cm \u2013 Premium-Qualit\u00e4t \u2013 nat\u00fcrliche Gr\u00fcnt\u00f6ne"},"content":{"rendered":"<p><strong>Gro\u00dfhandel gro\u00dfer Rag Rug &#8211; 150x90cm: Premium-Qualit\u00e4t in ruhigen nat\u00fcrlichen Gr\u00fcnt\u00f6nen<\/strong><\/p>\n<p>Gro\u00dfhandel Large Rag Rug Rug, eine nat\u00fcrliche Eleganz f\u00fcr Ihr Inventar. Diese sorgf\u00e4ltig gefertigten Teppiche mit den Ma\u00dfen 150x90cm verk\u00f6rpern Premium-Qualit\u00e4t und pr\u00e4sentieren eine beruhigende Palette von nat\u00fcrlichen Gr\u00fcnt\u00f6nen.<\/p>\n<p>? Mit Pr\u00e4zision gefertigt, um h\u00f6chste Qualit\u00e4t und Haltbarkeit zu gew\u00e4hrleisten&nbsp;<\/p>\n<p>? Ger\u00e4umige 150x90cm Gr\u00f6\u00dfe, ideal f\u00fcr gr\u00f6\u00dfere Wohnr\u00e4ume&nbsp;<\/p>\n<p>? In beruhigenden nat\u00fcrlichen Gr\u00fcnt\u00f6nen gehalten, perfekt, um eine harmonische Atmosph\u00e4re in jedem Raum zu schaffen<\/p>\n<p>Erh\u00f6hen Sie die Wohnr\u00e4ume Ihrer Kunden mit diesen exquisiten Teppichen, egal ob sie verwendet werden, um Sitzbereiche in offenen R\u00e4umen abzugrenzen oder Schlafzimmern und Wohnzimmern einen Hauch von nat\u00fcrlicher Gelassenheit zu verleihen. Die nat\u00fcrlichen Gr\u00fcnt\u00f6ne schaffen eine Aura der Ruhe und Frische in jeder Umgebung.<\/p>\n<p><strong>Bestellen Sie jetzt und bieten Sie Ihren Kunden einen Hauch von Premium-Qualit\u00e4t und die heitere \u00c4sthetik der nat\u00fcrlichen Gr\u00fcnt\u00f6ne f\u00fcr ihre gr\u00f6\u00dferen Wohnr\u00e4ume.<\/strong><\/p>\n","protected":false},"excerpt":{"rendered":"<p>Gro\u00dfhandel gro\u00dfer Rag Rug &#8211; 150x90cm: Premium-Qualit\u00e4t in ruhigen nat\u00fcrlichen Gr\u00fcnt\u00f6nen Gro\u00dfhandel Large Rag Rug Rug, eine nat\u00fcrliche Eleganz f\u00fcr Ihr Inventar. Diese sorgf\u00e4ltig gefertigten Teppiche mit den Ma\u00dfen 150x90cm verk\u00f6rpern Premium-Qualit\u00e4t und pr\u00e4sentieren eine beruhigende Palette von nat\u00fcrlichen Gr\u00fcnt\u00f6nen. ? Mit Pr\u00e4zision gefertigt, um h\u00f6chste Qualit\u00e4t und Haltbarkeit zu gew\u00e4hrleisten&nbsp; ? Ger\u00e4umige 150x90cm Gr\u00f6\u00dfe, [&hellip;]<\/p>\n","protected":false},"featured_media":382340,"comment_status":"closed","ping_status":"open","template":"","meta":{"_angie_page":false},"product_brand":[],"product_cat":[14451,16871,16872],"product_tag":[],"class_list":{"0":"post-227057","1":"product","2":"type-product","3":"status-publish","4":"has-post-thumbnail","6":"product_cat-haus-und-gartendeko","7":"product_cat-teppiche","8":"product_cat-textilien","9":"pa_collection-indian-rag-rugs-de","10":"pa_made-in-indien","12":"first","13":"instock","14":"purchasable","15":"product-type-simple"},"supplier_id":null,"supplier_sku":"VRUG-19","barcode":null,"atum_controlled":true,"out_stock_date":null,"out_stock_threshold":null,"inheritable":false,"inbound_stock":null,"stock_on_hold":0,"sold_today":0,"sales_last_days":0,"reserved_stock":null,"customer_returns":null,"warehouse_damage":null,"lost_in_post":null,"other_logs":null,"out_stock_days":0,"lost_sales":0,"has_location":null,"update_date":"2026-04-27T07:26:38","atum_locations":[],"atum_stock_status":"instock","restock_status":false,"low_stock_amount":"","sales_update_date":"2025-09-04T00:30:53","calc_backorders":null,"_links":{"self":[{"href":"https:\/\/aromasentia.com\/de\/wp-json\/wp\/v2\/product\/227057","targetHints":{"allow":["GET"]}}],"collection":[{"href":"https:\/\/aromasentia.com\/de\/wp-json\/wp\/v2\/product"}],"about":[{"href":"https:\/\/aromasentia.com\/de\/wp-json\/wp\/v2\/types\/product"}],"replies":[{"embeddable":true,"href":"https:\/\/aromasentia.com\/de\/wp-json\/wp\/v2\/comments?post=227057"}],"version-history":[{"count":0,"href":"https:\/\/aromasentia.com\/de\/wp-json\/wp\/v2\/product\/227057\/revisions"}],"wp:featuredmedia":[{"embeddable":true,"href":"https:\/\/aromasentia.com\/de\/wp-json\/wp\/v2\/media\/382340"}],"wp:attachment":[{"href":"https:\/\/aromasentia.com\/de\/wp-json\/wp\/v2\/media?parent=227057"}],"wp:term":[{"taxonomy":"product_brand","embeddable":true,"href":"https:\/\/aromasentia.com\/de\/wp-json\/wp\/v2\/product_brand?post=227057"},{"taxonomy":"product_cat","embeddable":true,"href":"https:\/\/aromasentia.com\/de\/wp-json\/wp\/v2\/product_cat?post=227057"},{"taxonomy":"product_tag","embeddable":true,"href":"https:\/\/aromasentia.com\/de\/wp-json\/wp\/v2\/product_tag?post=227057"}],"curies":[{"name":"wp","href":"https:\/\/api.w.org\/{rel}","templated":true}]}}