{"id":227037,"date":"2025-03-22T16:06:20","date_gmt":"2025-03-22T16:06:20","guid":{"rendered":"https:\/\/aromasentia.com\/product\/small-rag-rug-50x90cm-premium-quality-natural-greens\/"},"modified":"2025-12-30T19:52:40","modified_gmt":"2025-12-30T19:52:40","slug":"kleiner-flickenteppich-50-x-90-cm-premium-qualitaet-natuerliche-gruentoene","status":"publish","type":"product","link":"https:\/\/aromasentia.com\/de\/kleiner-flickenteppich-50-x-90-cm-premium-qualitaet-natuerliche-gruentoene\/","title":{"rendered":"Kleiner Flickenteppich \u2013 50 x 90 cm \u2013 Premium-Qualit\u00e4t \u2013 nat\u00fcrliche Gr\u00fcnt\u00f6ne"},"content":{"rendered":"<p><strong>Gro\u00dfhandel Kleiner Rag Rug &#8211; 50x90cm: Premium-Qualit\u00e4t in nat\u00fcrlichen Gr\u00fcnt\u00f6nen<\/strong><\/p>\n<p>Gro\u00dfhandelsteppich Small Rag Rug, ist eine perfekte Erg\u00e4nzung f\u00fcr Ihr Inventar. Diese sorgf\u00e4ltig gefertigten Teppiche mit den Ma\u00dfen 50x90cm verk\u00f6rpern Premium-Qualit\u00e4t und zeichnen sich durch eine beruhigende Palette von nat\u00fcrlichen Gr\u00fcnt\u00f6nen aus. Mit Pr\u00e4zision gefertigt f\u00fcr h\u00f6chste Qualit\u00e4t und Langlebigkeit&nbsp;<\/p>\n<p>? Kompakte Gr\u00f6\u00dfe von 50x90cm, geeignet f\u00fcr verschiedene Wohnbereiche&nbsp;<\/p>\n<p>? Geschm\u00fcckt in beruhigenden nat\u00fcrlichen Gr\u00fcnt\u00f6nen, ideal um einen Hauch von Ruhe in jeden Raum zu bringen<\/p>\n<p>Versch\u00f6nern Sie die Wohnr\u00e4ume Ihrer Kunden mit diesen exquisiten Teppichen, egal ob sie in K\u00fcchen und B\u00e4dern oder als ruhiger dekorativer Akzent in Schlaf- und Wohnzimmern verwendet werden. Die nat\u00fcrlichen Gr\u00fcnt\u00f6ne schaffen ein Gef\u00fchl der Ruhe und Frische in jeder Umgebung.<\/p>\n<p><strong>Erh\u00f6hen Sie Ihr Inventar mit einem Wholesale Small Rag Rug Rug in Natural Greens.&nbsp;<\/strong><\/p>\n","protected":false},"excerpt":{"rendered":"<p>Gro\u00dfhandel Kleiner Rag Rug &#8211; 50x90cm: Premium-Qualit\u00e4t in nat\u00fcrlichen Gr\u00fcnt\u00f6nen Gro\u00dfhandelsteppich Small Rag Rug, ist eine perfekte Erg\u00e4nzung f\u00fcr Ihr Inventar. Diese sorgf\u00e4ltig gefertigten Teppiche mit den Ma\u00dfen 50x90cm verk\u00f6rpern Premium-Qualit\u00e4t und zeichnen sich durch eine beruhigende Palette von nat\u00fcrlichen Gr\u00fcnt\u00f6nen aus. Mit Pr\u00e4zision gefertigt f\u00fcr h\u00f6chste Qualit\u00e4t und Langlebigkeit&nbsp; ? Kompakte Gr\u00f6\u00dfe von 50x90cm, [&hellip;]<\/p>\n","protected":false},"featured_media":382143,"comment_status":"closed","ping_status":"open","template":"","meta":{"_angie_page":false},"product_brand":[],"product_cat":[14451,16871,16872],"product_tag":[],"class_list":{"0":"post-227037","1":"product","2":"type-product","3":"status-publish","4":"has-post-thumbnail","6":"product_cat-haus-und-gartendeko","7":"product_cat-teppiche","8":"product_cat-textilien","9":"pa_collection-indian-rag-rugs-de","10":"pa_made-in-indien","12":"first","13":"instock","14":"purchasable","15":"product-type-simple"},"supplier_id":null,"supplier_sku":"VRUG-13","barcode":null,"atum_controlled":true,"out_stock_date":null,"out_stock_threshold":null,"inheritable":false,"inbound_stock":null,"stock_on_hold":0,"sold_today":0,"sales_last_days":0,"reserved_stock":null,"customer_returns":null,"warehouse_damage":null,"lost_in_post":null,"other_logs":null,"out_stock_days":0,"lost_sales":0,"has_location":null,"update_date":"2026-04-27T07:26:38","atum_locations":[],"atum_stock_status":"instock","restock_status":false,"low_stock_amount":"","sales_update_date":"2025-09-04T00:30:52","calc_backorders":null,"_links":{"self":[{"href":"https:\/\/aromasentia.com\/de\/wp-json\/wp\/v2\/product\/227037","targetHints":{"allow":["GET"]}}],"collection":[{"href":"https:\/\/aromasentia.com\/de\/wp-json\/wp\/v2\/product"}],"about":[{"href":"https:\/\/aromasentia.com\/de\/wp-json\/wp\/v2\/types\/product"}],"replies":[{"embeddable":true,"href":"https:\/\/aromasentia.com\/de\/wp-json\/wp\/v2\/comments?post=227037"}],"version-history":[{"count":0,"href":"https:\/\/aromasentia.com\/de\/wp-json\/wp\/v2\/product\/227037\/revisions"}],"wp:featuredmedia":[{"embeddable":true,"href":"https:\/\/aromasentia.com\/de\/wp-json\/wp\/v2\/media\/382143"}],"wp:attachment":[{"href":"https:\/\/aromasentia.com\/de\/wp-json\/wp\/v2\/media?parent=227037"}],"wp:term":[{"taxonomy":"product_brand","embeddable":true,"href":"https:\/\/aromasentia.com\/de\/wp-json\/wp\/v2\/product_brand?post=227037"},{"taxonomy":"product_cat","embeddable":true,"href":"https:\/\/aromasentia.com\/de\/wp-json\/wp\/v2\/product_cat?post=227037"},{"taxonomy":"product_tag","embeddable":true,"href":"https:\/\/aromasentia.com\/de\/wp-json\/wp\/v2\/product_tag?post=227037"}],"curies":[{"name":"wp","href":"https:\/\/api.w.org\/{rel}","templated":true}]}}