{"id":227021,"date":"2025-03-22T16:06:20","date_gmt":"2025-03-22T16:06:20","guid":{"rendered":"https:\/\/aromasentia.com\/product\/medium-velvet-rug-128x75cm\/"},"modified":"2025-12-30T19:52:32","modified_gmt":"2025-12-30T19:52:32","slug":"1x-medium-velvet-rug-128x75cm","status":"publish","type":"product","link":"https:\/\/aromasentia.com\/de\/1x-medium-velvet-rug-128x75cm\/","title":{"rendered":"1x Medium Velvet Rug &#8211; 128x75cm"},"content":{"rendered":"<p>Medium Velvet Rug, Jeder Teppich wird in Indien handgewebt. Diese sch\u00f6nen <strong>Gro\u00dfhandel indischen Teppiche<\/strong> sind auch in den Gr\u00f6\u00dfen Large und Small erh\u00e4ltlich und mit ihren leuchtenden Farben sind sicher, das Gespr\u00e4chsthema in jedem Raum zu sein.<\/p>\n<p>Die Teppiche bringen Komfort und Stil zu Ihren Kunden nach Hause\/B\u00fcro, aufgrund des verwendeten Samt- und Baumwollmaterials.<\/p>\n<p>Unsere Auswahl an Samtteppichen wird Ihre Kunden zur Entspannung einladen, ein Drang, barfu\u00df zu gehen. Stellen Sie diese farbenfrohen Teppiche einfach in Ihrem Gesch\u00e4ft oder auf Ihrer Website aus, um die Aufmerksamkeit der Kunden auf sich zu ziehen.<\/p>\n<p><strong>Bitte beachten Sie: Die Farben k\u00f6nnen aufgrund der Beschaffenheit des Produkts variieren.<\/strong><\/p>\n","protected":false},"excerpt":{"rendered":"<p>Medium Velvet Rug, Jeder Teppich wird in Indien handgewebt. Diese sch\u00f6nen Gro\u00dfhandel indischen Teppiche sind auch in den Gr\u00f6\u00dfen Large und Small erh\u00e4ltlich und mit ihren leuchtenden Farben sind sicher, das Gespr\u00e4chsthema in jedem Raum zu sein. Die Teppiche bringen Komfort und Stil zu Ihren Kunden nach Hause\/B\u00fcro, aufgrund des verwendeten Samt- und Baumwollmaterials. Unsere [&hellip;]<\/p>\n","protected":false},"featured_media":381891,"comment_status":"closed","ping_status":"open","template":"","meta":{"_angie_page":false},"product_brand":[],"product_cat":[14451,16871,16872],"product_tag":[],"class_list":{"0":"post-227021","1":"product","2":"type-product","3":"status-publish","4":"has-post-thumbnail","6":"product_cat-haus-und-gartendeko","7":"product_cat-teppiche","8":"product_cat-textilien","9":"pa_collection-indian-rag-rugs-de","10":"pa_made-in-indien","12":"first","13":"instock","14":"purchasable","15":"product-type-simple"},"supplier_id":null,"supplier_sku":"Vrug-02","barcode":null,"atum_controlled":true,"out_stock_date":null,"out_stock_threshold":null,"inheritable":false,"inbound_stock":null,"stock_on_hold":0,"sold_today":0,"sales_last_days":0,"reserved_stock":null,"customer_returns":null,"warehouse_damage":null,"lost_in_post":null,"other_logs":null,"out_stock_days":0,"lost_sales":0,"has_location":null,"update_date":"2026-04-27T07:26:32","atum_locations":[],"atum_stock_status":"instock","restock_status":false,"low_stock_amount":"","sales_update_date":"2026-01-30T01:25:02","calc_backorders":null,"_links":{"self":[{"href":"https:\/\/aromasentia.com\/de\/wp-json\/wp\/v2\/product\/227021","targetHints":{"allow":["GET"]}}],"collection":[{"href":"https:\/\/aromasentia.com\/de\/wp-json\/wp\/v2\/product"}],"about":[{"href":"https:\/\/aromasentia.com\/de\/wp-json\/wp\/v2\/types\/product"}],"replies":[{"embeddable":true,"href":"https:\/\/aromasentia.com\/de\/wp-json\/wp\/v2\/comments?post=227021"}],"version-history":[{"count":0,"href":"https:\/\/aromasentia.com\/de\/wp-json\/wp\/v2\/product\/227021\/revisions"}],"wp:featuredmedia":[{"embeddable":true,"href":"https:\/\/aromasentia.com\/de\/wp-json\/wp\/v2\/media\/381891"}],"wp:attachment":[{"href":"https:\/\/aromasentia.com\/de\/wp-json\/wp\/v2\/media?parent=227021"}],"wp:term":[{"taxonomy":"product_brand","embeddable":true,"href":"https:\/\/aromasentia.com\/de\/wp-json\/wp\/v2\/product_brand?post=227021"},{"taxonomy":"product_cat","embeddable":true,"href":"https:\/\/aromasentia.com\/de\/wp-json\/wp\/v2\/product_cat?post=227021"},{"taxonomy":"product_tag","embeddable":true,"href":"https:\/\/aromasentia.com\/de\/wp-json\/wp\/v2\/product_tag?post=227021"}],"curies":[{"name":"wp","href":"https:\/\/api.w.org\/{rel}","templated":true}]}}