{"id":227017,"date":"2025-03-22T16:06:20","date_gmt":"2025-03-22T16:06:20","guid":{"rendered":"https:\/\/aromasentia.com\/product\/large-velvet-rug-105x185cm\/"},"modified":"2025-12-30T19:52:32","modified_gmt":"2025-12-30T19:52:32","slug":"large-velvet-rug-105x185cm","status":"publish","type":"product","link":"https:\/\/aromasentia.com\/de\/large-velvet-rug-105x185cm\/","title":{"rendered":"Large Velvet Rug &#8211; 105x185cm"},"content":{"rendered":"<p>Werfen Sie einen Blick auf unseren gro\u00dfen Samtteppich. Jeder Teppich wird in Indien handgewebt. Unsere sch\u00f6nen Gro\u00dfh\u00e4ndler Teppiche sind auch in den Gr\u00f6\u00dfen Medium und Small erh\u00e4ltlich und mit ihren leuchtenden Farben sind sicher, das Gespr\u00e4chsthema in jedem Raum zu sein.<\/p>\n<p>Diese Teppiche bringen Komfort und Stil zu Ihren Kunden nach Hause \/ B\u00fcro, aufgrund der Samt und Baumwolle Material verwendet, so dass robuste Oberfl\u00e4che auf den Teppich mit einer Weichheit Gef\u00fchl.<\/p>\n<p>Unsere Palette von Samt Teppiche werden Ihre Kunden zur Entspannung einladen, ein Drang, barfu\u00df zu gehen. Ganz zu schweigen vom Preis, der Ihnen einen zufriedenstellenden Gewinn beschert.<\/p>\n<p><strong>Diese farbenfrohen Teppiche m\u00fcssen Sie nur in Ihrem Gesch\u00e4ft\/auf Ihrer Website ausstellen, um die Aufmerksamkeit der Kunden auf sich zu ziehen.<\/p>\n<p><strong>Bitte beachten Sie: Die Farben k\u00f6nnen aufgrund der Beschaffenheit des Produkts variieren.<\/p>\n","protected":false},"excerpt":{"rendered":"<p>Werfen Sie einen Blick auf unseren gro\u00dfen Samtteppich. Jeder Teppich wird in Indien handgewebt. Unsere sch\u00f6nen Gro\u00dfh\u00e4ndler Teppiche sind auch in den Gr\u00f6\u00dfen Medium und Small erh\u00e4ltlich und mit ihren leuchtenden Farben sind sicher, das Gespr\u00e4chsthema in jedem Raum zu sein. Diese Teppiche bringen Komfort und Stil zu Ihren Kunden nach Hause \/ B\u00fcro, aufgrund [&hellip;]<\/p>\n","protected":false},"featured_media":381794,"comment_status":"closed","ping_status":"open","template":"","meta":{"_angie_page":false},"product_brand":[],"product_cat":[14451,16871,16872],"product_tag":[],"class_list":{"0":"post-227017","1":"product","2":"type-product","3":"status-publish","4":"has-post-thumbnail","6":"product_cat-haus-und-gartendeko","7":"product_cat-teppiche","8":"product_cat-textilien","9":"pa_collection-indian-rag-rugs-de","10":"pa_made-in-indien","12":"first","13":"instock","14":"purchasable","15":"product-type-simple"},"supplier_id":null,"supplier_sku":"Vrug-01","barcode":null,"atum_controlled":true,"out_stock_date":null,"out_stock_threshold":null,"inheritable":false,"inbound_stock":null,"stock_on_hold":0,"sold_today":0,"sales_last_days":0,"reserved_stock":null,"customer_returns":null,"warehouse_damage":null,"lost_in_post":null,"other_logs":null,"out_stock_days":0,"lost_sales":0,"has_location":null,"update_date":"2026-04-27T07:26:32","atum_locations":[],"atum_stock_status":"instock","restock_status":false,"low_stock_amount":"","sales_update_date":"2026-01-20T05:13:29","calc_backorders":null,"_links":{"self":[{"href":"https:\/\/aromasentia.com\/de\/wp-json\/wp\/v2\/product\/227017","targetHints":{"allow":["GET"]}}],"collection":[{"href":"https:\/\/aromasentia.com\/de\/wp-json\/wp\/v2\/product"}],"about":[{"href":"https:\/\/aromasentia.com\/de\/wp-json\/wp\/v2\/types\/product"}],"replies":[{"embeddable":true,"href":"https:\/\/aromasentia.com\/de\/wp-json\/wp\/v2\/comments?post=227017"}],"version-history":[{"count":0,"href":"https:\/\/aromasentia.com\/de\/wp-json\/wp\/v2\/product\/227017\/revisions"}],"wp:featuredmedia":[{"embeddable":true,"href":"https:\/\/aromasentia.com\/de\/wp-json\/wp\/v2\/media\/381794"}],"wp:attachment":[{"href":"https:\/\/aromasentia.com\/de\/wp-json\/wp\/v2\/media?parent=227017"}],"wp:term":[{"taxonomy":"product_brand","embeddable":true,"href":"https:\/\/aromasentia.com\/de\/wp-json\/wp\/v2\/product_brand?post=227017"},{"taxonomy":"product_cat","embeddable":true,"href":"https:\/\/aromasentia.com\/de\/wp-json\/wp\/v2\/product_cat?post=227017"},{"taxonomy":"product_tag","embeddable":true,"href":"https:\/\/aromasentia.com\/de\/wp-json\/wp\/v2\/product_tag?post=227017"}],"curies":[{"name":"wp","href":"https:\/\/api.w.org\/{rel}","templated":true}]}}